{"id":1347,"date":"2024-03-20T19:26:31","date_gmt":"2024-03-20T22:26:31","guid":{"rendered":"https:\/\/amplitudmodulada.com.ar\/?page_id=1347"},"modified":"2024-03-20T19:29:44","modified_gmt":"2024-03-20T22:29:44","slug":"radio0047","status":"publish","type":"page","link":"https:\/\/amplitudmodulada.com.ar\/index.php\/radio0047\/","title":{"rendered":"710 Khz. | LRA17 Radio Nacional Zapala"},"content":{"rendered":"\n<figure class=\"wp-block-image size-full\"><img loading=\"lazy\" decoding=\"async\" width=\"66\" height=\"60\" src=\"http:\/\/amplitudmodulada.com.ar\/wp-content\/uploads\/2024\/03\/0047-e1710973615558.png\" alt=\"\" class=\"wp-image-1349\"\/><\/figure>\n\n\n\n<figure class=\"wp-block-table\"><table><tbody><tr><td><img loading=\"lazy\" decoding=\"async\" width=\"20\" height=\"16\" class=\"wp-image-362\" style=\"width: 20px;\" src=\"http:\/\/amplitudmodulada.com.ar\/wp-content\/uploads\/2024\/01\/punto-e1705531001629.png\" alt=\"\"> Avenida San Mart\u00edn 200<\/td><\/tr><tr><td><img loading=\"lazy\" decoding=\"async\" width=\"20\" height=\"16\" class=\"wp-image-362\" style=\"width: 20px;\" src=\"http:\/\/amplitudmodulada.com.ar\/wp-content\/uploads\/2024\/01\/punto-e1705531001629.png\" alt=\"\"> (Q8340EYO) \u2013 Zapala \u2013 Neuqu\u00e9n<\/td><\/tr><tr><td><img loading=\"lazy\" decoding=\"async\" width=\"20\" height=\"16\" class=\"wp-image-362\" style=\"width: 20px;\" src=\"http:\/\/amplitudmodulada.com.ar\/wp-content\/uploads\/2024\/01\/punto-e1705531001629.png\" alt=\"\"> (02942) 42-1403<\/td><\/tr><tr><td><img loading=\"lazy\" decoding=\"async\" width=\"20\" height=\"16\" class=\"wp-image-362\" style=\"width: 20px;\" src=\"http:\/\/amplitudmodulada.com.ar\/wp-content\/uploads\/2024\/01\/punto-e1705531001629.png\" alt=\"\"> <a href=\"http:\/\/www.radionacional.com.ar\" data-type=\"link\" data-id=\"www.radionacional.com.ar\" target=\"_blank\" rel=\"noreferrer noopener\">www.radionacional.com.ar<\/a><\/td><\/tr><tr><td><img loading=\"lazy\" decoding=\"async\" width=\"20\" height=\"16\" class=\"wp-image-362\" style=\"width: 20px;\" src=\"http:\/\/amplitudmodulada.com.ar\/wp-content\/uploads\/2024\/01\/punto-e1705531001629.png\" alt=\"\"> Comenz\u00f3 a emitir el 21 de diciembre de 1967<\/td><\/tr><tr><td><img loading=\"lazy\" decoding=\"async\" width=\"20\" height=\"16\" class=\"wp-image-362\" style=\"width: 20px;\" src=\"http:\/\/amplitudmodulada.com.ar\/wp-content\/uploads\/2024\/01\/punto-e1705531001629.png\" alt=\"\"> Emisora operada por Radio y Televisi\u00f3n Argentina Sociedad del Estado<\/td><\/tr><\/tbody><\/table><\/figure>\n","protected":false},"excerpt":{"rendered":"<p>Avenida San Mart\u00edn 200 (Q8340EYO) \u2013 Zapala \u2013 Neuqu\u00e9n (02942) 42-1403 www.radionacional.com.ar Comenz\u00f3 a emitir el 21 de diciembre de 1967 Emisora operada por Radio y Televisi\u00f3n Argentina Sociedad del Estado<\/p>\n","protected":false},"author":1,"featured_media":0,"parent":0,"menu_order":0,"comment_status":"closed","ping_status":"closed","template":"","meta":{"footnotes":""},"class_list":["post-1347","page","type-page","status-publish","hentry"],"_links":{"self":[{"href":"https:\/\/amplitudmodulada.com.ar\/index.php\/wp-json\/wp\/v2\/pages\/1347","targetHints":{"allow":["GET"]}}],"collection":[{"href":"https:\/\/amplitudmodulada.com.ar\/index.php\/wp-json\/wp\/v2\/pages"}],"about":[{"href":"https:\/\/amplitudmodulada.com.ar\/index.php\/wp-json\/wp\/v2\/types\/page"}],"author":[{"embeddable":true,"href":"https:\/\/amplitudmodulada.com.ar\/index.php\/wp-json\/wp\/v2\/users\/1"}],"replies":[{"embeddable":true,"href":"https:\/\/amplitudmodulada.com.ar\/index.php\/wp-json\/wp\/v2\/comments?post=1347"}],"version-history":[{"count":2,"href":"https:\/\/amplitudmodulada.com.ar\/index.php\/wp-json\/wp\/v2\/pages\/1347\/revisions"}],"predecessor-version":[{"id":1351,"href":"https:\/\/amplitudmodulada.com.ar\/index.php\/wp-json\/wp\/v2\/pages\/1347\/revisions\/1351"}],"wp:attachment":[{"href":"https:\/\/amplitudmodulada.com.ar\/index.php\/wp-json\/wp\/v2\/media?parent=1347"}],"curies":[{"name":"wp","href":"https:\/\/api.w.org\/{rel}","templated":true}]}}