{"id":1353,"date":"2024-03-21T18:08:52","date_gmt":"2024-03-21T21:08:52","guid":{"rendered":"https:\/\/amplitudmodulada.com.ar\/?page_id=1353"},"modified":"2024-03-21T18:19:44","modified_gmt":"2024-03-21T21:19:44","slug":"noticia12932","status":"publish","type":"page","link":"https:\/\/amplitudmodulada.com.ar\/index.php\/noticia12932\/","title":{"rendered":"Radio Amanecer sufre un nuevo robo en su planta transmisora"},"content":{"rendered":"\n<figure class=\"wp-block-image size-full\"><img loading=\"lazy\" decoding=\"async\" width=\"180\" height=\"70\" src=\"http:\/\/amplitudmodulada.com.ar\/wp-content\/uploads\/2024\/03\/LRI371-e1711055484543.png\" alt=\"\" class=\"wp-image-1356\"\/><\/figure>\n\n\n\n<p>LRI371 Radio Amanecer de Reconquista, provincia de Santa Fe, fue v\u00edctima de un nuevo robo en su planta transmisora ubicada en Barrio N\u00fa Por\u00e1 de esa localidad.<\/p>\n\n\n\n<p>Seg\u00fan precisaron sus directivos, en esta oportunidad se llevaron un aire acondicionado tipo ventana y un grupo electr\u00f3geno industrial y adem\u00e1s fue destruido un equipo de Amplitud Modulada que la emisora ten\u00eda de repuesto.<\/p>\n\n\n\n<p>Para ingresar a la planta transmisora de Radio Amanecer, los delincuentes debieron romper un port\u00f3n de entrada y un cerco perimetral para acceder al equipamiento que luego sustrajeron.<\/p>\n\n\n\n<p>Se especula que la acci\u00f3n fue concretada por al menos cuatro individuos dado el peso de los equipos que robaron y un veh\u00edculo para el traslado de los mismos.<\/p>\n\n\n\n<p>Al lugar arrib\u00f3 personal policial que se encuentra abocado a la investigaci\u00f3n del hecho.<\/p>\n\n\n\n<p>Radio Amanecer sale al aire en 1290 Khz. y 92.7 Mhz.<\/p>\n\n\n\n<p>Fuente: <a href=\"http:\/\/www.radioamanecer.com.ar\" data-type=\"link\" data-id=\"www.radioamanecer.com.ar\" target=\"_blank\" rel=\"noreferrer noopener\">www.radioamanecer.com.ar<\/a> | Reconquista &#8211; Santa Fe | 28.02.24 <\/p>\n","protected":false},"excerpt":{"rendered":"<p>LRI371 Radio Amanecer de Reconquista, provincia de Santa Fe, fue v\u00edctima de un nuevo robo en su planta transmisora ubicada en Barrio N\u00fa Por\u00e1 de esa localidad. Seg\u00fan precisaron sus directivos, en esta oportunidad se llevaron un aire acondicionado tipo ventana y un grupo electr\u00f3geno industrial y adem\u00e1s fue destruido un equipo de Amplitud Modulada &hellip; <a href=\"https:\/\/amplitudmodulada.com.ar\/index.php\/noticia12932\/\" class=\"more-link\">Continu\u00e1 leyendo <span class=\"screen-reader-text\">Radio Amanecer sufre un nuevo robo en su planta transmisora<\/span><\/a><\/p>\n","protected":false},"author":1,"featured_media":0,"parent":0,"menu_order":0,"comment_status":"closed","ping_status":"closed","template":"","meta":{"footnotes":""},"class_list":["post-1353","page","type-page","status-publish","hentry"],"_links":{"self":[{"href":"https:\/\/amplitudmodulada.com.ar\/index.php\/wp-json\/wp\/v2\/pages\/1353","targetHints":{"allow":["GET"]}}],"collection":[{"href":"https:\/\/amplitudmodulada.com.ar\/index.php\/wp-json\/wp\/v2\/pages"}],"about":[{"href":"https:\/\/amplitudmodulada.com.ar\/index.php\/wp-json\/wp\/v2\/types\/page"}],"author":[{"embeddable":true,"href":"https:\/\/amplitudmodulada.com.ar\/index.php\/wp-json\/wp\/v2\/users\/1"}],"replies":[{"embeddable":true,"href":"https:\/\/amplitudmodulada.com.ar\/index.php\/wp-json\/wp\/v2\/comments?post=1353"}],"version-history":[{"count":2,"href":"https:\/\/amplitudmodulada.com.ar\/index.php\/wp-json\/wp\/v2\/pages\/1353\/revisions"}],"predecessor-version":[{"id":1357,"href":"https:\/\/amplitudmodulada.com.ar\/index.php\/wp-json\/wp\/v2\/pages\/1353\/revisions\/1357"}],"wp:attachment":[{"href":"https:\/\/amplitudmodulada.com.ar\/index.php\/wp-json\/wp\/v2\/media?parent=1353"}],"curies":[{"name":"wp","href":"https:\/\/api.w.org\/{rel}","templated":true}]}}