{"id":1418,"date":"2024-03-30T20:04:55","date_gmt":"2024-03-30T23:04:55","guid":{"rendered":"https:\/\/amplitudmodulada.com.ar\/?page_id=1418"},"modified":"2024-03-30T20:16:22","modified_gmt":"2024-03-30T23:16:22","slug":"noticia12940","status":"publish","type":"page","link":"https:\/\/amplitudmodulada.com.ar\/index.php\/noticia12940\/","title":{"rendered":"La Legislatura de Tierra del Fuego repudi\u00f3 la intervenci\u00f3n de los medios p\u00fablicos"},"content":{"rendered":"\n<figure class=\"wp-block-image size-full\"><img loading=\"lazy\" decoding=\"async\" width=\"112\" height=\"100\" src=\"http:\/\/amplitudmodulada.com.ar\/wp-content\/uploads\/2024\/02\/LRA24-e1708341825561.png\" alt=\"\" class=\"wp-image-939\"\/><\/figure>\n\n\n\n<p>La Legislatura de la Provincia de Tierra del Fuego, Ant\u00e1rtida e Islas del Atl\u00e1ntico Sur rechaz\u00f3 este lunes la intervenci\u00f3n de los medios p\u00fablicos dispuesta por el Poder Ejecutivo Nacional a trav\u00e9s del Decreto 111\/2024.<\/p>\n\n\n\n<p>A trav\u00e9s de una iniciativa de la legisladora Mar\u00eda Victoria Vuoto, el cuerpo legislativo aprob\u00f3 por mayor\u00eda el asunto 020\/2024, que detalla los alcances del decreto del Poder Ejecutivo Nacional que determina la intervenci\u00f3n de los medios p\u00fablicos y, adem\u00e1s, resalta la trayectoria en particular de LRA10 Radio Nacional Ushuaia e Islas Malvinas y LRA24 Radio Nacional R\u00edo Grande.<\/p>\n\n\n\n<p>En la fundamentaci\u00f3n, la legisladora destaca tambi\u00e9n la importancia de LRA36 Radio Nacional Arc\u00e1ngel San Gabriel, que emite desde la Base Esperanza de la Ant\u00e1rtida.<\/p>\n\n\n\n<p>&#8220;Es insoslayable aceptar y reconocer el accionar de las emisoras de Radio Nacional y el compromiso hist\u00f3rico de su personal en nuestra provincia&#8221;, se\u00f1ala la legisladora en los fundamentos de su iniciativa y destaca el alcance, que posibilita llegar &#8220;a todos los lugares con mensajes a los pobladores del campo, especialmente en los crudos meses de invierno, cuando solo llega la comunicaci\u00f3n radial&#8221;.<\/p>\n\n\n\n<p>En ese sentido, a\u00f1ade que desde julio de 2013, Radio Nacional R\u00edo Grande emite &#8220;un bolet\u00edn informativo de lunes a viernes despu\u00e9s de la medianoche en idioma ingl\u00e9s destinado a los pobladores de las Islas Malvinas&#8221;.<\/p>\n\n\n\n<p>Fuente: <a href=\"http:\/\/www.legistdf.gob.ar\" data-type=\"link\" data-id=\"www.legistdf.gob.ar\" target=\"_blank\" rel=\"noreferrer noopener\">www.legistdf.gob.ar<\/a> | R\u00edo Grande &#8211; Ushuaia | 04.03.24<\/p>\n","protected":false},"excerpt":{"rendered":"<p>La Legislatura de la Provincia de Tierra del Fuego, Ant\u00e1rtida e Islas del Atl\u00e1ntico Sur rechaz\u00f3 este lunes la intervenci\u00f3n de los medios p\u00fablicos dispuesta por el Poder Ejecutivo Nacional a trav\u00e9s del Decreto 111\/2024. A trav\u00e9s de una iniciativa de la legisladora Mar\u00eda Victoria Vuoto, el cuerpo legislativo aprob\u00f3 por mayor\u00eda el asunto 020\/2024, &hellip; <a href=\"https:\/\/amplitudmodulada.com.ar\/index.php\/noticia12940\/\" class=\"more-link\">Continu\u00e1 leyendo <span class=\"screen-reader-text\">La Legislatura de Tierra del Fuego repudi\u00f3 la intervenci\u00f3n de los medios p\u00fablicos<\/span><\/a><\/p>\n","protected":false},"author":1,"featured_media":0,"parent":0,"menu_order":0,"comment_status":"closed","ping_status":"closed","template":"","meta":{"footnotes":""},"class_list":["post-1418","page","type-page","status-publish","hentry"],"_links":{"self":[{"href":"https:\/\/amplitudmodulada.com.ar\/index.php\/wp-json\/wp\/v2\/pages\/1418","targetHints":{"allow":["GET"]}}],"collection":[{"href":"https:\/\/amplitudmodulada.com.ar\/index.php\/wp-json\/wp\/v2\/pages"}],"about":[{"href":"https:\/\/amplitudmodulada.com.ar\/index.php\/wp-json\/wp\/v2\/types\/page"}],"author":[{"embeddable":true,"href":"https:\/\/amplitudmodulada.com.ar\/index.php\/wp-json\/wp\/v2\/users\/1"}],"replies":[{"embeddable":true,"href":"https:\/\/amplitudmodulada.com.ar\/index.php\/wp-json\/wp\/v2\/comments?post=1418"}],"version-history":[{"count":3,"href":"https:\/\/amplitudmodulada.com.ar\/index.php\/wp-json\/wp\/v2\/pages\/1418\/revisions"}],"predecessor-version":[{"id":1423,"href":"https:\/\/amplitudmodulada.com.ar\/index.php\/wp-json\/wp\/v2\/pages\/1418\/revisions\/1423"}],"wp:attachment":[{"href":"https:\/\/amplitudmodulada.com.ar\/index.php\/wp-json\/wp\/v2\/media?parent=1418"}],"curies":[{"name":"wp","href":"https:\/\/api.w.org\/{rel}","templated":true}]}}