{"id":1439,"date":"2024-03-31T12:23:17","date_gmt":"2024-03-31T15:23:17","guid":{"rendered":"https:\/\/amplitudmodulada.com.ar\/?page_id=1439"},"modified":"2024-03-31T12:29:47","modified_gmt":"2024-03-31T15:29:47","slug":"noticia12942","status":"publish","type":"page","link":"https:\/\/amplitudmodulada.com.ar\/index.php\/noticia12942\/","title":{"rendered":"Parte de la programaci\u00f3n de Radio Perfil se emitir\u00e1 a trav\u00e9s de la se\u00f1al de LV5 Radio Sarmiento"},"content":{"rendered":"\n<figure class=\"wp-block-image size-full\"><img loading=\"lazy\" decoding=\"async\" width=\"180\" height=\"66\" src=\"http:\/\/amplitudmodulada.com.ar\/wp-content\/uploads\/2024\/03\/LV5-e1709399320615.jpg\" alt=\"\" class=\"wp-image-1101\"\/><\/figure>\n\n\n\n<p>Luego de un acuerdo firmado por autoridades de ambas emisoras, qued\u00f3 confirmado que parte de la programaci\u00f3n de LR9 Radio Perfil saldr\u00e1 al aire en la provincia de San Juan a trav\u00e9s de la se\u00f1al de LV5 Radio Sarmiento.<\/p>\n\n\n\n<p>Uno de los programas de Radio Perfil que retransmitir\u00e1 Radio Sarmiento ser\u00e1 &#8220;Modo Fontevecchia&#8221;, que cuenta con la conducci\u00f3n del periodista Jorge Fontevecchia, director del diario Perfil.<\/p>\n\n\n\n<p>Radio Sarmiento, en tanto, continuar\u00e1 con su programaci\u00f3n habitual, que tiene como platos fuertes la primera ma\u00f1ana informativa con &#8220;Acento en la Noticia&#8221; y el magazine central &#8220;Demasiada Informaci\u00f3n&#8221;, con la conducci\u00f3n de Julio Turcum\u00e1n y Marcela Sosa.<\/p>\n\n\n\n<p>Fuente: <a href=\"http:\/\/www.tiempodesanjuan.com\" data-type=\"link\" data-id=\"www.tiempodesanjuan.com\" target=\"_blank\" rel=\"noreferrer noopener\">www.tiempodesanjuan.com<\/a> | San Juan &#8211; San Juan | 04.03.24<\/p>\n","protected":false},"excerpt":{"rendered":"<p>Luego de un acuerdo firmado por autoridades de ambas emisoras, qued\u00f3 confirmado que parte de la programaci\u00f3n de LR9 Radio Perfil saldr\u00e1 al aire en la provincia de San Juan a trav\u00e9s de la se\u00f1al de LV5 Radio Sarmiento. Uno de los programas de Radio Perfil que retransmitir\u00e1 Radio Sarmiento ser\u00e1 &#8220;Modo Fontevecchia&#8221;, que cuenta &hellip; <a href=\"https:\/\/amplitudmodulada.com.ar\/index.php\/noticia12942\/\" class=\"more-link\">Continu\u00e1 leyendo <span class=\"screen-reader-text\">Parte de la programaci\u00f3n de Radio Perfil se emitir\u00e1 a trav\u00e9s de la se\u00f1al de LV5 Radio Sarmiento<\/span><\/a><\/p>\n","protected":false},"author":1,"featured_media":0,"parent":0,"menu_order":0,"comment_status":"closed","ping_status":"closed","template":"","meta":{"footnotes":""},"class_list":["post-1439","page","type-page","status-publish","hentry"],"_links":{"self":[{"href":"https:\/\/amplitudmodulada.com.ar\/index.php\/wp-json\/wp\/v2\/pages\/1439","targetHints":{"allow":["GET"]}}],"collection":[{"href":"https:\/\/amplitudmodulada.com.ar\/index.php\/wp-json\/wp\/v2\/pages"}],"about":[{"href":"https:\/\/amplitudmodulada.com.ar\/index.php\/wp-json\/wp\/v2\/types\/page"}],"author":[{"embeddable":true,"href":"https:\/\/amplitudmodulada.com.ar\/index.php\/wp-json\/wp\/v2\/users\/1"}],"replies":[{"embeddable":true,"href":"https:\/\/amplitudmodulada.com.ar\/index.php\/wp-json\/wp\/v2\/comments?post=1439"}],"version-history":[{"count":3,"href":"https:\/\/amplitudmodulada.com.ar\/index.php\/wp-json\/wp\/v2\/pages\/1439\/revisions"}],"predecessor-version":[{"id":1443,"href":"https:\/\/amplitudmodulada.com.ar\/index.php\/wp-json\/wp\/v2\/pages\/1439\/revisions\/1443"}],"wp:attachment":[{"href":"https:\/\/amplitudmodulada.com.ar\/index.php\/wp-json\/wp\/v2\/media?parent=1439"}],"curies":[{"name":"wp","href":"https:\/\/api.w.org\/{rel}","templated":true}]}}