{"id":1536,"date":"2024-04-02T17:22:06","date_gmt":"2024-04-02T20:22:06","guid":{"rendered":"https:\/\/amplitudmodulada.com.ar\/?page_id=1536"},"modified":"2024-04-02T17:22:22","modified_gmt":"2024-04-02T20:22:22","slug":"noticia12949","status":"publish","type":"page","link":"https:\/\/amplitudmodulada.com.ar\/index.php\/noticia12949\/","title":{"rendered":"Trabajadores de LT11 Radio Nacional General Francisco Ram\u00edrez realizar\u00e1n una radio abierta"},"content":{"rendered":"\n<figure class=\"wp-block-image size-full\"><img loading=\"lazy\" decoding=\"async\" width=\"153\" height=\"100\" src=\"http:\/\/amplitudmodulada.com.ar\/wp-content\/uploads\/2024\/03\/LT11-e1711215099430.png\" alt=\"\" class=\"wp-image-1380\"\/><\/figure>\n\n\n\n<p>Trabajadores de LT11 Radio Nacional General Francisco Ram\u00edrez de Concepci\u00f3n del Uruguay realizar\u00e1n un radio abierta el pr\u00f3ximo martes 12 de marzo para informar a la ciudadan\u00eda de la grave situaci\u00f3n que atraviesan.<\/p>\n\n\n\n<p>\u201cLa ley \u00f3mnibus, que pretend\u00eda privatizar los medios p\u00fablicos, se cay\u00f3, pero ahora el gobierno nacional cerr\u00f3 T\u00e9lam y dej\u00f3 a cientos de compa\u00f1eros y compa\u00f1eras en la calle. Luego de T\u00e9lam van por los medios p\u00fablicos. La lucha de T\u00e9lam es la lucha de todos\u201d, se\u00f1alan los trabajadores de Radio Nacional General Francisco Ram\u00edrez en un comunicado.<\/p>\n\n\n\n<p>En el caso de Radio Nacional, explican que \u201chan sido cesanteados quinientos trabajadores contratados precarizados en todo el pa\u00eds (cinco de ellos en LT11) y a\u00fan no fueron reincorporados\u201d y recordaron que esos trabajadores \u201csufren este fraude laboral que se instaur\u00f3 en la empresa hace m\u00e1s de diez a\u00f1os y que todos los gobiernos han avalado, paviment\u00e1ndole a Milei el camino para despedirlos\u201d.<\/p>\n\n\n\n<p>\u201cLos salarios han sido destruidos. A la enorme ca\u00edda salarial que ven\u00edamos sufriendo, el golpe devaluatorio y la inflaci\u00f3n que no deja de subir nos ha llevado a perder la mitad del poder adquisitivo. La mayor\u00eda de los b\u00e1sicos est\u00e1n un 50% por debajo de la l\u00ednea de pobreza, es decir levemente por arriba de la l\u00ednea de indigencia\u201d, a\u00f1adieron.<\/p>\n\n\n\n<p>La radio abierta se concretar\u00e1 el pr\u00f3ximo martes en Plaza San Mart\u00edn a partir de las 9.30 horas.<\/p>\n\n\n\n<p>Fuente:&nbsp;<a href=\"http:\/\/www.elmiercolesdigital.com.ar\/\" target=\"_blank\" rel=\"noreferrer noopener\">www.elmiercolesdigital.com.ar<\/a>&nbsp;| Concepci\u00f3n del Uruguay \u2013 Entre R\u00edos | 05.03.24<\/p>\n\n\n\n<p><\/p>\n","protected":false},"excerpt":{"rendered":"<p>Trabajadores de LT11 Radio Nacional General Francisco Ram\u00edrez de Concepci\u00f3n del Uruguay realizar\u00e1n un radio abierta el pr\u00f3ximo martes 12 de marzo para informar a la ciudadan\u00eda de la grave situaci\u00f3n que atraviesan. \u201cLa ley \u00f3mnibus, que pretend\u00eda privatizar los medios p\u00fablicos, se cay\u00f3, pero ahora el gobierno nacional cerr\u00f3 T\u00e9lam y dej\u00f3 a cientos &hellip; <a href=\"https:\/\/amplitudmodulada.com.ar\/index.php\/noticia12949\/\" class=\"more-link\">Continu\u00e1 leyendo <span class=\"screen-reader-text\">Trabajadores de LT11 Radio Nacional General Francisco Ram\u00edrez realizar\u00e1n una radio abierta<\/span><\/a><\/p>\n","protected":false},"author":1,"featured_media":0,"parent":0,"menu_order":0,"comment_status":"closed","ping_status":"closed","template":"","meta":{"footnotes":""},"class_list":["post-1536","page","type-page","status-publish","hentry"],"_links":{"self":[{"href":"https:\/\/amplitudmodulada.com.ar\/index.php\/wp-json\/wp\/v2\/pages\/1536","targetHints":{"allow":["GET"]}}],"collection":[{"href":"https:\/\/amplitudmodulada.com.ar\/index.php\/wp-json\/wp\/v2\/pages"}],"about":[{"href":"https:\/\/amplitudmodulada.com.ar\/index.php\/wp-json\/wp\/v2\/types\/page"}],"author":[{"embeddable":true,"href":"https:\/\/amplitudmodulada.com.ar\/index.php\/wp-json\/wp\/v2\/users\/1"}],"replies":[{"embeddable":true,"href":"https:\/\/amplitudmodulada.com.ar\/index.php\/wp-json\/wp\/v2\/comments?post=1536"}],"version-history":[{"count":1,"href":"https:\/\/amplitudmodulada.com.ar\/index.php\/wp-json\/wp\/v2\/pages\/1536\/revisions"}],"predecessor-version":[{"id":1538,"href":"https:\/\/amplitudmodulada.com.ar\/index.php\/wp-json\/wp\/v2\/pages\/1536\/revisions\/1538"}],"wp:attachment":[{"href":"https:\/\/amplitudmodulada.com.ar\/index.php\/wp-json\/wp\/v2\/media?parent=1536"}],"curies":[{"name":"wp","href":"https:\/\/api.w.org\/{rel}","templated":true}]}}