{"id":1606,"date":"2024-04-07T13:56:45","date_gmt":"2024-04-07T16:56:45","guid":{"rendered":"https:\/\/amplitudmodulada.com.ar\/?page_id=1606"},"modified":"2024-04-07T14:08:47","modified_gmt":"2024-04-07T17:08:47","slug":"noticia12958","status":"publish","type":"page","link":"https:\/\/amplitudmodulada.com.ar\/index.php\/noticia12958\/","title":{"rendered":"Sale al aire una nueva emisora de Frecuencia Modulada en la Ciudad de Buenos Aires"},"content":{"rendered":"\n<figure class=\"wp-block-image size-full\"><img loading=\"lazy\" decoding=\"async\" width=\"100\" height=\"100\" src=\"http:\/\/amplitudmodulada.com.ar\/wp-content\/uploads\/2024\/04\/fmre-e1712509028907.png\" alt=\"\" class=\"wp-image-1608\"\/><\/figure>\n\n\n\n<p>Seg\u00fan destaca este lunes el sitio de Facebook Argentina en AM y FM, comenz\u00f3 a emitir en los \u00faltimos d\u00edas en el \u00e1mbito de la Ciudad de Buenos Aires en 107.3 Mhz. una nueva emisora denominada FM Re.<\/p>\n\n\n\n<p>En ese frecuencia sal\u00eda al aire hasta hace algunos d\u00edas El Destape Radio, que ahora lo hace \u00fanicamente en 1070 Khz.<\/p>\n\n\n\n<p>Argentina en AM y FM recuerda que la frecuencia de 107.3 Mhz. fue adjudicada a trav\u00e9s de la Resoluci\u00f3n 2192\/2019 de la Autoridad Federal de Servicios de Comunicaci\u00f3n Audiovisual a Rub\u00e9n Sergio Ram\u00edrez, quien durante a\u00f1os alquil\u00f3 la frecuencia a El Talar Producciones Sociedad An\u00f3nima, quien gerencia los contenidos de El Destape Radio. <\/p>\n\n\n\n<p>11.03.24<\/p>\n","protected":false},"excerpt":{"rendered":"<p>Seg\u00fan destaca este lunes el sitio de Facebook Argentina en AM y FM, comenz\u00f3 a emitir en los \u00faltimos d\u00edas en el \u00e1mbito de la Ciudad de Buenos Aires en 107.3 Mhz. una nueva emisora denominada FM Re. En ese frecuencia sal\u00eda al aire hasta hace algunos d\u00edas El Destape Radio, que ahora lo hace &hellip; <a href=\"https:\/\/amplitudmodulada.com.ar\/index.php\/noticia12958\/\" class=\"more-link\">Continu\u00e1 leyendo <span class=\"screen-reader-text\">Sale al aire una nueva emisora de Frecuencia Modulada en la Ciudad de Buenos Aires<\/span><\/a><\/p>\n","protected":false},"author":1,"featured_media":0,"parent":0,"menu_order":0,"comment_status":"closed","ping_status":"closed","template":"","meta":{"footnotes":""},"class_list":["post-1606","page","type-page","status-publish","hentry"],"_links":{"self":[{"href":"https:\/\/amplitudmodulada.com.ar\/index.php\/wp-json\/wp\/v2\/pages\/1606","targetHints":{"allow":["GET"]}}],"collection":[{"href":"https:\/\/amplitudmodulada.com.ar\/index.php\/wp-json\/wp\/v2\/pages"}],"about":[{"href":"https:\/\/amplitudmodulada.com.ar\/index.php\/wp-json\/wp\/v2\/types\/page"}],"author":[{"embeddable":true,"href":"https:\/\/amplitudmodulada.com.ar\/index.php\/wp-json\/wp\/v2\/users\/1"}],"replies":[{"embeddable":true,"href":"https:\/\/amplitudmodulada.com.ar\/index.php\/wp-json\/wp\/v2\/comments?post=1606"}],"version-history":[{"count":4,"href":"https:\/\/amplitudmodulada.com.ar\/index.php\/wp-json\/wp\/v2\/pages\/1606\/revisions"}],"predecessor-version":[{"id":1612,"href":"https:\/\/amplitudmodulada.com.ar\/index.php\/wp-json\/wp\/v2\/pages\/1606\/revisions\/1612"}],"wp:attachment":[{"href":"https:\/\/amplitudmodulada.com.ar\/index.php\/wp-json\/wp\/v2\/media?parent=1606"}],"curies":[{"name":"wp","href":"https:\/\/api.w.org\/{rel}","templated":true}]}}