{"id":1803,"date":"2024-04-26T16:25:17","date_gmt":"2024-04-26T19:25:17","guid":{"rendered":"https:\/\/amplitudmodulada.com.ar\/?page_id=1803"},"modified":"2024-04-26T16:55:31","modified_gmt":"2024-04-26T19:55:31","slug":"noticia12981","status":"publish","type":"page","link":"https:\/\/amplitudmodulada.com.ar\/index.php\/noticia12981\/","title":{"rendered":"Durante el fin de semana largo Radio Nacional solo tendr\u00e1 un operador y un locutor de turno"},"content":{"rendered":"\n<figure class=\"wp-block-image size-full\"><img loading=\"lazy\" decoding=\"async\" width=\"138\" height=\"100\" src=\"http:\/\/amplitudmodulada.com.ar\/wp-content\/uploads\/2024\/01\/LRA-e1704493215157.png\" alt=\"\" class=\"wp-image-8\"\/><\/figure>\n\n\n\n<p>Seg\u00fan inform\u00f3 el periodista Pablo Montagna a trav\u00e9s de la red social X, durante el fin de semana extra largo, que comenzar\u00e1 pasado ma\u00f1ana, Radio Nacional estar\u00e1 en vivo las veinticuatro horas el jueves, viernes, lunes y martes solamente con un operador y un locutor de turno.<\/p>\n\n\n\n<p>En tanto, el s\u00e1bado y el domingo se emitir\u00e1 la programaci\u00f3n habitual que incluir\u00e1 las habituales transmisiones de f\u00fatbol.<\/p>\n\n\n\n<p>El recorte horario se produce en el marco de un profundo ajuste que sufre Radio Nacional y la incertidumbre acerca del futuro de esa emisora.<\/p>\n\n\n\n<p>26.03.24<\/p>\n","protected":false},"excerpt":{"rendered":"<p>Seg\u00fan inform\u00f3 el periodista Pablo Montagna a trav\u00e9s de la red social X, durante el fin de semana extra largo, que comenzar\u00e1 pasado ma\u00f1ana, Radio Nacional estar\u00e1 en vivo las veinticuatro horas el jueves, viernes, lunes y martes solamente con un operador y un locutor de turno. En tanto, el s\u00e1bado y el domingo se &hellip; <a href=\"https:\/\/amplitudmodulada.com.ar\/index.php\/noticia12981\/\" class=\"more-link\">Continu\u00e1 leyendo <span class=\"screen-reader-text\">Durante el fin de semana largo Radio Nacional solo tendr\u00e1 un operador y un locutor de turno<\/span><\/a><\/p>\n","protected":false},"author":1,"featured_media":0,"parent":0,"menu_order":0,"comment_status":"closed","ping_status":"closed","template":"","meta":{"footnotes":""},"class_list":["post-1803","page","type-page","status-publish","hentry"],"_links":{"self":[{"href":"https:\/\/amplitudmodulada.com.ar\/index.php\/wp-json\/wp\/v2\/pages\/1803","targetHints":{"allow":["GET"]}}],"collection":[{"href":"https:\/\/amplitudmodulada.com.ar\/index.php\/wp-json\/wp\/v2\/pages"}],"about":[{"href":"https:\/\/amplitudmodulada.com.ar\/index.php\/wp-json\/wp\/v2\/types\/page"}],"author":[{"embeddable":true,"href":"https:\/\/amplitudmodulada.com.ar\/index.php\/wp-json\/wp\/v2\/users\/1"}],"replies":[{"embeddable":true,"href":"https:\/\/amplitudmodulada.com.ar\/index.php\/wp-json\/wp\/v2\/comments?post=1803"}],"version-history":[{"count":4,"href":"https:\/\/amplitudmodulada.com.ar\/index.php\/wp-json\/wp\/v2\/pages\/1803\/revisions"}],"predecessor-version":[{"id":1810,"href":"https:\/\/amplitudmodulada.com.ar\/index.php\/wp-json\/wp\/v2\/pages\/1803\/revisions\/1810"}],"wp:attachment":[{"href":"https:\/\/amplitudmodulada.com.ar\/index.php\/wp-json\/wp\/v2\/media?parent=1803"}],"curies":[{"name":"wp","href":"https:\/\/api.w.org\/{rel}","templated":true}]}}