{"id":1867,"date":"2024-05-05T14:12:57","date_gmt":"2024-05-05T17:12:57","guid":{"rendered":"https:\/\/amplitudmodulada.com.ar\/?page_id=1867"},"modified":"2024-05-05T14:24:27","modified_gmt":"2024-05-05T17:24:27","slug":"noticia12987","status":"publish","type":"page","link":"https:\/\/amplitudmodulada.com.ar\/index.php\/noticia12987\/","title":{"rendered":"Efectivos policiales custodian la sede del Ente Nacional de Comunicaciones en la ciudad de Corrientes"},"content":{"rendered":"\n<figure class=\"wp-block-image size-full\"><img loading=\"lazy\" decoding=\"async\" width=\"233\" height=\"50\" src=\"http:\/\/amplitudmodulada.com.ar\/wp-content\/uploads\/2024\/01\/enacom-e1705526882784.jpg\" alt=\"\" class=\"wp-image-354\"\/><\/figure>\n\n\n\n<p>Momentos de tensi\u00f3n se vivieron este viernes en la sede del Ente Nacional de Comunicaciones en la ciudad de Corrientes ante la presencia de efectivos policiales en su puerta.<\/p>\n\n\n\n<p>Desde las primeras horas de la ma\u00f1ana de este viernes miembros de la Polic\u00eda Federal luego de que los gremios que representan a trabajadores estatales anunciaron que entrar\u00e1n a sus lugares de trabajo por la fuerza.<\/p>\n\n\n\n<p>En la sede de la capital correntina del Ente Nacional de Comunicaciones fueron despedidos once trabajadores.<\/p>\n\n\n\n<p>Fuente: <a href=\"http:\/\/www.ellitoral.com.ar\" data-type=\"link\" data-id=\"www.ellitoral.com.ar\" target=\"_blank\" rel=\"noreferrer noopener\">www.ellitoral.com.ar<\/a> | Corrientes &#8211; Corrientes | 29.03.24<\/p>\n","protected":false},"excerpt":{"rendered":"<p>Momentos de tensi\u00f3n se vivieron este viernes en la sede del Ente Nacional de Comunicaciones en la ciudad de Corrientes ante la presencia de efectivos policiales en su puerta. Desde las primeras horas de la ma\u00f1ana de este viernes miembros de la Polic\u00eda Federal luego de que los gremios que representan a trabajadores estatales anunciaron &hellip; <a href=\"https:\/\/amplitudmodulada.com.ar\/index.php\/noticia12987\/\" class=\"more-link\">Continu\u00e1 leyendo <span class=\"screen-reader-text\">Efectivos policiales custodian la sede del Ente Nacional de Comunicaciones en la ciudad de Corrientes<\/span><\/a><\/p>\n","protected":false},"author":1,"featured_media":0,"parent":0,"menu_order":0,"comment_status":"closed","ping_status":"closed","template":"","meta":{"footnotes":""},"class_list":["post-1867","page","type-page","status-publish","hentry"],"_links":{"self":[{"href":"https:\/\/amplitudmodulada.com.ar\/index.php\/wp-json\/wp\/v2\/pages\/1867","targetHints":{"allow":["GET"]}}],"collection":[{"href":"https:\/\/amplitudmodulada.com.ar\/index.php\/wp-json\/wp\/v2\/pages"}],"about":[{"href":"https:\/\/amplitudmodulada.com.ar\/index.php\/wp-json\/wp\/v2\/types\/page"}],"author":[{"embeddable":true,"href":"https:\/\/amplitudmodulada.com.ar\/index.php\/wp-json\/wp\/v2\/users\/1"}],"replies":[{"embeddable":true,"href":"https:\/\/amplitudmodulada.com.ar\/index.php\/wp-json\/wp\/v2\/comments?post=1867"}],"version-history":[{"count":2,"href":"https:\/\/amplitudmodulada.com.ar\/index.php\/wp-json\/wp\/v2\/pages\/1867\/revisions"}],"predecessor-version":[{"id":1870,"href":"https:\/\/amplitudmodulada.com.ar\/index.php\/wp-json\/wp\/v2\/pages\/1867\/revisions\/1870"}],"wp:attachment":[{"href":"https:\/\/amplitudmodulada.com.ar\/index.php\/wp-json\/wp\/v2\/media?parent=1867"}],"curies":[{"name":"wp","href":"https:\/\/api.w.org\/{rel}","templated":true}]}}