{"id":2004,"date":"2024-05-14T17:46:20","date_gmt":"2024-05-14T20:46:20","guid":{"rendered":"https:\/\/amplitudmodulada.com.ar\/?page_id=2004"},"modified":"2024-05-14T17:56:51","modified_gmt":"2024-05-14T20:56:51","slug":"noticia13007","status":"publish","type":"page","link":"https:\/\/amplitudmodulada.com.ar\/index.php\/noticia13007\/","title":{"rendered":"Fallece el locutor V\u00edctor Hugo Tenaguillo"},"content":{"rendered":"\n<figure class=\"wp-block-image size-full\"><img loading=\"lazy\" decoding=\"async\" width=\"154\" height=\"75\" src=\"http:\/\/amplitudmodulada.com.ar\/wp-content\/uploads\/2024\/05\/LV26.png\" alt=\"\" class=\"wp-image-2007\"\/><\/figure>\n\n\n\n<p>A los 73 a\u00f1os de edad, falleci\u00f3 en la ma\u00f1ana de este jueves el reconocido locutor de R\u00edo Tercero V\u00edctor Hugo Tenaguillo, uno de los pioneros de la radiodifusi\u00f3n en esa ciudad.<\/p>\n\n\n\n<p>Conocido como &#8220;El Gallego&#8221;, fue parte de una gran legi\u00f3n de locutores que le dieron impulso a LV26 Radio R\u00edo Tercero, la radio pionera de la ciudad y la regi\u00f3n, fundada en 1972.<\/p>\n\n\n\n<p>Durante m\u00e1s de cuatro d\u00e9cadas se desempe\u00f1\u00f3 en esa emisora, donde form\u00f3 parte de varios programas y es recordado por su ciclo de m\u00fasica folcl\u00f3rica &#8220;Los Nuestros&#8221;.<\/p>\n\n\n\n<p>Tambi\u00e9n tuvo participaci\u00f3n en las transmisiones de f\u00fatbol de Radio R\u00edo Tercero. <\/p>\n\n\n\n<p>Fuente: <a href=\"http:\/\/www.lavoz.com.ar\" data-type=\"link\" data-id=\"www.lavoz.com.ar\" target=\"_blank\" rel=\"noreferrer noopener\">www.lavoz.com.ar<\/a> | C\u00f3rdoba &#8211; C\u00f3rdoba | 05.04.24<\/p>\n","protected":false},"excerpt":{"rendered":"<p>A los 73 a\u00f1os de edad, falleci\u00f3 en la ma\u00f1ana de este jueves el reconocido locutor de R\u00edo Tercero V\u00edctor Hugo Tenaguillo, uno de los pioneros de la radiodifusi\u00f3n en esa ciudad. Conocido como &#8220;El Gallego&#8221;, fue parte de una gran legi\u00f3n de locutores que le dieron impulso a LV26 Radio R\u00edo Tercero, la radio &hellip; <a href=\"https:\/\/amplitudmodulada.com.ar\/index.php\/noticia13007\/\" class=\"more-link\">Continu\u00e1 leyendo <span class=\"screen-reader-text\">Fallece el locutor V\u00edctor Hugo Tenaguillo<\/span><\/a><\/p>\n","protected":false},"author":1,"featured_media":0,"parent":0,"menu_order":0,"comment_status":"closed","ping_status":"closed","template":"","meta":{"footnotes":""},"class_list":["post-2004","page","type-page","status-publish","hentry"],"_links":{"self":[{"href":"https:\/\/amplitudmodulada.com.ar\/index.php\/wp-json\/wp\/v2\/pages\/2004","targetHints":{"allow":["GET"]}}],"collection":[{"href":"https:\/\/amplitudmodulada.com.ar\/index.php\/wp-json\/wp\/v2\/pages"}],"about":[{"href":"https:\/\/amplitudmodulada.com.ar\/index.php\/wp-json\/wp\/v2\/types\/page"}],"author":[{"embeddable":true,"href":"https:\/\/amplitudmodulada.com.ar\/index.php\/wp-json\/wp\/v2\/users\/1"}],"replies":[{"embeddable":true,"href":"https:\/\/amplitudmodulada.com.ar\/index.php\/wp-json\/wp\/v2\/comments?post=2004"}],"version-history":[{"count":2,"href":"https:\/\/amplitudmodulada.com.ar\/index.php\/wp-json\/wp\/v2\/pages\/2004\/revisions"}],"predecessor-version":[{"id":2008,"href":"https:\/\/amplitudmodulada.com.ar\/index.php\/wp-json\/wp\/v2\/pages\/2004\/revisions\/2008"}],"wp:attachment":[{"href":"https:\/\/amplitudmodulada.com.ar\/index.php\/wp-json\/wp\/v2\/media?parent=2004"}],"curies":[{"name":"wp","href":"https:\/\/api.w.org\/{rel}","templated":true}]}}