{"id":2045,"date":"2024-05-18T20:06:25","date_gmt":"2024-05-18T23:06:25","guid":{"rendered":"https:\/\/amplitudmodulada.com.ar\/?page_id=2045"},"modified":"2024-05-18T20:16:59","modified_gmt":"2024-05-18T23:16:59","slug":"noticia13010","status":"publish","type":"page","link":"https:\/\/amplitudmodulada.com.ar\/index.php\/noticia13010\/","title":{"rendered":"Se sumar\u00e1n a un recurso de amparo trabajadores de la delegaci\u00f3n San Juan del Ente Nacional de Comunicaciones"},"content":{"rendered":"\n<figure class=\"wp-block-image size-full\"><img loading=\"lazy\" decoding=\"async\" width=\"233\" height=\"50\" src=\"http:\/\/amplitudmodulada.com.ar\/wp-content\/uploads\/2024\/01\/enacom-e1705526882784.jpg\" alt=\"\" class=\"wp-image-354\"\/><\/figure>\n\n\n\n<p>Los trabajadores de la delegaci\u00f3n San Juan del Ente Nacional de Comunicaciones se sumar\u00e1n a un recurso de amparo colectivo presentado por la Uni\u00f3n Personal Civil de la Naci\u00f3n.<\/p>\n\n\n\n<p>&#8220;Ayer el secretario general a nivel nacional de UPCN, Andr\u00e9s Rodr\u00edguez, present\u00f3 ante un juzgado laboral un recurso de amparo colectivo y en la pr\u00f3ximas horas vamos a estar adhiri\u00e9ndonos cada uno de los trabajadores a este recurso de amparo&#8221;, explic\u00f3 Daniel Solar, empleado de la delegaci\u00f3n San Juan del Ente Nacional de Comunicaciones.<\/p>\n\n\n\n<p>En ese sentido, asegur\u00f3 que &#8220;es lo \u00fanico que podemos hacer porque el d\u00eda mi\u00e9rcoles pasado nos enteramos, algunos por la prensa y otros por los grupos de Whatsapp, que iban a publicar en el Bolet\u00edn Oficial la resoluci\u00f3n conjunta de la intervenci\u00f3n del ENACOM, por el cual se daban de baja todas las delegaciones&#8221;.<\/p>\n\n\n\n<p>&#8220;Ayer comenzaron a llegar los telegramas. Yo tengo trece a\u00f1os de antig\u00fcedad y la mayor\u00eda est\u00e1 por ah\u00ed. Hay personas con veinte a\u00f1os&#8221;, a\u00f1adi\u00f3.<\/p>\n\n\n\n<p>Fuente: <a href=\"http:\/\/www.diariolaprovinciasj.com\" data-type=\"link\" data-id=\"www.diariolaprovinciasj.com\" target=\"_blank\" rel=\"noreferrer noopener\">www.diariolaprovinciasj.com<\/a> | San Juan &#8211; San Juan | 05.04.24<\/p>\n","protected":false},"excerpt":{"rendered":"<p>Los trabajadores de la delegaci\u00f3n San Juan del Ente Nacional de Comunicaciones se sumar\u00e1n a un recurso de amparo colectivo presentado por la Uni\u00f3n Personal Civil de la Naci\u00f3n. &#8220;Ayer el secretario general a nivel nacional de UPCN, Andr\u00e9s Rodr\u00edguez, present\u00f3 ante un juzgado laboral un recurso de amparo colectivo y en la pr\u00f3ximas horas &hellip; <a href=\"https:\/\/amplitudmodulada.com.ar\/index.php\/noticia13010\/\" class=\"more-link\">Continu\u00e1 leyendo <span class=\"screen-reader-text\">Se sumar\u00e1n a un recurso de amparo trabajadores de la delegaci\u00f3n San Juan del Ente Nacional de Comunicaciones<\/span><\/a><\/p>\n","protected":false},"author":1,"featured_media":0,"parent":0,"menu_order":0,"comment_status":"closed","ping_status":"closed","template":"","meta":{"footnotes":""},"class_list":["post-2045","page","type-page","status-publish","hentry"],"_links":{"self":[{"href":"https:\/\/amplitudmodulada.com.ar\/index.php\/wp-json\/wp\/v2\/pages\/2045","targetHints":{"allow":["GET"]}}],"collection":[{"href":"https:\/\/amplitudmodulada.com.ar\/index.php\/wp-json\/wp\/v2\/pages"}],"about":[{"href":"https:\/\/amplitudmodulada.com.ar\/index.php\/wp-json\/wp\/v2\/types\/page"}],"author":[{"embeddable":true,"href":"https:\/\/amplitudmodulada.com.ar\/index.php\/wp-json\/wp\/v2\/users\/1"}],"replies":[{"embeddable":true,"href":"https:\/\/amplitudmodulada.com.ar\/index.php\/wp-json\/wp\/v2\/comments?post=2045"}],"version-history":[{"count":2,"href":"https:\/\/amplitudmodulada.com.ar\/index.php\/wp-json\/wp\/v2\/pages\/2045\/revisions"}],"predecessor-version":[{"id":2048,"href":"https:\/\/amplitudmodulada.com.ar\/index.php\/wp-json\/wp\/v2\/pages\/2045\/revisions\/2048"}],"wp:attachment":[{"href":"https:\/\/amplitudmodulada.com.ar\/index.php\/wp-json\/wp\/v2\/media?parent=2045"}],"curies":[{"name":"wp","href":"https:\/\/api.w.org\/{rel}","templated":true}]}}