{"id":2121,"date":"2024-06-01T14:22:19","date_gmt":"2024-06-01T17:22:19","guid":{"rendered":"https:\/\/amplitudmodulada.com.ar\/?page_id=2121"},"modified":"2024-06-01T14:33:30","modified_gmt":"2024-06-01T17:33:30","slug":"noticia13019","status":"publish","type":"page","link":"https:\/\/amplitudmodulada.com.ar\/index.php\/noticia13019\/","title":{"rendered":"Repudian el cierre de las delegaciones del Ente Nacional de Comunicaciones"},"content":{"rendered":"\n<figure class=\"wp-block-image size-full\"><img loading=\"lazy\" decoding=\"async\" width=\"233\" height=\"50\" src=\"http:\/\/amplitudmodulada.com.ar\/wp-content\/uploads\/2024\/01\/enacom-e1705526882784.jpg\" alt=\"\" class=\"wp-image-354\"\/><\/figure>\n\n\n\n<p>Legisladores de distintas bancas de la C\u00e1mara de Diputados de Santiago del Estero expresaron este martes su rechazo al cierre de las delegaciones del Ente Nacional de Comunicaciones en todo el pa\u00eds dispuesta por el gobierno nacional.<\/p>\n\n\n\n<p>Durante la misma sesi\u00f3n, los diputados tambi\u00e9n repudiaron &#8220;el ajuste del presupuestos de las universidades nacionales&#8221;.<\/p>\n\n\n\n<p>La C\u00e1mara de Diputados aprob\u00f3 sendos proyectos de declaraci\u00f3n a trav\u00e9s de los cuales manifest\u00f3 su rechazo al cierre de las delegaciones del Ente Nacional de Comunicaciones, considerando que &#8220;el gobierno nacional contin\u00faa con el ajuste sobre los trabajadores del pa\u00eds, en este caso, cerrando un organismo que prev\u00e9 el control del Estado sobre las comunicaciones y que en Santiago del Estero afecta a once empleados despedidos, que tienen entre doce y veinte a\u00f1os de antig\u00fcedad en sus funciones&#8221;.<\/p>\n\n\n\n<p>Fuente: <a href=\"http:\/\/www.elliberal.com.ar\" data-type=\"link\" data-id=\"www.elliberal.com.ar\" target=\"_blank\" rel=\"noreferrer noopener\">www.elliberal.com.ar<\/a> | Santiago del Estero &#8211; Santiago del Estero | 09.04.24<\/p>\n","protected":false},"excerpt":{"rendered":"<p>Legisladores de distintas bancas de la C\u00e1mara de Diputados de Santiago del Estero expresaron este martes su rechazo al cierre de las delegaciones del Ente Nacional de Comunicaciones en todo el pa\u00eds dispuesta por el gobierno nacional. Durante la misma sesi\u00f3n, los diputados tambi\u00e9n repudiaron &#8220;el ajuste del presupuestos de las universidades nacionales&#8221;. La C\u00e1mara &hellip; <a href=\"https:\/\/amplitudmodulada.com.ar\/index.php\/noticia13019\/\" class=\"more-link\">Continu\u00e1 leyendo <span class=\"screen-reader-text\">Repudian el cierre de las delegaciones del Ente Nacional de Comunicaciones<\/span><\/a><\/p>\n","protected":false},"author":1,"featured_media":0,"parent":0,"menu_order":0,"comment_status":"closed","ping_status":"closed","template":"","meta":{"footnotes":""},"class_list":["post-2121","page","type-page","status-publish","hentry"],"_links":{"self":[{"href":"https:\/\/amplitudmodulada.com.ar\/index.php\/wp-json\/wp\/v2\/pages\/2121","targetHints":{"allow":["GET"]}}],"collection":[{"href":"https:\/\/amplitudmodulada.com.ar\/index.php\/wp-json\/wp\/v2\/pages"}],"about":[{"href":"https:\/\/amplitudmodulada.com.ar\/index.php\/wp-json\/wp\/v2\/types\/page"}],"author":[{"embeddable":true,"href":"https:\/\/amplitudmodulada.com.ar\/index.php\/wp-json\/wp\/v2\/users\/1"}],"replies":[{"embeddable":true,"href":"https:\/\/amplitudmodulada.com.ar\/index.php\/wp-json\/wp\/v2\/comments?post=2121"}],"version-history":[{"count":2,"href":"https:\/\/amplitudmodulada.com.ar\/index.php\/wp-json\/wp\/v2\/pages\/2121\/revisions"}],"predecessor-version":[{"id":2124,"href":"https:\/\/amplitudmodulada.com.ar\/index.php\/wp-json\/wp\/v2\/pages\/2121\/revisions\/2124"}],"wp:attachment":[{"href":"https:\/\/amplitudmodulada.com.ar\/index.php\/wp-json\/wp\/v2\/media?parent=2121"}],"curies":[{"name":"wp","href":"https:\/\/api.w.org\/{rel}","templated":true}]}}