{"id":215,"date":"2024-01-11T21:04:20","date_gmt":"2024-01-12T00:04:20","guid":{"rendered":"https:\/\/amplitudmodulada.com.ar\/?page_id=215"},"modified":"2024-01-11T21:56:43","modified_gmt":"2024-01-12T00:56:43","slug":"noticia12816","status":"publish","type":"page","link":"https:\/\/amplitudmodulada.com.ar\/index.php\/noticia12816\/","title":{"rendered":"Trabajadores de Radio Nacional se declaran en alerta y convocan a una asamblea y marcha el lunes pr\u00f3ximo"},"content":{"rendered":"\n<figure class=\"wp-block-image size-full\"><img loading=\"lazy\" decoding=\"async\" width=\"161\" height=\"60\" src=\"http:\/\/amplitudmodulada.com.ar\/wp-content\/uploads\/2024\/01\/sipreba-e1705017884299.png\" alt=\"\" class=\"wp-image-218\"\/><\/figure>\n\n\n\n<p>Los gremios con representaci\u00f3n en Radio Nacional declararon el estado de alerta y convocaron a una asamblea y marcha para el pr\u00f3ximo lunes 8 de enero ante las versiones de despidos en las distintas emisoras de todo el pa\u00eds.<\/p>\n\n\n\n<p>Mediante un comunicado conjunto, el Sindicato de Prensa de Buenos Aires y la Asociaci\u00f3n de Trabajadores de Radio Nacional, que conforman la intersindical de Radio Nacional, informaron que han pedido explicaciones al vicepresidente del directorio de Radio y Televisi\u00f3n Argentina, Javier Monte, a quien le ratificaron el reclamo de continuidad laboral de los trabajadores de la emisora p\u00fablica.<\/p>\n\n\n\n<p>&#8220;Los trabajadores garantizamos la soberan\u00eda informativa en cada rinc\u00f3n de la Argentina y defendemos que en cada una de las radios se emitan contenidos locales&#8221;, explica el comunicado.<\/p>\n\n\n\n<p>En ese sentido, indicaron que los contenidos de Radio Nacional &#8220;son producidos en buena parte por quienes sufren la precarizaci\u00f3n laboral desde hace a\u00f1os, con salarios que en muchos casos no alcanzan o apenas superan los cien mil pesos&#8221;.<\/p>\n\n\n\n<p>Seg\u00fan trascendi\u00f3 este viernes, el Gobierno Nacional decidi\u00f3 dar de baja alrededor de quinientos contratos de las cuarenta y nueve emisoras que Radio Nacional tiene en todo el pa\u00eds.<\/p>\n\n\n\n<p>Fuente: <a href=\"http:\/\/www.mundogremial.com\" data-type=\"link\" data-id=\"www.mundogremial.com\">www.mundogremial.com<\/a> | Ciudad Aut\u00f3noma de Buenos Aires | 05.01.24<\/p>\n","protected":false},"excerpt":{"rendered":"<p>Los gremios con representaci\u00f3n en Radio Nacional declararon el estado de alerta y convocaron a una asamblea y marcha para el pr\u00f3ximo lunes 8 de enero ante las versiones de despidos en las distintas emisoras de todo el pa\u00eds. Mediante un comunicado conjunto, el Sindicato de Prensa de Buenos Aires y la Asociaci\u00f3n de Trabajadores &hellip; <a href=\"https:\/\/amplitudmodulada.com.ar\/index.php\/noticia12816\/\" class=\"more-link\">Continu\u00e1 leyendo <span class=\"screen-reader-text\">Trabajadores de Radio Nacional se declaran en alerta y convocan a una asamblea y marcha el lunes pr\u00f3ximo<\/span><\/a><\/p>\n","protected":false},"author":1,"featured_media":0,"parent":0,"menu_order":0,"comment_status":"closed","ping_status":"closed","template":"","meta":{"footnotes":""},"class_list":["post-215","page","type-page","status-publish","hentry"],"_links":{"self":[{"href":"https:\/\/amplitudmodulada.com.ar\/index.php\/wp-json\/wp\/v2\/pages\/215","targetHints":{"allow":["GET"]}}],"collection":[{"href":"https:\/\/amplitudmodulada.com.ar\/index.php\/wp-json\/wp\/v2\/pages"}],"about":[{"href":"https:\/\/amplitudmodulada.com.ar\/index.php\/wp-json\/wp\/v2\/types\/page"}],"author":[{"embeddable":true,"href":"https:\/\/amplitudmodulada.com.ar\/index.php\/wp-json\/wp\/v2\/users\/1"}],"replies":[{"embeddable":true,"href":"https:\/\/amplitudmodulada.com.ar\/index.php\/wp-json\/wp\/v2\/comments?post=215"}],"version-history":[{"count":4,"href":"https:\/\/amplitudmodulada.com.ar\/index.php\/wp-json\/wp\/v2\/pages\/215\/revisions"}],"predecessor-version":[{"id":222,"href":"https:\/\/amplitudmodulada.com.ar\/index.php\/wp-json\/wp\/v2\/pages\/215\/revisions\/222"}],"wp:attachment":[{"href":"https:\/\/amplitudmodulada.com.ar\/index.php\/wp-json\/wp\/v2\/media?parent=215"}],"curies":[{"name":"wp","href":"https:\/\/api.w.org\/{rel}","templated":true}]}}