{"id":2169,"date":"2024-06-02T13:29:32","date_gmt":"2024-06-02T16:29:32","guid":{"rendered":"https:\/\/amplitudmodulada.com.ar\/?page_id=2169"},"modified":"2024-06-02T13:35:05","modified_gmt":"2024-06-02T16:35:05","slug":"noticia13026","status":"publish","type":"page","link":"https:\/\/amplitudmodulada.com.ar\/index.php\/noticia13026\/","title":{"rendered":"FM Urbana de Monte Ma\u00edz se suma a la cadena de radios que retransmiten la programaci\u00f3n de Radio 10"},"content":{"rendered":"\n<figure class=\"wp-block-image size-full\"><img loading=\"lazy\" decoding=\"async\" width=\"126\" height=\"80\" src=\"http:\/\/amplitudmodulada.com.ar\/wp-content\/uploads\/2024\/01\/710-e1704587121920.png\" alt=\"\" class=\"wp-image-122\"\/><\/figure>\n\n\n\n<p>A trav\u00e9s de las redes sociales, LRT435 FM Urbana de Monte Ma\u00edz confirm\u00f3 este jueves que se suma a la cadena de radios que retransmiten la programaci\u00f3n de LRL202 Radio 10.<\/p>\n\n\n\n<p>&#8220;El convenio firmado recientemente establece el intercambio de programaci\u00f3n nacional, servicio de noticias e informaci\u00f3n con una de las emisoras m\u00e1s prestigiosa de nuestro pa\u00eds&#8221;, anunci\u00f3 FM Urbana.<\/p>\n\n\n\n<p>La emisora de Frecuencia Modulada de Monte Ma\u00edz sale al aire en 88.9 Mhz.<\/p>\n\n\n\n<p>Fuente: <a href=\"http:\/\/www.montemaizmira.com.ar\" data-type=\"link\" data-id=\"www.montemaizmira.com.ar\" target=\"_blank\" rel=\"noreferrer noopener\">www.montemaizmira.com.ar<\/a> | Monte Ma\u00edz &#8211; C\u00f3rdoba | 11.04.24<\/p>\n","protected":false},"excerpt":{"rendered":"<p>A trav\u00e9s de las redes sociales, LRT435 FM Urbana de Monte Ma\u00edz confirm\u00f3 este jueves que se suma a la cadena de radios que retransmiten la programaci\u00f3n de LRL202 Radio 10. &#8220;El convenio firmado recientemente establece el intercambio de programaci\u00f3n nacional, servicio de noticias e informaci\u00f3n con una de las emisoras m\u00e1s prestigiosa de nuestro &hellip; <a href=\"https:\/\/amplitudmodulada.com.ar\/index.php\/noticia13026\/\" class=\"more-link\">Continu\u00e1 leyendo <span class=\"screen-reader-text\">FM Urbana de Monte Ma\u00edz se suma a la cadena de radios que retransmiten la programaci\u00f3n de Radio 10<\/span><\/a><\/p>\n","protected":false},"author":1,"featured_media":0,"parent":0,"menu_order":0,"comment_status":"closed","ping_status":"closed","template":"","meta":{"footnotes":""},"class_list":["post-2169","page","type-page","status-publish","hentry"],"_links":{"self":[{"href":"https:\/\/amplitudmodulada.com.ar\/index.php\/wp-json\/wp\/v2\/pages\/2169","targetHints":{"allow":["GET"]}}],"collection":[{"href":"https:\/\/amplitudmodulada.com.ar\/index.php\/wp-json\/wp\/v2\/pages"}],"about":[{"href":"https:\/\/amplitudmodulada.com.ar\/index.php\/wp-json\/wp\/v2\/types\/page"}],"author":[{"embeddable":true,"href":"https:\/\/amplitudmodulada.com.ar\/index.php\/wp-json\/wp\/v2\/users\/1"}],"replies":[{"embeddable":true,"href":"https:\/\/amplitudmodulada.com.ar\/index.php\/wp-json\/wp\/v2\/comments?post=2169"}],"version-history":[{"count":2,"href":"https:\/\/amplitudmodulada.com.ar\/index.php\/wp-json\/wp\/v2\/pages\/2169\/revisions"}],"predecessor-version":[{"id":2172,"href":"https:\/\/amplitudmodulada.com.ar\/index.php\/wp-json\/wp\/v2\/pages\/2169\/revisions\/2172"}],"wp:attachment":[{"href":"https:\/\/amplitudmodulada.com.ar\/index.php\/wp-json\/wp\/v2\/media?parent=2169"}],"curies":[{"name":"wp","href":"https:\/\/api.w.org\/{rel}","templated":true}]}}