{"id":2209,"date":"2024-06-15T20:31:59","date_gmt":"2024-06-15T23:31:59","guid":{"rendered":"https:\/\/amplitudmodulada.com.ar\/?page_id=2209"},"modified":"2024-06-15T20:37:39","modified_gmt":"2024-06-15T23:37:39","slug":"noticia13032","status":"publish","type":"page","link":"https:\/\/amplitudmodulada.com.ar\/index.php\/noticia13032\/","title":{"rendered":"Convocan a un abrazo simb\u00f3lico a LRA51 Radio Nacional J\u00e1chal"},"content":{"rendered":"\n<figure class=\"wp-block-image size-full\"><img loading=\"lazy\" decoding=\"async\" width=\"120\" height=\"110\" src=\"http:\/\/amplitudmodulada.com.ar\/wp-content\/uploads\/2024\/02\/LRA51-e1708427943636.png\" alt=\"\" class=\"wp-image-965\"\/><\/figure>\n\n\n\n<p>Oyentes de LRA51 Radio Nacional J\u00e1chal realizar\u00e1n este lunes 15 de abril a las 18.00 horas un abrazo simb\u00f3lico a la emisora para apoyar a tres trabajadores de ese medio que fueron despedidos la semana pasada.<\/p>\n\n\n\n<p>La actividad se llevar\u00e1 a cabo bajo el lema &#8220;Todos\/as somos Nacional&#8221;.<\/p>\n\n\n\n<p>Durante la misma se pedir\u00e1 la reincorporaci\u00f3n de los trabajadores cesanteados y que no haya m\u00e1s despidos.<\/p>\n\n\n\n<p>El pasado jueves recibieron el telegrama de despido los trabajadores Ram\u00f3n Silva, Alberto Daniel Paredes y Alejandro Guajardo.<\/p>\n\n\n\n<p>Fuente: <a href=\"http:\/\/www.diarioelzondasj.com.ar\" data-type=\"link\" data-id=\"www.diarioelzondasj.com.ar\" target=\"_blank\" rel=\"noreferrer noopener\">www.diarioelzondasj.com.ar<\/a> | San Juan &#8211; San Juan | 15.04.24<\/p>\n","protected":false},"excerpt":{"rendered":"<p>Oyentes de LRA51 Radio Nacional J\u00e1chal realizar\u00e1n este lunes 15 de abril a las 18.00 horas un abrazo simb\u00f3lico a la emisora para apoyar a tres trabajadores de ese medio que fueron despedidos la semana pasada. La actividad se llevar\u00e1 a cabo bajo el lema &#8220;Todos\/as somos Nacional&#8221;. Durante la misma se pedir\u00e1 la reincorporaci\u00f3n &hellip; <a href=\"https:\/\/amplitudmodulada.com.ar\/index.php\/noticia13032\/\" class=\"more-link\">Continu\u00e1 leyendo <span class=\"screen-reader-text\">Convocan a un abrazo simb\u00f3lico a LRA51 Radio Nacional J\u00e1chal<\/span><\/a><\/p>\n","protected":false},"author":1,"featured_media":0,"parent":0,"menu_order":0,"comment_status":"closed","ping_status":"closed","template":"","meta":{"footnotes":""},"class_list":["post-2209","page","type-page","status-publish","hentry"],"_links":{"self":[{"href":"https:\/\/amplitudmodulada.com.ar\/index.php\/wp-json\/wp\/v2\/pages\/2209","targetHints":{"allow":["GET"]}}],"collection":[{"href":"https:\/\/amplitudmodulada.com.ar\/index.php\/wp-json\/wp\/v2\/pages"}],"about":[{"href":"https:\/\/amplitudmodulada.com.ar\/index.php\/wp-json\/wp\/v2\/types\/page"}],"author":[{"embeddable":true,"href":"https:\/\/amplitudmodulada.com.ar\/index.php\/wp-json\/wp\/v2\/users\/1"}],"replies":[{"embeddable":true,"href":"https:\/\/amplitudmodulada.com.ar\/index.php\/wp-json\/wp\/v2\/comments?post=2209"}],"version-history":[{"count":2,"href":"https:\/\/amplitudmodulada.com.ar\/index.php\/wp-json\/wp\/v2\/pages\/2209\/revisions"}],"predecessor-version":[{"id":2212,"href":"https:\/\/amplitudmodulada.com.ar\/index.php\/wp-json\/wp\/v2\/pages\/2209\/revisions\/2212"}],"wp:attachment":[{"href":"https:\/\/amplitudmodulada.com.ar\/index.php\/wp-json\/wp\/v2\/media?parent=2209"}],"curies":[{"name":"wp","href":"https:\/\/api.w.org\/{rel}","templated":true}]}}