{"id":2411,"date":"2024-07-04T17:59:39","date_gmt":"2024-07-04T20:59:39","guid":{"rendered":"https:\/\/amplitudmodulada.com.ar\/?page_id=2411"},"modified":"2024-07-04T18:16:20","modified_gmt":"2024-07-04T21:16:20","slug":"noticia13057","status":"publish","type":"page","link":"https:\/\/amplitudmodulada.com.ar\/index.php\/noticia13057\/","title":{"rendered":"Destacan la programaci\u00f3n de Radio Del Plata"},"content":{"rendered":"\n<figure class=\"wp-block-image size-full\"><img loading=\"lazy\" decoding=\"async\" width=\"140\" height=\"80\" src=\"http:\/\/amplitudmodulada.com.ar\/wp-content\/uploads\/2024\/01\/1030-e1706115424753.png\" alt=\"\" class=\"wp-image-583\"\/><\/figure>\n\n\n\n<p>El portal Total Medios destaca este mi\u00e9rcoles 24 de abril a LS10 Radio Del Plata, que &#8220;propone una programaci\u00f3n semanal diversa, period\u00edstica, din\u00e1mica y muy divertida&#8221;.<\/p>\n\n\n\n<p>La programaci\u00f3n que pone al aire Radio Del Plata de lunes a viernes es la siguiente:<\/p>\n\n\n\n<p>\u00b7 De 6.00 a 7.00 horas: &#8220;Amanece en Del Plata&#8221;.<\/p>\n\n\n\n<p>\u00b7 De 7.00 a 10.00 horas: &#8220;Duro de Callar&#8221;, con Tom\u00e1s M\u00e9ndez.<\/p>\n\n\n\n<p>\u00b7 De 10.00 a 12.00 horas: &#8220;Vengan, Vengan&#8221;, con Daniel Mollo.<\/p>\n\n\n\n<p>\u00b7 De 12.00 a 14.00 horas: &#8220;Paren un Poco&#8221;, con Daniel Malnatti.<\/p>\n\n\n\n<p>\u00b7 De 14.00 a 15.00 horas: &#8220;Boca de Selecci\u00f3n&#8221;.<\/p>\n\n\n\n<p>\u00b7 De 15.00 a 16.00 horas: &#8220;River Monumental&#8221;, con Atilio Costa Febre.<\/p>\n\n\n\n<p>\u00b7 De 16.00 a 16.30 horas: &#8220;Media Tarde&#8221;.<\/p>\n\n\n\n<p>\u00b7 De 16.30 a 18.30 horas: &#8220;Hola Chiche&#8221;, con Chiche Gelblung.<\/p>\n\n\n\n<p>\u00b7 De 18.30 a 20.00 horas: &#8220;Ventura Show 1030&#8221;, con Luis Ventura.<\/p>\n\n\n\n<p>\u00b7 De 20.00 a 22.00 horas: &#8220;Abogados en Off&#8221;, con Gustavo D\u00b4\u00b4\u00b4&#8217; El\u00eda.<\/p>\n\n\n\n<p>\u00b7 De 22.00 a 24.00 horas: &#8220;Noche de Amigos&#8221;, con Silvio Klein.<\/p>\n\n\n\n<p>Fuente: <a href=\"http:\/\/www.totalmedios.com\" target=\"_blank\" rel=\"noreferrer noopener\">www.totalmedios.com<\/a> | Ciudad Aut\u00f3noma de Buenos Aires | 24.04.24<\/p>\n","protected":false},"excerpt":{"rendered":"<p>El portal Total Medios destaca este mi\u00e9rcoles 24 de abril a LS10 Radio Del Plata, que &#8220;propone una programaci\u00f3n semanal diversa, period\u00edstica, din\u00e1mica y muy divertida&#8221;. La programaci\u00f3n que pone al aire Radio Del Plata de lunes a viernes es la siguiente: \u00b7 De 6.00 a 7.00 horas: &#8220;Amanece en Del Plata&#8221;. \u00b7 De 7.00 &hellip; <a href=\"https:\/\/amplitudmodulada.com.ar\/index.php\/noticia13057\/\" class=\"more-link\">Continu\u00e1 leyendo <span class=\"screen-reader-text\">Destacan la programaci\u00f3n de Radio Del Plata<\/span><\/a><\/p>\n","protected":false},"author":1,"featured_media":0,"parent":0,"menu_order":0,"comment_status":"closed","ping_status":"closed","template":"","meta":{"footnotes":""},"class_list":["post-2411","page","type-page","status-publish","hentry"],"_links":{"self":[{"href":"https:\/\/amplitudmodulada.com.ar\/index.php\/wp-json\/wp\/v2\/pages\/2411","targetHints":{"allow":["GET"]}}],"collection":[{"href":"https:\/\/amplitudmodulada.com.ar\/index.php\/wp-json\/wp\/v2\/pages"}],"about":[{"href":"https:\/\/amplitudmodulada.com.ar\/index.php\/wp-json\/wp\/v2\/types\/page"}],"author":[{"embeddable":true,"href":"https:\/\/amplitudmodulada.com.ar\/index.php\/wp-json\/wp\/v2\/users\/1"}],"replies":[{"embeddable":true,"href":"https:\/\/amplitudmodulada.com.ar\/index.php\/wp-json\/wp\/v2\/comments?post=2411"}],"version-history":[{"count":3,"href":"https:\/\/amplitudmodulada.com.ar\/index.php\/wp-json\/wp\/v2\/pages\/2411\/revisions"}],"predecessor-version":[{"id":2415,"href":"https:\/\/amplitudmodulada.com.ar\/index.php\/wp-json\/wp\/v2\/pages\/2411\/revisions\/2415"}],"wp:attachment":[{"href":"https:\/\/amplitudmodulada.com.ar\/index.php\/wp-json\/wp\/v2\/media?parent=2411"}],"curies":[{"name":"wp","href":"https:\/\/api.w.org\/{rel}","templated":true}]}}