{"id":2570,"date":"2024-07-14T12:50:27","date_gmt":"2024-07-14T15:50:27","guid":{"rendered":"https:\/\/amplitudmodulada.com.ar\/?page_id=2570"},"modified":"2024-07-14T12:59:53","modified_gmt":"2024-07-14T15:59:53","slug":"noticia13072","status":"publish","type":"page","link":"https:\/\/amplitudmodulada.com.ar\/index.php\/noticia13072\/","title":{"rendered":"Alertan por las consecuencias del plan de cierre de los medios p\u00fablicos"},"content":{"rendered":"\n<figure class=\"wp-block-image size-full\"><img loading=\"lazy\" decoding=\"async\" width=\"138\" height=\"100\" src=\"http:\/\/amplitudmodulada.com.ar\/wp-content\/uploads\/2024\/01\/LRA-e1704493215157.png\" alt=\"\" class=\"wp-image-8\"\/><\/figure>\n\n\n\n<p>Juan Pablo Sosa, delegado gremial de LRA15 Radio Nacional Tucum\u00e1n, alert\u00f3 sobre las consecuencias del plan de cierre de los medios p\u00fablicos encarado por el gobierno de Javier Milei.<\/p>\n\n\n\n<p>&#8220;Lo que pas\u00f3 en diputados con la Ley Bases es otro golpe a las noticias desalentadoras que tenemos. Autoridades de la radio ya tienen puesta en la cabeza la idea de los retiros voluntarios y jubilaciones anticipadas&#8221;, explic\u00f3 Juan Pablo Sosa.<\/p>\n\n\n\n<p>En ese sentido, confirm\u00f3 que H\u00e9ctor Cavallero, director de Radio Nacional, notific\u00f3 que se pretende cambiar el convenio colectivo en los \u00edtems refrigerio y ropa para que no se los pague m\u00e1s.<\/p>\n\n\n\n<p>&#8220;Apuntan a muy poca transmisi\u00f3n con contenidos locales y que todas las radios provinciales repitan lo que se genere en Buenos Aires. Tampoco habr\u00e1 directores en las provincias, todo estar\u00e1 centralizado&#8221;, indic\u00f3.<\/p>\n\n\n\n<p>El delegado gremial asegur\u00f3 que se est\u00e1 llevando adelante un vaciamiento de la radio, tanto en personal y contenidos, y precis\u00f3 que &#8220;en este momento siguen veinte personas en toda Radio Nacional Tucum\u00e1n, todos con una incertidumbre tremenda&#8221;.<\/p>\n\n\n\n<p>Fuente: <a href=\"http:\/\/www.primerafuente.com.ar\" data-type=\"link\" data-id=\"www.primerafuente.com.ar\" target=\"_blank\" rel=\"noreferrer noopener\">www.primerafuente.com.ar<\/a> | San Miguel de Tucum\u00e1n &#8211; Tucum\u00e1n | 02.05.24<\/p>\n","protected":false},"excerpt":{"rendered":"<p>Juan Pablo Sosa, delegado gremial de LRA15 Radio Nacional Tucum\u00e1n, alert\u00f3 sobre las consecuencias del plan de cierre de los medios p\u00fablicos encarado por el gobierno de Javier Milei. &#8220;Lo que pas\u00f3 en diputados con la Ley Bases es otro golpe a las noticias desalentadoras que tenemos. Autoridades de la radio ya tienen puesta en &hellip; <a href=\"https:\/\/amplitudmodulada.com.ar\/index.php\/noticia13072\/\" class=\"more-link\">Continu\u00e1 leyendo <span class=\"screen-reader-text\">Alertan por las consecuencias del plan de cierre de los medios p\u00fablicos<\/span><\/a><\/p>\n","protected":false},"author":1,"featured_media":0,"parent":0,"menu_order":0,"comment_status":"closed","ping_status":"closed","template":"","meta":{"footnotes":""},"class_list":["post-2570","page","type-page","status-publish","hentry"],"_links":{"self":[{"href":"https:\/\/amplitudmodulada.com.ar\/index.php\/wp-json\/wp\/v2\/pages\/2570","targetHints":{"allow":["GET"]}}],"collection":[{"href":"https:\/\/amplitudmodulada.com.ar\/index.php\/wp-json\/wp\/v2\/pages"}],"about":[{"href":"https:\/\/amplitudmodulada.com.ar\/index.php\/wp-json\/wp\/v2\/types\/page"}],"author":[{"embeddable":true,"href":"https:\/\/amplitudmodulada.com.ar\/index.php\/wp-json\/wp\/v2\/users\/1"}],"replies":[{"embeddable":true,"href":"https:\/\/amplitudmodulada.com.ar\/index.php\/wp-json\/wp\/v2\/comments?post=2570"}],"version-history":[{"count":2,"href":"https:\/\/amplitudmodulada.com.ar\/index.php\/wp-json\/wp\/v2\/pages\/2570\/revisions"}],"predecessor-version":[{"id":2573,"href":"https:\/\/amplitudmodulada.com.ar\/index.php\/wp-json\/wp\/v2\/pages\/2570\/revisions\/2573"}],"wp:attachment":[{"href":"https:\/\/amplitudmodulada.com.ar\/index.php\/wp-json\/wp\/v2\/media?parent=2570"}],"curies":[{"name":"wp","href":"https:\/\/api.w.org\/{rel}","templated":true}]}}