{"id":2712,"date":"2024-07-23T21:14:45","date_gmt":"2024-07-24T00:14:45","guid":{"rendered":"https:\/\/amplitudmodulada.com.ar\/?page_id=2712"},"modified":"2024-07-23T21:18:10","modified_gmt":"2024-07-24T00:18:10","slug":"noticia13089","status":"publish","type":"page","link":"https:\/\/amplitudmodulada.com.ar\/index.php\/noticia13089\/","title":{"rendered":"El periodista Dar\u00edo Villarruel anunci\u00f3 la vuelta de &#8220;Secreto de Sumario&#8221;"},"content":{"rendered":"\n<figure class=\"wp-block-image size-full\"><img loading=\"lazy\" decoding=\"async\" width=\"126\" height=\"80\" src=\"http:\/\/amplitudmodulada.com.ar\/wp-content\/uploads\/2024\/01\/710-e1704587121920.png\" alt=\"\" class=\"wp-image-122\"\/><\/figure>\n\n\n\n<p>A trav\u00e9s de la red social X, el periodista Dar\u00edo Villarruel anunci\u00f3 este jueves la vuelta de &#8220;Secreto de Sumario&#8221;, el programa que conduce en LRL202 Radio 10 y que hab\u00eda sido retirado sorpresivamente de la grilla de programaci\u00f3n de la emisora el pasado fin de semana.<\/p>\n\n\n\n<p>&#8220;Hola amigas y amigos. Esto es Secreto de Sumario. Gracias totales a todas y todos. Volvemos el s\u00e1bado a las 7.00 horas, como siempre. Ser\u00e1 justicia&#8221;. escribi\u00f3 el periodista en X.<\/p>\n\n\n\n<p>El programa &#8220;Secreto de Sumario&#8221; se emite habitualmente los s\u00e1bados y domingos de 7.00 a 10.00 horas.<\/p>\n\n\n\n<p>09.05.24<\/p>\n","protected":false},"excerpt":{"rendered":"<p>A trav\u00e9s de la red social X, el periodista Dar\u00edo Villarruel anunci\u00f3 este jueves la vuelta de &#8220;Secreto de Sumario&#8221;, el programa que conduce en LRL202 Radio 10 y que hab\u00eda sido retirado sorpresivamente de la grilla de programaci\u00f3n de la emisora el pasado fin de semana. &#8220;Hola amigas y amigos. Esto es Secreto de &hellip; <a href=\"https:\/\/amplitudmodulada.com.ar\/index.php\/noticia13089\/\" class=\"more-link\">Continu\u00e1 leyendo <span class=\"screen-reader-text\">El periodista Dar\u00edo Villarruel anunci\u00f3 la vuelta de &#8220;Secreto de Sumario&#8221;<\/span><\/a><\/p>\n","protected":false},"author":1,"featured_media":0,"parent":0,"menu_order":0,"comment_status":"closed","ping_status":"closed","template":"","meta":{"footnotes":""},"class_list":["post-2712","page","type-page","status-publish","hentry"],"_links":{"self":[{"href":"https:\/\/amplitudmodulada.com.ar\/index.php\/wp-json\/wp\/v2\/pages\/2712","targetHints":{"allow":["GET"]}}],"collection":[{"href":"https:\/\/amplitudmodulada.com.ar\/index.php\/wp-json\/wp\/v2\/pages"}],"about":[{"href":"https:\/\/amplitudmodulada.com.ar\/index.php\/wp-json\/wp\/v2\/types\/page"}],"author":[{"embeddable":true,"href":"https:\/\/amplitudmodulada.com.ar\/index.php\/wp-json\/wp\/v2\/users\/1"}],"replies":[{"embeddable":true,"href":"https:\/\/amplitudmodulada.com.ar\/index.php\/wp-json\/wp\/v2\/comments?post=2712"}],"version-history":[{"count":2,"href":"https:\/\/amplitudmodulada.com.ar\/index.php\/wp-json\/wp\/v2\/pages\/2712\/revisions"}],"predecessor-version":[{"id":2715,"href":"https:\/\/amplitudmodulada.com.ar\/index.php\/wp-json\/wp\/v2\/pages\/2712\/revisions\/2715"}],"wp:attachment":[{"href":"https:\/\/amplitudmodulada.com.ar\/index.php\/wp-json\/wp\/v2\/media?parent=2712"}],"curies":[{"name":"wp","href":"https:\/\/api.w.org\/{rel}","templated":true}]}}