{"id":2823,"date":"2024-07-30T20:59:58","date_gmt":"2024-07-30T23:59:58","guid":{"rendered":"https:\/\/amplitudmodulada.com.ar\/?page_id=2823"},"modified":"2024-07-30T21:07:22","modified_gmt":"2024-07-31T00:07:22","slug":"noticia13104","status":"publish","type":"page","link":"https:\/\/amplitudmodulada.com.ar\/index.php\/noticia13104\/","title":{"rendered":"Destacan al programa &#8220;Era por Abajo&#8221;"},"content":{"rendered":"\n<figure class=\"wp-block-image size-large is-resized\"><img loading=\"lazy\" decoding=\"async\" width=\"1024\" height=\"576\" src=\"http:\/\/amplitudmodulada.com.ar\/wp-content\/uploads\/2024\/01\/1110-1024x576.jpg\" alt=\"\" class=\"wp-image-685\" style=\"width:133px;height:auto\"\/><\/figure>\n\n\n\n<p>LS1 Radio de la Ciudad destaca este jueves el programa &#8220;Era por Abajo&#8221;, un ciclo que propone abordar el f\u00fatbol, el deporte y sus alrededores.<\/p>\n\n\n\n<p>Con la conducci\u00f3n de Ezequiel Fern\u00e1ndez Moores, Alejandro Wall y Andr\u00e9s Burgo, el programa invita a sus oyentes a adentrarse al mundo del deporte y explorar sus rincones menos conocidas y las historias m\u00e1s fascinantes.<\/p>\n\n\n\n<p>Cada viernes, de 20.00 a 22.00 horas, los conductores de &#8220;Era por Abajo&#8221; se sumergen en la cultura deportiva y acercan entrevistas, historias, an\u00e1lisis y la informaci\u00f3n m\u00e1s relevante.<\/p>\n\n\n\n<p>Fuente: <a href=\"http:\/\/www.buenosaires.gob.ar\" data-type=\"link\" data-id=\"www.buenosaires.gob.ar\" target=\"_blank\" rel=\"noreferrer noopener\">www.buenosaires.gob.ar<\/a> | Ciudad Aut\u00f3noma de Buenos Aires | 16.05.24<\/p>\n","protected":false},"excerpt":{"rendered":"<p>LS1 Radio de la Ciudad destaca este jueves el programa &#8220;Era por Abajo&#8221;, un ciclo que propone abordar el f\u00fatbol, el deporte y sus alrededores. Con la conducci\u00f3n de Ezequiel Fern\u00e1ndez Moores, Alejandro Wall y Andr\u00e9s Burgo, el programa invita a sus oyentes a adentrarse al mundo del deporte y explorar sus rincones menos conocidas &hellip; <a href=\"https:\/\/amplitudmodulada.com.ar\/index.php\/noticia13104\/\" class=\"more-link\">Continu\u00e1 leyendo <span class=\"screen-reader-text\">Destacan al programa &#8220;Era por Abajo&#8221;<\/span><\/a><\/p>\n","protected":false},"author":1,"featured_media":0,"parent":0,"menu_order":0,"comment_status":"closed","ping_status":"closed","template":"","meta":{"footnotes":""},"class_list":["post-2823","page","type-page","status-publish","hentry"],"_links":{"self":[{"href":"https:\/\/amplitudmodulada.com.ar\/index.php\/wp-json\/wp\/v2\/pages\/2823","targetHints":{"allow":["GET"]}}],"collection":[{"href":"https:\/\/amplitudmodulada.com.ar\/index.php\/wp-json\/wp\/v2\/pages"}],"about":[{"href":"https:\/\/amplitudmodulada.com.ar\/index.php\/wp-json\/wp\/v2\/types\/page"}],"author":[{"embeddable":true,"href":"https:\/\/amplitudmodulada.com.ar\/index.php\/wp-json\/wp\/v2\/users\/1"}],"replies":[{"embeddable":true,"href":"https:\/\/amplitudmodulada.com.ar\/index.php\/wp-json\/wp\/v2\/comments?post=2823"}],"version-history":[{"count":2,"href":"https:\/\/amplitudmodulada.com.ar\/index.php\/wp-json\/wp\/v2\/pages\/2823\/revisions"}],"predecessor-version":[{"id":2826,"href":"https:\/\/amplitudmodulada.com.ar\/index.php\/wp-json\/wp\/v2\/pages\/2823\/revisions\/2826"}],"wp:attachment":[{"href":"https:\/\/amplitudmodulada.com.ar\/index.php\/wp-json\/wp\/v2\/media?parent=2823"}],"curies":[{"name":"wp","href":"https:\/\/api.w.org\/{rel}","templated":true}]}}