{"id":2844,"date":"2024-08-03T19:46:04","date_gmt":"2024-08-03T22:46:04","guid":{"rendered":"https:\/\/amplitudmodulada.com.ar\/?page_id=2844"},"modified":"2024-08-03T19:46:32","modified_gmt":"2024-08-03T22:46:32","slug":"noticia13107","status":"publish","type":"page","link":"https:\/\/amplitudmodulada.com.ar\/index.php\/noticia13107\/","title":{"rendered":"Gustavo Bordet visit\u00f3 la sede de LT14 Radio Nacional General Urquiza"},"content":{"rendered":"\n<figure class=\"wp-block-image size-full\"><img loading=\"lazy\" decoding=\"async\" width=\"118\" height=\"110\" src=\"http:\/\/amplitudmodulada.com.ar\/wp-content\/uploads\/2024\/01\/LT14-e1705584631210.png\" alt=\"\" class=\"wp-image-440\"\/><\/figure>\n\n\n\n<p>Convocado sus trabajadores, el diputado nacional Gustavo Bordet visit\u00f3 este viernes la sede de LT14 Radio Nacional General Urquiza de Paran\u00e1.<\/p>\n\n\n\n<p>Los trabajadores de Radio Nacional General Urquiza le transmitieron al legislador su preocupaci\u00f3n por la privatizaci\u00f3n de los medios p\u00fablicos que habilita el vigente DNU 70\/2023 y la Ley Bases que promueve el gobierno nacional.<\/p>\n\n\n\n<p>En ese marco, pusieron de manifiesto su incertidumbre respecto del futuro de los medios p\u00fablicos en los cuales est\u00e1n desarrollando su profesi\u00f3n y destacaron el rol del sistema de medios en los sistemas democr\u00e1ticos.<\/p>\n\n\n\n<p>En tanto, el diputado de Uni\u00f3n por la Patria afirm\u00f3 que &#8220;los medios p\u00fablicos son muy importantes para la consolidaci\u00f3n de la conciencia democr\u00e1tica&#8221; y precis\u00f3 que &#8220;las radios p\u00fablicas entrerrianas cumplen un rol fundamental&#8221;.<\/p>\n\n\n\n<p>Fuente: <a href=\"http:\/\/www.apfdigital.com.ar\" data-type=\"link\" data-id=\"www.apfdigital.com.ar\" target=\"_blank\" rel=\"noreferrer noopener\">www.apfdigital.com.ar<\/a> | Paran\u00e1 &#8211; Entre R\u00edos | 17.05.24<\/p>\n","protected":false},"excerpt":{"rendered":"<p>Convocado sus trabajadores, el diputado nacional Gustavo Bordet visit\u00f3 este viernes la sede de LT14 Radio Nacional General Urquiza de Paran\u00e1. Los trabajadores de Radio Nacional General Urquiza le transmitieron al legislador su preocupaci\u00f3n por la privatizaci\u00f3n de los medios p\u00fablicos que habilita el vigente DNU 70\/2023 y la Ley Bases que promueve el gobierno &hellip; <a href=\"https:\/\/amplitudmodulada.com.ar\/index.php\/noticia13107\/\" class=\"more-link\">Continu\u00e1 leyendo <span class=\"screen-reader-text\">Gustavo Bordet visit\u00f3 la sede de LT14 Radio Nacional General Urquiza<\/span><\/a><\/p>\n","protected":false},"author":1,"featured_media":0,"parent":0,"menu_order":0,"comment_status":"closed","ping_status":"closed","template":"","meta":{"footnotes":""},"class_list":["post-2844","page","type-page","status-publish","hentry"],"_links":{"self":[{"href":"https:\/\/amplitudmodulada.com.ar\/index.php\/wp-json\/wp\/v2\/pages\/2844","targetHints":{"allow":["GET"]}}],"collection":[{"href":"https:\/\/amplitudmodulada.com.ar\/index.php\/wp-json\/wp\/v2\/pages"}],"about":[{"href":"https:\/\/amplitudmodulada.com.ar\/index.php\/wp-json\/wp\/v2\/types\/page"}],"author":[{"embeddable":true,"href":"https:\/\/amplitudmodulada.com.ar\/index.php\/wp-json\/wp\/v2\/users\/1"}],"replies":[{"embeddable":true,"href":"https:\/\/amplitudmodulada.com.ar\/index.php\/wp-json\/wp\/v2\/comments?post=2844"}],"version-history":[{"count":1,"href":"https:\/\/amplitudmodulada.com.ar\/index.php\/wp-json\/wp\/v2\/pages\/2844\/revisions"}],"predecessor-version":[{"id":2845,"href":"https:\/\/amplitudmodulada.com.ar\/index.php\/wp-json\/wp\/v2\/pages\/2844\/revisions\/2845"}],"wp:attachment":[{"href":"https:\/\/amplitudmodulada.com.ar\/index.php\/wp-json\/wp\/v2\/media?parent=2844"}],"curies":[{"name":"wp","href":"https:\/\/api.w.org\/{rel}","templated":true}]}}