{"id":2878,"date":"2024-08-06T20:55:33","date_gmt":"2024-08-06T23:55:33","guid":{"rendered":"https:\/\/amplitudmodulada.com.ar\/?page_id=2878"},"modified":"2024-08-06T21:04:36","modified_gmt":"2024-08-07T00:04:36","slug":"noticia13112","status":"publish","type":"page","link":"https:\/\/amplitudmodulada.com.ar\/index.php\/noticia13112\/","title":{"rendered":"Roban una bater\u00eda y cables de la planta transmisora de LT11 Radio Nacional Francisco Ram\u00edrez"},"content":{"rendered":"\n<figure class=\"wp-block-image size-full\"><img loading=\"lazy\" decoding=\"async\" width=\"153\" height=\"100\" src=\"http:\/\/amplitudmodulada.com.ar\/wp-content\/uploads\/2024\/03\/LT11-e1711215099430.png\" alt=\"\" class=\"wp-image-1380\"\/><\/figure>\n\n\n\n<p>Desconocidos sustrajeron este s\u00e1bado una bater\u00eda y cables de la planta transmisora de LT11 Radio Nacional General Francisco Ram\u00edrez de Concepci\u00f3n del Uruguay.<\/p>\n\n\n\n<p>Sin los cables esenciales para el funcionamiento del generador, la emisora p\u00fablica tuvo que interrumpir su transmisi\u00f3n habitual.<\/p>\n\n\n\n<p>Los cables sustra\u00eddos tienen un elevado costo por lo que su reposici\u00f3n implicar\u00e1 un proceso largo y complejo.<\/p>\n\n\n\n<p>La denuncia policial correspondiente se realiz\u00f3 el d\u00eda domingo y personal de criminal\u00edstica inici\u00f3 las investigaciones para esclarecer el hecho.<\/p>\n\n\n\n<p>Fuente: <a href=\"http:\/\/www.r2820.com\" data-type=\"link\" data-id=\"www.r2820.com\" target=\"_blank\" rel=\"noreferrer noopener\">www.r2820.com<\/a> | Gualeguaych\u00fa &#8211; Entre R\u00edos | 20.05.24<\/p>\n","protected":false},"excerpt":{"rendered":"<p>Desconocidos sustrajeron este s\u00e1bado una bater\u00eda y cables de la planta transmisora de LT11 Radio Nacional General Francisco Ram\u00edrez de Concepci\u00f3n del Uruguay. Sin los cables esenciales para el funcionamiento del generador, la emisora p\u00fablica tuvo que interrumpir su transmisi\u00f3n habitual. Los cables sustra\u00eddos tienen un elevado costo por lo que su reposici\u00f3n implicar\u00e1 un &hellip; <a href=\"https:\/\/amplitudmodulada.com.ar\/index.php\/noticia13112\/\" class=\"more-link\">Continu\u00e1 leyendo <span class=\"screen-reader-text\">Roban una bater\u00eda y cables de la planta transmisora de LT11 Radio Nacional Francisco Ram\u00edrez<\/span><\/a><\/p>\n","protected":false},"author":1,"featured_media":0,"parent":0,"menu_order":0,"comment_status":"closed","ping_status":"closed","template":"","meta":{"footnotes":""},"class_list":["post-2878","page","type-page","status-publish","hentry"],"_links":{"self":[{"href":"https:\/\/amplitudmodulada.com.ar\/index.php\/wp-json\/wp\/v2\/pages\/2878","targetHints":{"allow":["GET"]}}],"collection":[{"href":"https:\/\/amplitudmodulada.com.ar\/index.php\/wp-json\/wp\/v2\/pages"}],"about":[{"href":"https:\/\/amplitudmodulada.com.ar\/index.php\/wp-json\/wp\/v2\/types\/page"}],"author":[{"embeddable":true,"href":"https:\/\/amplitudmodulada.com.ar\/index.php\/wp-json\/wp\/v2\/users\/1"}],"replies":[{"embeddable":true,"href":"https:\/\/amplitudmodulada.com.ar\/index.php\/wp-json\/wp\/v2\/comments?post=2878"}],"version-history":[{"count":3,"href":"https:\/\/amplitudmodulada.com.ar\/index.php\/wp-json\/wp\/v2\/pages\/2878\/revisions"}],"predecessor-version":[{"id":2883,"href":"https:\/\/amplitudmodulada.com.ar\/index.php\/wp-json\/wp\/v2\/pages\/2878\/revisions\/2883"}],"wp:attachment":[{"href":"https:\/\/amplitudmodulada.com.ar\/index.php\/wp-json\/wp\/v2\/media?parent=2878"}],"curies":[{"name":"wp","href":"https:\/\/api.w.org\/{rel}","templated":true}]}}