{"id":3020,"date":"2024-08-17T17:30:48","date_gmt":"2024-08-17T20:30:48","guid":{"rendered":"https:\/\/amplitudmodulada.com.ar\/?page_id=3020"},"modified":"2024-08-17T17:41:59","modified_gmt":"2024-08-17T20:41:59","slug":"noticia13131","status":"publish","type":"page","link":"https:\/\/amplitudmodulada.com.ar\/index.php\/noticia13131\/","title":{"rendered":"Trabajadores de LV12 Radio Independencia se declaran en estado de alerta y movilizaci\u00f3n"},"content":{"rendered":"\n<figure class=\"wp-block-image size-full\"><img loading=\"lazy\" decoding=\"async\" width=\"141\" height=\"80\" src=\"http:\/\/amplitudmodulada.com.ar\/wp-content\/uploads\/2024\/03\/LV12-e1711152370442.png\" alt=\"\" class=\"wp-image-1367\"\/><\/figure>\n\n\n\n<p>Los trabajadores de LV12 Radio Independencia de San Miguel de Tucum\u00e1n se declararon este lunes en estado de alerta y movilizaci\u00f3n como respuesta al fracaso de la reuni\u00f3n paritaria mantenida con los directivos de la emisora.<\/p>\n\n\n\n<p>Autoridades de Radio Independencia mantienen una postura intransigente y se niegan a otorgar una compensaci\u00f3n salarial que permita a los empleados de la emisora recuperar parte del poder adquisitivo perdido frente a la inflaci\u00f3n.<\/p>\n\n\n\n<p>&#8220;La respuesta fue que no hay plata para mejorar los salarios de los treinta y siete trabajadores de LV12 Radio Independencia. Por eso, se ha decidido comunicar a las autoridades laborales de la provincia y de Naci\u00f3n que se decreta el estado de alerta y movilizaci\u00f3n para resguardar legalmente el estado de la asamblea&#8221;, inform\u00f3 el secretario gremial de la Asociaci\u00f3n de Prensa de Tucum\u00e1n, Diego Tomas.<\/p>\n\n\n\n<p>En lo que va del a\u00f1o, los trabajadores de la radio recibieron una \u00fanica suba salarial del 20%, que se aplic\u00f3 sobre las remuneraciones de abril, mes en el que el IPC calculado por el INDEC ya hab\u00eda acumulado el 65% anual.<\/p>\n\n\n\n<p>Con estos porcentajes en mano, los delegados y autoridades de la radio hab\u00edan iniciado una nueva negociaci\u00f3n salarial hace dos semanas, pero la discusi\u00f3n se trab\u00f3  r\u00e1pidamente ante el silencio de la empresa al pedido de actualizaci\u00f3n de un 25% para los salarios de mayo.<\/p>\n\n\n\n<p>Fuente: <a href=\"http:\/\/www.primerafuente.com.ar\" data-type=\"link\" data-id=\"www.primerafuente.com.ar\" target=\"_blank\" rel=\"noreferrer noopener\">www.primerafuente.com.ar<\/a> | San Miguel de Tucum\u00e1n &#8211; Tucum\u00e1n | 27.05.24<\/p>\n","protected":false},"excerpt":{"rendered":"<p>Los trabajadores de LV12 Radio Independencia de San Miguel de Tucum\u00e1n se declararon este lunes en estado de alerta y movilizaci\u00f3n como respuesta al fracaso de la reuni\u00f3n paritaria mantenida con los directivos de la emisora. Autoridades de Radio Independencia mantienen una postura intransigente y se niegan a otorgar una compensaci\u00f3n salarial que permita a &hellip; <a href=\"https:\/\/amplitudmodulada.com.ar\/index.php\/noticia13131\/\" class=\"more-link\">Continu\u00e1 leyendo <span class=\"screen-reader-text\">Trabajadores de LV12 Radio Independencia se declaran en estado de alerta y movilizaci\u00f3n<\/span><\/a><\/p>\n","protected":false},"author":1,"featured_media":0,"parent":0,"menu_order":0,"comment_status":"closed","ping_status":"closed","template":"","meta":{"footnotes":""},"class_list":["post-3020","page","type-page","status-publish","hentry"],"_links":{"self":[{"href":"https:\/\/amplitudmodulada.com.ar\/index.php\/wp-json\/wp\/v2\/pages\/3020","targetHints":{"allow":["GET"]}}],"collection":[{"href":"https:\/\/amplitudmodulada.com.ar\/index.php\/wp-json\/wp\/v2\/pages"}],"about":[{"href":"https:\/\/amplitudmodulada.com.ar\/index.php\/wp-json\/wp\/v2\/types\/page"}],"author":[{"embeddable":true,"href":"https:\/\/amplitudmodulada.com.ar\/index.php\/wp-json\/wp\/v2\/users\/1"}],"replies":[{"embeddable":true,"href":"https:\/\/amplitudmodulada.com.ar\/index.php\/wp-json\/wp\/v2\/comments?post=3020"}],"version-history":[{"count":3,"href":"https:\/\/amplitudmodulada.com.ar\/index.php\/wp-json\/wp\/v2\/pages\/3020\/revisions"}],"predecessor-version":[{"id":3025,"href":"https:\/\/amplitudmodulada.com.ar\/index.php\/wp-json\/wp\/v2\/pages\/3020\/revisions\/3025"}],"wp:attachment":[{"href":"https:\/\/amplitudmodulada.com.ar\/index.php\/wp-json\/wp\/v2\/media?parent=3020"}],"curies":[{"name":"wp","href":"https:\/\/api.w.org\/{rel}","templated":true}]}}