{"id":3144,"date":"2024-08-19T20:58:50","date_gmt":"2024-08-19T23:58:50","guid":{"rendered":"https:\/\/amplitudmodulada.com.ar\/?page_id=3144"},"modified":"2024-08-19T21:03:56","modified_gmt":"2024-08-20T00:03:56","slug":"radio0101","status":"publish","type":"page","link":"https:\/\/amplitudmodulada.com.ar\/index.php\/radio0101\/","title":{"rendered":"950 Khz. | LT16 Radio S\u00e1enz Pe\u00f1a"},"content":{"rendered":"\n<figure class=\"wp-block-image size-full\"><img loading=\"lazy\" decoding=\"async\" width=\"114\" height=\"60\" src=\"http:\/\/amplitudmodulada.com.ar\/wp-content\/uploads\/2024\/08\/0101-e1724112230336.png\" alt=\"\" class=\"wp-image-3147\"\/><\/figure>\n\n\n\n<figure class=\"wp-block-table\"><table><tbody><tr><td><img loading=\"lazy\" decoding=\"async\" width=\"20\" height=\"16\" class=\"wp-image-362\" style=\"width: 20px;\" src=\"http:\/\/amplitudmodulada.com.ar\/wp-content\/uploads\/2024\/01\/punto-e1705531001629.png\" alt=\"\"> Calle 19 151<\/td><\/tr><tr><td><img loading=\"lazy\" decoding=\"async\" width=\"20\" height=\"16\" class=\"wp-image-362\" style=\"width: 20px;\" src=\"http:\/\/amplitudmodulada.com.ar\/wp-content\/uploads\/2024\/01\/punto-e1705531001629.png\" alt=\"\"> Presidencia Roque S\u00e1enz Pe\u00f1a \u2013 Chaco<\/td><\/tr><tr><td><img loading=\"lazy\" decoding=\"async\" width=\"20\" height=\"20\" class=\"wp-image-364\" style=\"width: 20px;\" src=\"http:\/\/amplitudmodulada.com.ar\/wp-content\/uploads\/2024\/01\/whatsApp-e1705531130275.jpg\" alt=\"\"> 364 480-0950<\/td><\/tr><tr><td><img loading=\"lazy\" decoding=\"async\" width=\"20\" height=\"16\" class=\"wp-image-362\" style=\"width: 20px;\" src=\"http:\/\/amplitudmodulada.com.ar\/wp-content\/uploads\/2024\/01\/punto-e1705531001629.png\" alt=\"\"> <a href=\"http:\/\/www.radiorsp.com.ar\" data-type=\"link\" data-id=\"www.radiorsp.com.ar\" target=\"_blank\" rel=\"noreferrer noopener\">www.radiorsp.com.ar<\/a><\/td><\/tr><tr><td><img loading=\"lazy\" decoding=\"async\" width=\"20\" height=\"16\" class=\"wp-image-362\" style=\"width: 20px;\" src=\"http:\/\/amplitudmodulada.com.ar\/wp-content\/uploads\/2024\/01\/punto-e1705531001629.png\" alt=\"\"> Comenz\u00f3 a emitir el 23 de octubre de 1952<\/td><\/tr><tr><td><img loading=\"lazy\" decoding=\"async\" width=\"20\" height=\"16\" class=\"wp-image-362\" style=\"width: 20px;\" src=\"http:\/\/amplitudmodulada.com.ar\/wp-content\/uploads\/2024\/01\/punto-e1705531001629.png\" alt=\"\"> Emisora operada por Radio Roque S\u00e1enz Pe\u00f1a S.R.L.<\/td><\/tr><\/tbody><\/table><\/figure>\n","protected":false},"excerpt":{"rendered":"<p>Calle 19 151 Presidencia Roque S\u00e1enz Pe\u00f1a \u2013 Chaco 364 480-0950 www.radiorsp.com.ar Comenz\u00f3 a emitir el 23 de octubre de 1952 Emisora operada por Radio Roque S\u00e1enz Pe\u00f1a S.R.L.<\/p>\n","protected":false},"author":1,"featured_media":0,"parent":0,"menu_order":0,"comment_status":"closed","ping_status":"closed","template":"","meta":{"footnotes":""},"class_list":["post-3144","page","type-page","status-publish","hentry"],"_links":{"self":[{"href":"https:\/\/amplitudmodulada.com.ar\/index.php\/wp-json\/wp\/v2\/pages\/3144","targetHints":{"allow":["GET"]}}],"collection":[{"href":"https:\/\/amplitudmodulada.com.ar\/index.php\/wp-json\/wp\/v2\/pages"}],"about":[{"href":"https:\/\/amplitudmodulada.com.ar\/index.php\/wp-json\/wp\/v2\/types\/page"}],"author":[{"embeddable":true,"href":"https:\/\/amplitudmodulada.com.ar\/index.php\/wp-json\/wp\/v2\/users\/1"}],"replies":[{"embeddable":true,"href":"https:\/\/amplitudmodulada.com.ar\/index.php\/wp-json\/wp\/v2\/comments?post=3144"}],"version-history":[{"count":2,"href":"https:\/\/amplitudmodulada.com.ar\/index.php\/wp-json\/wp\/v2\/pages\/3144\/revisions"}],"predecessor-version":[{"id":3148,"href":"https:\/\/amplitudmodulada.com.ar\/index.php\/wp-json\/wp\/v2\/pages\/3144\/revisions\/3148"}],"wp:attachment":[{"href":"https:\/\/amplitudmodulada.com.ar\/index.php\/wp-json\/wp\/v2\/media?parent=3144"}],"curies":[{"name":"wp","href":"https:\/\/api.w.org\/{rel}","templated":true}]}}