{"id":3150,"date":"2024-08-20T20:51:51","date_gmt":"2024-08-20T23:51:51","guid":{"rendered":"https:\/\/amplitudmodulada.com.ar\/?page_id=3150"},"modified":"2024-08-20T21:00:28","modified_gmt":"2024-08-21T00:00:28","slug":"noticia13140","status":"publish","type":"page","link":"https:\/\/amplitudmodulada.com.ar\/index.php\/noticia13140\/","title":{"rendered":"LU2 Radio Bah\u00eda Blanca cumple noventa y cuatro a\u00f1os en el aire"},"content":{"rendered":"\n<figure class=\"wp-block-image size-full\"><img loading=\"lazy\" decoding=\"async\" width=\"178\" height=\"60\" src=\"http:\/\/amplitudmodulada.com.ar\/wp-content\/uploads\/2024\/01\/LU2-e1705179069268.png\" alt=\"\" class=\"wp-image-243\"\/><\/figure>\n\n\n\n<p>LU2 Radio Bah\u00eda Blanca cumple este viernes 31 de mayo noventa y cuatro a\u00f1os en el aire. La emisora sale al aire actualmente en 840 Khz. y 92.7 Mhz.<\/p>\n\n\n\n<p>La radio sali\u00f3 al aire por primera vez el 31 de mayo de 1930, a las 17.30 horas, con una alocuci\u00f3n del entonces intendente municipal Florentino Ayestar\u00e1n, quien se puso al frente de LT8 Broadcasting Bah\u00eda Blanca, tal su denominaci\u00f3n original.<\/p>\n\n\n\n<p>La primera sede de la radio del Grupo La Nueva Provincia estuvo en Zelayarr\u00e1n 1610 y en sus inicios transmit\u00eda de 20.00 a 23.00 horas, con la lectura del diario.<\/p>\n\n\n\n<p>Desde entonces, mucha historia ha transcurrido y por sus micr\u00f3fonos pasaron las voces de las principales figuras de la pol\u00edtica, la cultura y el deporte de nuestro pa\u00eds y del mundo entero.<\/p>\n\n\n\n<p>Presidentes, artistas consagrados y campeones del mundo pasaron por Radio Bah\u00eda Blanca.<\/p>\n\n\n\n<p>Fuente: <a href=\"http:\/\/www.lanueva.com\" data-type=\"link\" data-id=\"www.lanueva.com\" target=\"_blank\" rel=\"noreferrer noopener\">www.lanueva.com<\/a> | Bah\u00eda Blanca &#8211; Buenos Aires | 31.05.24<\/p>\n","protected":false},"excerpt":{"rendered":"<p>LU2 Radio Bah\u00eda Blanca cumple este viernes 31 de mayo noventa y cuatro a\u00f1os en el aire. La emisora sale al aire actualmente en 840 Khz. y 92.7 Mhz. La radio sali\u00f3 al aire por primera vez el 31 de mayo de 1930, a las 17.30 horas, con una alocuci\u00f3n del entonces intendente municipal Florentino &hellip; <a href=\"https:\/\/amplitudmodulada.com.ar\/index.php\/noticia13140\/\" class=\"more-link\">Continu\u00e1 leyendo <span class=\"screen-reader-text\">LU2 Radio Bah\u00eda Blanca cumple noventa y cuatro a\u00f1os en el aire<\/span><\/a><\/p>\n","protected":false},"author":1,"featured_media":0,"parent":0,"menu_order":0,"comment_status":"closed","ping_status":"closed","template":"","meta":{"footnotes":""},"class_list":["post-3150","page","type-page","status-publish","hentry"],"_links":{"self":[{"href":"https:\/\/amplitudmodulada.com.ar\/index.php\/wp-json\/wp\/v2\/pages\/3150","targetHints":{"allow":["GET"]}}],"collection":[{"href":"https:\/\/amplitudmodulada.com.ar\/index.php\/wp-json\/wp\/v2\/pages"}],"about":[{"href":"https:\/\/amplitudmodulada.com.ar\/index.php\/wp-json\/wp\/v2\/types\/page"}],"author":[{"embeddable":true,"href":"https:\/\/amplitudmodulada.com.ar\/index.php\/wp-json\/wp\/v2\/users\/1"}],"replies":[{"embeddable":true,"href":"https:\/\/amplitudmodulada.com.ar\/index.php\/wp-json\/wp\/v2\/comments?post=3150"}],"version-history":[{"count":2,"href":"https:\/\/amplitudmodulada.com.ar\/index.php\/wp-json\/wp\/v2\/pages\/3150\/revisions"}],"predecessor-version":[{"id":3153,"href":"https:\/\/amplitudmodulada.com.ar\/index.php\/wp-json\/wp\/v2\/pages\/3150\/revisions\/3153"}],"wp:attachment":[{"href":"https:\/\/amplitudmodulada.com.ar\/index.php\/wp-json\/wp\/v2\/media?parent=3150"}],"curies":[{"name":"wp","href":"https:\/\/api.w.org\/{rel}","templated":true}]}}