{"id":3194,"date":"2024-08-24T18:33:11","date_gmt":"2024-08-24T21:33:11","guid":{"rendered":"https:\/\/amplitudmodulada.com.ar\/?page_id=3194"},"modified":"2024-08-24T18:40:51","modified_gmt":"2024-08-24T21:40:51","slug":"noticia13143","status":"publish","type":"page","link":"https:\/\/amplitudmodulada.com.ar\/index.php\/noticia13143\/","title":{"rendered":"La senadora Alicia Kirchner respald\u00f3 a los trabajadores de Radio Nacional"},"content":{"rendered":"\n<figure class=\"wp-block-image size-full\"><img loading=\"lazy\" decoding=\"async\" width=\"138\" height=\"100\" src=\"http:\/\/amplitudmodulada.com.ar\/wp-content\/uploads\/2024\/01\/LRA-e1704493215157.png\" alt=\"\" class=\"wp-image-8\"\/><\/figure>\n\n\n\n<p>A trav\u00e9s de las redes sociales, la senadora por la provincia de Santa Cruz, Alicia Kirchner, emiti\u00f3 un mensaje en apoyo a los trabajadores de las emisoras que Radio Nacional opera en esa provincia.<\/p>\n\n\n\n<p>El mensaje fue emitido pocos d\u00edas despu\u00e9s de que el gobierno nacional anunciara el cierre de las p\u00e1ginas web y las redes sociales de todos medios p\u00fablicos.<\/p>\n\n\n\n<p>&#8220;En Santa Cruz acompa\u00f1amos la defensa del derecho a los servicios de comunicaci\u00f3n de los trabajadores y trabajadoras de LRA56 Radio Nacional Perito Moreno, LRA59 Radio Nacional Gobernador Gregores, LU23 Radio Nacional El Calafate y LRA18 Radio Nacional R\u00edo Turbio&#8221;, escribi\u00f3 la senadora y ex gobernadora de Santa Cruz.<\/p>\n\n\n\n<p>En ese sentido, la legisladora se\u00f1al\u00f3 que &#8220;los medios p\u00fablicos garantizan derechos esenciales en democracia, nos mantienen conectados e informados&#8221; y a\u00f1adi\u00f3 que &#8220;la presencia de Radio Nacional es fundamental en R\u00edo Turbio, Gobernador Gregores, Calafate, Perito Moreno y en tantos lugares de nuestra Patria&#8221;.<\/p>\n\n\n\n<p>Fuente: <a href=\"http:\/\/www.patagonianexo.com.ar\" data-type=\"link\" data-id=\"www.patagonianexo.com.ar\" target=\"_blank\" rel=\"noreferrer noopener\">www.patagonianexo.com.ar<\/a> | R\u00edo Turbio &#8211; Santa Cruz | 04.06.24<\/p>\n\n\n\n<p><\/p>\n","protected":false},"excerpt":{"rendered":"<p>A trav\u00e9s de las redes sociales, la senadora por la provincia de Santa Cruz, Alicia Kirchner, emiti\u00f3 un mensaje en apoyo a los trabajadores de las emisoras que Radio Nacional opera en esa provincia. El mensaje fue emitido pocos d\u00edas despu\u00e9s de que el gobierno nacional anunciara el cierre de las p\u00e1ginas web y las &hellip; <a href=\"https:\/\/amplitudmodulada.com.ar\/index.php\/noticia13143\/\" class=\"more-link\">Continu\u00e1 leyendo <span class=\"screen-reader-text\">La senadora Alicia Kirchner respald\u00f3 a los trabajadores de Radio Nacional<\/span><\/a><\/p>\n","protected":false},"author":1,"featured_media":0,"parent":0,"menu_order":0,"comment_status":"closed","ping_status":"closed","template":"","meta":{"footnotes":""},"class_list":["post-3194","page","type-page","status-publish","hentry"],"_links":{"self":[{"href":"https:\/\/amplitudmodulada.com.ar\/index.php\/wp-json\/wp\/v2\/pages\/3194","targetHints":{"allow":["GET"]}}],"collection":[{"href":"https:\/\/amplitudmodulada.com.ar\/index.php\/wp-json\/wp\/v2\/pages"}],"about":[{"href":"https:\/\/amplitudmodulada.com.ar\/index.php\/wp-json\/wp\/v2\/types\/page"}],"author":[{"embeddable":true,"href":"https:\/\/amplitudmodulada.com.ar\/index.php\/wp-json\/wp\/v2\/users\/1"}],"replies":[{"embeddable":true,"href":"https:\/\/amplitudmodulada.com.ar\/index.php\/wp-json\/wp\/v2\/comments?post=3194"}],"version-history":[{"count":2,"href":"https:\/\/amplitudmodulada.com.ar\/index.php\/wp-json\/wp\/v2\/pages\/3194\/revisions"}],"predecessor-version":[{"id":3197,"href":"https:\/\/amplitudmodulada.com.ar\/index.php\/wp-json\/wp\/v2\/pages\/3194\/revisions\/3197"}],"wp:attachment":[{"href":"https:\/\/amplitudmodulada.com.ar\/index.php\/wp-json\/wp\/v2\/media?parent=3194"}],"curies":[{"name":"wp","href":"https:\/\/api.w.org\/{rel}","templated":true}]}}