{"id":3242,"date":"2024-08-25T16:52:40","date_gmt":"2024-08-25T19:52:40","guid":{"rendered":"https:\/\/amplitudmodulada.com.ar\/?page_id=3242"},"modified":"2024-08-25T16:52:40","modified_gmt":"2024-08-25T19:52:40","slug":"noticia13146","status":"publish","type":"page","link":"https:\/\/amplitudmodulada.com.ar\/index.php\/noticia13146\/","title":{"rendered":"El Ministro de Justicia denunci\u00f3 a los periodistas Nancy Pazos y Dar\u00edo Villarruel por &#8220;instigaci\u00f3n al delito&#8221;"},"content":{"rendered":"\n<figure class=\"wp-block-image size-full\"><img loading=\"lazy\" decoding=\"async\" width=\"126\" height=\"80\" src=\"http:\/\/amplitudmodulada.com.ar\/wp-content\/uploads\/2024\/01\/710-e1704587121920.png\" alt=\"\" class=\"wp-image-122\"\/><\/figure>\n\n\n\n<p>El ministro de Justicia, Mariana C\u00faneo Libarona, present\u00f3 ayer dos denuncias por &#8220;instigaci\u00f3n al delito&#8221; contra Nancy Pazos y Dar\u00edo Villarruel, luego de que los periodistas expresaran sus cr\u00edticas en relaci\u00f3n al esc\u00e1ndalo de los alimentos acopiados por el gobierno nacional en dos galpones.<\/p>\n\n\n\n<p>Las dos denuncias contra los periodistas de LRL202 Radio 10 fueron presentadas este lunes por el ministro de Justicia y recayeron en dos juzgados distintos, a cargo de los jueces federales Sebasti\u00e1n Ramos y Ariel Lijo, seg\u00fan datos proporcionados por el Centro de Informaci\u00f3n Judicial.<\/p>\n\n\n\n<p>La denuncia contra Nancy Pazos fue registrada con el n\u00famero 2129\/2024 y qued\u00f3 bajo la \u00f3rbita del juez Ariel Lijo, en tanto que la denuncia contra Dar\u00edo Villarruel lleva el n\u00famero 2106\/2024 y recay\u00f3 en el juez Sebasti\u00e1n Ramos.<\/p>\n\n\n\n<p>Fuente: <a href=\"http:\/\/www.lanacion.com.ar\" data-type=\"link\" data-id=\"www.lanacion.com.ar\" target=\"_blank\" rel=\"noreferrer noopener\">www.lanacion.com.ar<\/a> | Ciudad Aut\u00f3noma de Buenos Aires | 04.06.24<\/p>\n","protected":false},"excerpt":{"rendered":"<p>El ministro de Justicia, Mariana C\u00faneo Libarona, present\u00f3 ayer dos denuncias por &#8220;instigaci\u00f3n al delito&#8221; contra Nancy Pazos y Dar\u00edo Villarruel, luego de que los periodistas expresaran sus cr\u00edticas en relaci\u00f3n al esc\u00e1ndalo de los alimentos acopiados por el gobierno nacional en dos galpones. Las dos denuncias contra los periodistas de LRL202 Radio 10 fueron &hellip; <a href=\"https:\/\/amplitudmodulada.com.ar\/index.php\/noticia13146\/\" class=\"more-link\">Continu\u00e1 leyendo <span class=\"screen-reader-text\">El Ministro de Justicia denunci\u00f3 a los periodistas Nancy Pazos y Dar\u00edo Villarruel por &#8220;instigaci\u00f3n al delito&#8221;<\/span><\/a><\/p>\n","protected":false},"author":1,"featured_media":0,"parent":0,"menu_order":0,"comment_status":"closed","ping_status":"closed","template":"","meta":{"footnotes":""},"class_list":["post-3242","page","type-page","status-publish","hentry"],"_links":{"self":[{"href":"https:\/\/amplitudmodulada.com.ar\/index.php\/wp-json\/wp\/v2\/pages\/3242","targetHints":{"allow":["GET"]}}],"collection":[{"href":"https:\/\/amplitudmodulada.com.ar\/index.php\/wp-json\/wp\/v2\/pages"}],"about":[{"href":"https:\/\/amplitudmodulada.com.ar\/index.php\/wp-json\/wp\/v2\/types\/page"}],"author":[{"embeddable":true,"href":"https:\/\/amplitudmodulada.com.ar\/index.php\/wp-json\/wp\/v2\/users\/1"}],"replies":[{"embeddable":true,"href":"https:\/\/amplitudmodulada.com.ar\/index.php\/wp-json\/wp\/v2\/comments?post=3242"}],"version-history":[{"count":1,"href":"https:\/\/amplitudmodulada.com.ar\/index.php\/wp-json\/wp\/v2\/pages\/3242\/revisions"}],"predecessor-version":[{"id":3243,"href":"https:\/\/amplitudmodulada.com.ar\/index.php\/wp-json\/wp\/v2\/pages\/3242\/revisions\/3243"}],"wp:attachment":[{"href":"https:\/\/amplitudmodulada.com.ar\/index.php\/wp-json\/wp\/v2\/media?parent=3242"}],"curies":[{"name":"wp","href":"https:\/\/api.w.org\/{rel}","templated":true}]}}