{"id":3290,"date":"2024-08-26T19:37:49","date_gmt":"2024-08-26T22:37:49","guid":{"rendered":"https:\/\/amplitudmodulada.com.ar\/?page_id=3290"},"modified":"2024-08-26T19:49:14","modified_gmt":"2024-08-26T22:49:14","slug":"noticia13154","status":"publish","type":"page","link":"https:\/\/amplitudmodulada.com.ar\/index.php\/noticia13154\/","title":{"rendered":"La Justicia rechaz\u00f3 la denuncia del ministro de Justicia contra Nancy Pazos"},"content":{"rendered":"\n<figure class=\"wp-block-image size-full\"><img loading=\"lazy\" decoding=\"async\" width=\"126\" height=\"80\" src=\"http:\/\/amplitudmodulada.com.ar\/wp-content\/uploads\/2024\/01\/710-e1704587121920.png\" alt=\"\" class=\"wp-image-122\"\/><\/figure>\n\n\n\n<p>La Justicia rechaz\u00f3 la denuncia que realiz\u00f3 el ministro de Justicia, Mariano C\u00faneo Libarona, contra la periodista Nancy Pazos por supuesta &#8220;instigaci\u00f3n a cometer delitos&#8221;.<\/p>\n\n\n\n<p>En un reciente dictamen, el fiscal federal Ramiro Gonz\u00e1lez consider\u00f3 que las expresiones de la periodista &#8220;no tienen entidad&#8221; para ser consideradas un delito.<\/p>\n\n\n\n<p>En un caso que provoc\u00f3 repudio, Mariano C\u00faneo Libarona denunci\u00f3 a t\u00edtulo personal a la periodista y a su colega Dar\u00edo Villarruel, a ra\u00edz de una serie de declaraciones que realizaron en el marco del esc\u00e1ndalo por las cinco toneladas de alimentos no distribuidos por el ministerio de Capital Humano.<\/p>\n\n\n\n<p>&#8220;Sus manifestaciones no tienen entidad para considerar que se trat\u00f3 de una conducta delictiva y tampoco re\u00fane los elementos del tipo penal por la cual fue denunciada&#8221;, expres\u00f3 el fiscal, desestimando el caso que, tras la presentaci\u00f3n judicial del pasado lunes, qued\u00f3 registrado con el n\u00famero 2129\/2024 y recay\u00f3 por sorteo en el juzgado federal a cargo de Ariel Lijo.<\/p>\n\n\n\n<p>Fuente: <a href=\"http:\/\/www.perfil.com\" data-type=\"link\" data-id=\"www.perfil.com\" target=\"_blank\" rel=\"noreferrer noopener\">www.perfil.com<\/a> | Ciudad Aut\u00f3noma de Buenos Aires | 06.06.24<\/p>\n","protected":false},"excerpt":{"rendered":"<p>La Justicia rechaz\u00f3 la denuncia que realiz\u00f3 el ministro de Justicia, Mariano C\u00faneo Libarona, contra la periodista Nancy Pazos por supuesta &#8220;instigaci\u00f3n a cometer delitos&#8221;. En un reciente dictamen, el fiscal federal Ramiro Gonz\u00e1lez consider\u00f3 que las expresiones de la periodista &#8220;no tienen entidad&#8221; para ser consideradas un delito. En un caso que provoc\u00f3 repudio, &hellip; <a href=\"https:\/\/amplitudmodulada.com.ar\/index.php\/noticia13154\/\" class=\"more-link\">Continu\u00e1 leyendo <span class=\"screen-reader-text\">La Justicia rechaz\u00f3 la denuncia del ministro de Justicia contra Nancy Pazos<\/span><\/a><\/p>\n","protected":false},"author":1,"featured_media":0,"parent":0,"menu_order":0,"comment_status":"closed","ping_status":"closed","template":"","meta":{"footnotes":""},"class_list":["post-3290","page","type-page","status-publish","hentry"],"_links":{"self":[{"href":"https:\/\/amplitudmodulada.com.ar\/index.php\/wp-json\/wp\/v2\/pages\/3290","targetHints":{"allow":["GET"]}}],"collection":[{"href":"https:\/\/amplitudmodulada.com.ar\/index.php\/wp-json\/wp\/v2\/pages"}],"about":[{"href":"https:\/\/amplitudmodulada.com.ar\/index.php\/wp-json\/wp\/v2\/types\/page"}],"author":[{"embeddable":true,"href":"https:\/\/amplitudmodulada.com.ar\/index.php\/wp-json\/wp\/v2\/users\/1"}],"replies":[{"embeddable":true,"href":"https:\/\/amplitudmodulada.com.ar\/index.php\/wp-json\/wp\/v2\/comments?post=3290"}],"version-history":[{"count":2,"href":"https:\/\/amplitudmodulada.com.ar\/index.php\/wp-json\/wp\/v2\/pages\/3290\/revisions"}],"predecessor-version":[{"id":3293,"href":"https:\/\/amplitudmodulada.com.ar\/index.php\/wp-json\/wp\/v2\/pages\/3290\/revisions\/3293"}],"wp:attachment":[{"href":"https:\/\/amplitudmodulada.com.ar\/index.php\/wp-json\/wp\/v2\/media?parent=3290"}],"curies":[{"name":"wp","href":"https:\/\/api.w.org\/{rel}","templated":true}]}}