{"id":3354,"date":"2024-08-27T11:16:43","date_gmt":"2024-08-27T14:16:43","guid":{"rendered":"https:\/\/amplitudmodulada.com.ar\/?page_id=3354"},"modified":"2024-08-27T11:23:03","modified_gmt":"2024-08-27T14:23:03","slug":"noticia13155","status":"publish","type":"page","link":"https:\/\/amplitudmodulada.com.ar\/index.php\/noticia13155\/","title":{"rendered":"Mega estrena nuevo estudio de transmisi\u00f3n"},"content":{"rendered":"\n<figure class=\"wp-block-image size-full\"><img loading=\"lazy\" decoding=\"async\" width=\"217\" height=\"55\" src=\"http:\/\/amplitudmodulada.com.ar\/wp-content\/uploads\/2024\/02\/mega-e1708300544778.png\" alt=\"\" class=\"wp-image-929\"\/><\/figure>\n\n\n\n<p>La emisora de Frecuencia Modulada Mega estrenar\u00e1 este lunes 10 de junio nuevo estudio de transmisi\u00f3n y lanzar\u00e1, de manera oficial, el primer streaming del rock nacional.<\/p>\n\n\n\n<p>Durante la inauguraci\u00f3n habr\u00e1 una alfombra roja para que hagan su ingreso los artistas m\u00e1s importantes que todos los d\u00edas suenan en esa emisora.<\/p>\n\n\n\n<p>Adem\u00e1s, habr\u00e1 un show ac\u00fastico de Turf y se inaugurar\u00e1 una placa conmemorativa en homenaje a Charly Garc\u00eda, ya que el nuevo estudio de transmisi\u00f3n llevar\u00e1 su nombre.<\/p>\n\n\n\n<p>Mega sale al aire desde la Ciudad Aut\u00f3noma de Buenos Aires en 98.3 Mhz.<\/p>\n\n\n\n<p>Fuente: <a href=\"http:\/\/www.totalmedios.com\" data-type=\"link\" data-id=\"www.totalmedios.com\" target=\"_blank\" rel=\"noreferrer noopener\">www.totalmedios.com<\/a> | Ciudad Aut\u00f3noma de Buenos Aires | 07.06.24 <\/p>\n","protected":false},"excerpt":{"rendered":"<p>La emisora de Frecuencia Modulada Mega estrenar\u00e1 este lunes 10 de junio nuevo estudio de transmisi\u00f3n y lanzar\u00e1, de manera oficial, el primer streaming del rock nacional. Durante la inauguraci\u00f3n habr\u00e1 una alfombra roja para que hagan su ingreso los artistas m\u00e1s importantes que todos los d\u00edas suenan en esa emisora. Adem\u00e1s, habr\u00e1 un show &hellip; <a href=\"https:\/\/amplitudmodulada.com.ar\/index.php\/noticia13155\/\" class=\"more-link\">Continu\u00e1 leyendo <span class=\"screen-reader-text\">Mega estrena nuevo estudio de transmisi\u00f3n<\/span><\/a><\/p>\n","protected":false},"author":1,"featured_media":0,"parent":0,"menu_order":0,"comment_status":"closed","ping_status":"closed","template":"","meta":{"footnotes":""},"class_list":["post-3354","page","type-page","status-publish","hentry"],"_links":{"self":[{"href":"https:\/\/amplitudmodulada.com.ar\/index.php\/wp-json\/wp\/v2\/pages\/3354","targetHints":{"allow":["GET"]}}],"collection":[{"href":"https:\/\/amplitudmodulada.com.ar\/index.php\/wp-json\/wp\/v2\/pages"}],"about":[{"href":"https:\/\/amplitudmodulada.com.ar\/index.php\/wp-json\/wp\/v2\/types\/page"}],"author":[{"embeddable":true,"href":"https:\/\/amplitudmodulada.com.ar\/index.php\/wp-json\/wp\/v2\/users\/1"}],"replies":[{"embeddable":true,"href":"https:\/\/amplitudmodulada.com.ar\/index.php\/wp-json\/wp\/v2\/comments?post=3354"}],"version-history":[{"count":2,"href":"https:\/\/amplitudmodulada.com.ar\/index.php\/wp-json\/wp\/v2\/pages\/3354\/revisions"}],"predecessor-version":[{"id":3357,"href":"https:\/\/amplitudmodulada.com.ar\/index.php\/wp-json\/wp\/v2\/pages\/3354\/revisions\/3357"}],"wp:attachment":[{"href":"https:\/\/amplitudmodulada.com.ar\/index.php\/wp-json\/wp\/v2\/media?parent=3354"}],"curies":[{"name":"wp","href":"https:\/\/api.w.org\/{rel}","templated":true}]}}