{"id":3413,"date":"2024-08-27T21:48:49","date_gmt":"2024-08-28T00:48:49","guid":{"rendered":"https:\/\/amplitudmodulada.com.ar\/?page_id=3413"},"modified":"2024-08-27T21:48:49","modified_gmt":"2024-08-28T00:48:49","slug":"noticia13159","status":"publish","type":"page","link":"https:\/\/amplitudmodulada.com.ar\/index.php\/noticia13159\/","title":{"rendered":"Vandalizan el cartel de LRA9 Radio Nacional Esquel"},"content":{"rendered":"\n<figure class=\"wp-block-image size-full\"><img loading=\"lazy\" decoding=\"async\" width=\"112\" height=\"100\" src=\"http:\/\/amplitudmodulada.com.ar\/wp-content\/uploads\/2024\/04\/LRA9-e1714250246440.png\" alt=\"\" class=\"wp-image-1814\"\/><\/figure>\n\n\n\n<p>Desconocidos vandalizaron este domingo por la ma\u00f1ana el cartel de LRA9 Radio Nacional Esquel ubicado en el patio de entrada de la emisora.<\/p>\n\n\n\n<p>Los autores del hecho escribieron en el cartel un proclama a favor del presidente Javier Milei.<\/p>\n\n\n\n<p>El incidente se produce en los d\u00edas previos al tratamiento en el Senado de la Naci\u00f3n del proyecto de Ley Bases, que incluye la privatizaci\u00f3n de Radio Nacional.<\/p>\n\n\n\n<p>Los trabajadores de Radio Nacional Esquel realizaron la denuncia penal correspondiente para que se investigue el hecho y se castigue a los responsables.<\/p>\n\n\n\n<p>Fuente: <a href=\"http:\/\/www.diariolaportada.com.ar\" data-type=\"link\" data-id=\"www.diariolaportada.com.ar\" target=\"_blank\" rel=\"noreferrer noopener\">www.diariolaportada.com.ar<\/a> | Esquel &#8211; Chubut | 10.06.24<\/p>\n","protected":false},"excerpt":{"rendered":"<p>Desconocidos vandalizaron este domingo por la ma\u00f1ana el cartel de LRA9 Radio Nacional Esquel ubicado en el patio de entrada de la emisora. Los autores del hecho escribieron en el cartel un proclama a favor del presidente Javier Milei. El incidente se produce en los d\u00edas previos al tratamiento en el Senado de la Naci\u00f3n &hellip; <a href=\"https:\/\/amplitudmodulada.com.ar\/index.php\/noticia13159\/\" class=\"more-link\">Continu\u00e1 leyendo <span class=\"screen-reader-text\">Vandalizan el cartel de LRA9 Radio Nacional Esquel<\/span><\/a><\/p>\n","protected":false},"author":1,"featured_media":0,"parent":0,"menu_order":0,"comment_status":"closed","ping_status":"closed","template":"","meta":{"footnotes":""},"class_list":["post-3413","page","type-page","status-publish","hentry"],"_links":{"self":[{"href":"https:\/\/amplitudmodulada.com.ar\/index.php\/wp-json\/wp\/v2\/pages\/3413","targetHints":{"allow":["GET"]}}],"collection":[{"href":"https:\/\/amplitudmodulada.com.ar\/index.php\/wp-json\/wp\/v2\/pages"}],"about":[{"href":"https:\/\/amplitudmodulada.com.ar\/index.php\/wp-json\/wp\/v2\/types\/page"}],"author":[{"embeddable":true,"href":"https:\/\/amplitudmodulada.com.ar\/index.php\/wp-json\/wp\/v2\/users\/1"}],"replies":[{"embeddable":true,"href":"https:\/\/amplitudmodulada.com.ar\/index.php\/wp-json\/wp\/v2\/comments?post=3413"}],"version-history":[{"count":1,"href":"https:\/\/amplitudmodulada.com.ar\/index.php\/wp-json\/wp\/v2\/pages\/3413\/revisions"}],"predecessor-version":[{"id":3414,"href":"https:\/\/amplitudmodulada.com.ar\/index.php\/wp-json\/wp\/v2\/pages\/3413\/revisions\/3414"}],"wp:attachment":[{"href":"https:\/\/amplitudmodulada.com.ar\/index.php\/wp-json\/wp\/v2\/media?parent=3413"}],"curies":[{"name":"wp","href":"https:\/\/api.w.org\/{rel}","templated":true}]}}