{"id":3481,"date":"2024-08-28T18:24:19","date_gmt":"2024-08-28T21:24:19","guid":{"rendered":"https:\/\/amplitudmodulada.com.ar\/?page_id=3481"},"modified":"2024-08-28T18:33:54","modified_gmt":"2024-08-28T21:33:54","slug":"noticia13166","status":"publish","type":"page","link":"https:\/\/amplitudmodulada.com.ar\/index.php\/noticia13166\/","title":{"rendered":"Trabajadores de LT11 se manifestaron en defensa de los medios p\u00fablicos"},"content":{"rendered":"\n<figure class=\"wp-block-image size-full\"><img loading=\"lazy\" decoding=\"async\" width=\"153\" height=\"100\" src=\"http:\/\/amplitudmodulada.com.ar\/wp-content\/uploads\/2024\/03\/LT11-e1711215099430.png\" alt=\"\" class=\"wp-image-1380\"\/><\/figure>\n\n\n\n<p>El personal de LT11 Radio Nacional General Francisco Ram\u00edrez se congreg\u00f3 este martes 11 de junio frente a la sede de la emisora como parte de las acciones de lucha y concientizaci\u00f3n en defensa de los medios p\u00fablicos.<\/p>\n\n\n\n<p>La concentraci\u00f3n se realiz\u00f3 en las v\u00edsperas del tratamiento de la C\u00e1mara de Senadores del proyecto de Ley Bases, que establece la privatizaci\u00f3n de los medios p\u00fablicos.<\/p>\n\n\n\n<p>&#8220;De aprobarse la ley significar\u00e1 no solo que LT11 y los medios p\u00fablicos de la Argentina queden sujetos a privatizaci\u00f3n, sino que arrasar\u00e1 con un siglo de derechos, conquistados por los mismos trabajadores, con una reforma laboral y jubilatoria que nos va a hundir m\u00e1s en la miseria, avanzando en la precarizaci\u00f3n laboral y legitimando la persecuci\u00f3n a los que luchan&#8221;, se\u00f1alaron los trabajadores de la emisora de Concepci\u00f3n del Uruguay.<\/p>\n\n\n\n<p>Asimismo, se lanz\u00f3 un petitorio para defender la permanencia de los medios p\u00fablicos en la Argentina, en medio de una ola de cierre y privatizaci\u00f3n de entidades estatales.<\/p>\n\n\n\n<p>Fuente: <a href=\"http:\/\/www.elmiercolesdigital.com.ar\" data-type=\"link\" data-id=\"www.elmiercolesdigital.com.ar\" target=\"_blank\" rel=\"noreferrer noopener\">www.elmiercolesdigital.com.ar<\/a> | Concepci\u00f3n del Uruguay &#8211; Entre R\u00edos | 11.06.24 <\/p>\n","protected":false},"excerpt":{"rendered":"<p>El personal de LT11 Radio Nacional General Francisco Ram\u00edrez se congreg\u00f3 este martes 11 de junio frente a la sede de la emisora como parte de las acciones de lucha y concientizaci\u00f3n en defensa de los medios p\u00fablicos. La concentraci\u00f3n se realiz\u00f3 en las v\u00edsperas del tratamiento de la C\u00e1mara de Senadores del proyecto de &hellip; <a href=\"https:\/\/amplitudmodulada.com.ar\/index.php\/noticia13166\/\" class=\"more-link\">Continu\u00e1 leyendo <span class=\"screen-reader-text\">Trabajadores de LT11 se manifestaron en defensa de los medios p\u00fablicos<\/span><\/a><\/p>\n","protected":false},"author":1,"featured_media":0,"parent":0,"menu_order":0,"comment_status":"closed","ping_status":"closed","template":"","meta":{"footnotes":""},"class_list":["post-3481","page","type-page","status-publish","hentry"],"_links":{"self":[{"href":"https:\/\/amplitudmodulada.com.ar\/index.php\/wp-json\/wp\/v2\/pages\/3481","targetHints":{"allow":["GET"]}}],"collection":[{"href":"https:\/\/amplitudmodulada.com.ar\/index.php\/wp-json\/wp\/v2\/pages"}],"about":[{"href":"https:\/\/amplitudmodulada.com.ar\/index.php\/wp-json\/wp\/v2\/types\/page"}],"author":[{"embeddable":true,"href":"https:\/\/amplitudmodulada.com.ar\/index.php\/wp-json\/wp\/v2\/users\/1"}],"replies":[{"embeddable":true,"href":"https:\/\/amplitudmodulada.com.ar\/index.php\/wp-json\/wp\/v2\/comments?post=3481"}],"version-history":[{"count":2,"href":"https:\/\/amplitudmodulada.com.ar\/index.php\/wp-json\/wp\/v2\/pages\/3481\/revisions"}],"predecessor-version":[{"id":3484,"href":"https:\/\/amplitudmodulada.com.ar\/index.php\/wp-json\/wp\/v2\/pages\/3481\/revisions\/3484"}],"wp:attachment":[{"href":"https:\/\/amplitudmodulada.com.ar\/index.php\/wp-json\/wp\/v2\/media?parent=3481"}],"curies":[{"name":"wp","href":"https:\/\/api.w.org\/{rel}","templated":true}]}}