{"id":3573,"date":"2024-08-30T16:14:41","date_gmt":"2024-08-30T19:14:41","guid":{"rendered":"https:\/\/amplitudmodulada.com.ar\/?page_id=3573"},"modified":"2024-08-30T16:22:36","modified_gmt":"2024-08-30T19:22:36","slug":"noticia13173","status":"publish","type":"page","link":"https:\/\/amplitudmodulada.com.ar\/index.php\/noticia13173\/","title":{"rendered":"Muere Roberto Kfuri, pionero de la radiofon\u00eda de Villa Mar\u00eda"},"content":{"rendered":"\n<figure class=\"wp-block-image size-full\"><img loading=\"lazy\" decoding=\"async\" width=\"200\" height=\"52\" src=\"http:\/\/amplitudmodulada.com.ar\/wp-content\/uploads\/2024\/08\/LV28-e1725045387174.png\" alt=\"\" class=\"wp-image-3576\"\/><\/figure>\n\n\n\n<p>A los 88 a\u00f1os, falleci\u00f3 en la tarde de este viernes el empresario Roberto Kfuri, pionero de la radiodifusi\u00f3n en Villa Mar\u00eda.<\/p>\n\n\n\n<p>El empresario fallecido hoy fund\u00f3 en 1973 LV28 Radio Villa Mar\u00eda, emisora con la que realiz\u00f3 coberturas memorables y abri\u00f3 el espacio a distintos referentes de la radio de la ciudad.<\/p>\n\n\n\n<p>Tambi\u00e9n fund\u00f3 el diario El Puntal y escribi\u00f3 el libro &#8220;P\u00e1ginas de Radio. Radio y Medios de Comunicaci\u00f3n en la Villa Mar\u00eda de Mediados del Siglo XX&#8221;. que fue declarado de Inter\u00e9s Municipal.<\/p>\n\n\n\n<p>Fuente: <a href=\"http:\/\/www.eldiariocba.com.ar\" data-type=\"link\" data-id=\"www.eldiariocba.com.ar\" target=\"_blank\" rel=\"noreferrer noopener\">www.eldiariocba.com.ar<\/a> | Villa Mar\u00eda &#8211; C\u00f3rdoba | 14.06.24<\/p>\n","protected":false},"excerpt":{"rendered":"<p>A los 88 a\u00f1os, falleci\u00f3 en la tarde de este viernes el empresario Roberto Kfuri, pionero de la radiodifusi\u00f3n en Villa Mar\u00eda. El empresario fallecido hoy fund\u00f3 en 1973 LV28 Radio Villa Mar\u00eda, emisora con la que realiz\u00f3 coberturas memorables y abri\u00f3 el espacio a distintos referentes de la radio de la ciudad. Tambi\u00e9n fund\u00f3 &hellip; <a href=\"https:\/\/amplitudmodulada.com.ar\/index.php\/noticia13173\/\" class=\"more-link\">Continu\u00e1 leyendo <span class=\"screen-reader-text\">Muere Roberto Kfuri, pionero de la radiofon\u00eda de Villa Mar\u00eda<\/span><\/a><\/p>\n","protected":false},"author":1,"featured_media":0,"parent":0,"menu_order":0,"comment_status":"closed","ping_status":"closed","template":"","meta":{"footnotes":""},"class_list":["post-3573","page","type-page","status-publish","hentry"],"_links":{"self":[{"href":"https:\/\/amplitudmodulada.com.ar\/index.php\/wp-json\/wp\/v2\/pages\/3573","targetHints":{"allow":["GET"]}}],"collection":[{"href":"https:\/\/amplitudmodulada.com.ar\/index.php\/wp-json\/wp\/v2\/pages"}],"about":[{"href":"https:\/\/amplitudmodulada.com.ar\/index.php\/wp-json\/wp\/v2\/types\/page"}],"author":[{"embeddable":true,"href":"https:\/\/amplitudmodulada.com.ar\/index.php\/wp-json\/wp\/v2\/users\/1"}],"replies":[{"embeddable":true,"href":"https:\/\/amplitudmodulada.com.ar\/index.php\/wp-json\/wp\/v2\/comments?post=3573"}],"version-history":[{"count":2,"href":"https:\/\/amplitudmodulada.com.ar\/index.php\/wp-json\/wp\/v2\/pages\/3573\/revisions"}],"predecessor-version":[{"id":3577,"href":"https:\/\/amplitudmodulada.com.ar\/index.php\/wp-json\/wp\/v2\/pages\/3573\/revisions\/3577"}],"wp:attachment":[{"href":"https:\/\/amplitudmodulada.com.ar\/index.php\/wp-json\/wp\/v2\/media?parent=3573"}],"curies":[{"name":"wp","href":"https:\/\/api.w.org\/{rel}","templated":true}]}}