{"id":3580,"date":"2024-08-30T16:45:11","date_gmt":"2024-08-30T19:45:11","guid":{"rendered":"https:\/\/amplitudmodulada.com.ar\/?page_id=3580"},"modified":"2024-08-30T16:59:37","modified_gmt":"2024-08-30T19:59:37","slug":"noticia13174","status":"publish","type":"page","link":"https:\/\/amplitudmodulada.com.ar\/index.php\/noticia13174\/","title":{"rendered":"Declaran de Inter\u00e9s Provincial a LRA5 Radio Nacional Rosario y LRA14 Radio Nacional Santa Fe"},"content":{"rendered":"\n<figure class=\"wp-block-image size-full\"><img loading=\"lazy\" decoding=\"async\" width=\"106\" height=\"100\" src=\"http:\/\/amplitudmodulada.com.ar\/wp-content\/uploads\/2024\/04\/LRA5-e1714068439932.png\" alt=\"\" class=\"wp-image-1745\"\/><\/figure>\n\n\n\n<p>La C\u00e1mara de Diputados de Santa Fe declar\u00f3 de Inter\u00e9s Provincial a la tarea que llevan adelante LRA5 Radio Nacional Rosario y LRA14 Radio Nacional Santa Fe.<\/p>\n\n\n\n<p>La iniciativa expresaba originalmente &#8220;profunda preocupaci\u00f3n y en\u00e9rgico rechazo a la posible privatizaci\u00f3n&#8221; de ambas emisoras p\u00fablicas, que hab\u00eda aprobado la C\u00e1mara de Diputados de la Naci\u00f3n al votar el proyecto de Ley Bases.<\/p>\n\n\n\n<p>Posteriormente, la C\u00e1mara de Senadores quit\u00f3 a Radio y Televisi\u00f3n Argentina Sociedad del Estado de la lista de empresas sujetas a privatizaci\u00f3n , pero poco despu\u00e9s el jefe de Gabinete, Guillermo Francos, ratific\u00f3 que el gobierno nacional iba a impulsar que en la revisi\u00f3n final la C\u00e1mara de Diputados insistiera en el proyecto original.<\/p>\n\n\n\n<p>&#8220;Nos preocupa porque tenemos un antecedente muy inmediato, que es el de T\u00e9lam, que si bien no ha sido privatizada, hoy dej\u00f3 de funcionar, sus trabajadores ya no saben qu\u00e9 hacer y T\u00e9lam no produce informaci\u00f3n&#8221;, explic\u00f3 la diputada Lionella Cattalini, autora de la iniciativa.<\/p>\n\n\n\n<p>La aprobaci\u00f3n del proyecto de declaraci\u00f3n implica un fuerte posicionamiento pol\u00edtico de la C\u00e1mara de Diputados de Santa Fe sobre el futuro de ambas emisoras, que a nivel local integran la red de cuarenta y nueva emisoras que opera Radio y Televisi\u00f3n Argentina.<\/p>\n\n\n\n<p>Fuente: <a href=\"http:\/\/www.elciudadanoweb.com\" data-type=\"link\" data-id=\"www.elciudadanoweb.com\" target=\"_blank\" rel=\"noreferrer noopener\">www.elciudadanoweb.com<\/a> | Rosario &#8211; Santa Fe | 14.06.24<\/p>\n","protected":false},"excerpt":{"rendered":"<p>La C\u00e1mara de Diputados de Santa Fe declar\u00f3 de Inter\u00e9s Provincial a la tarea que llevan adelante LRA5 Radio Nacional Rosario y LRA14 Radio Nacional Santa Fe. La iniciativa expresaba originalmente &#8220;profunda preocupaci\u00f3n y en\u00e9rgico rechazo a la posible privatizaci\u00f3n&#8221; de ambas emisoras p\u00fablicas, que hab\u00eda aprobado la C\u00e1mara de Diputados de la Naci\u00f3n al &hellip; <a href=\"https:\/\/amplitudmodulada.com.ar\/index.php\/noticia13174\/\" class=\"more-link\">Continu\u00e1 leyendo <span class=\"screen-reader-text\">Declaran de Inter\u00e9s Provincial a LRA5 Radio Nacional Rosario y LRA14 Radio Nacional Santa Fe<\/span><\/a><\/p>\n","protected":false},"author":1,"featured_media":0,"parent":0,"menu_order":0,"comment_status":"closed","ping_status":"closed","template":"","meta":{"footnotes":""},"class_list":["post-3580","page","type-page","status-publish","hentry"],"_links":{"self":[{"href":"https:\/\/amplitudmodulada.com.ar\/index.php\/wp-json\/wp\/v2\/pages\/3580","targetHints":{"allow":["GET"]}}],"collection":[{"href":"https:\/\/amplitudmodulada.com.ar\/index.php\/wp-json\/wp\/v2\/pages"}],"about":[{"href":"https:\/\/amplitudmodulada.com.ar\/index.php\/wp-json\/wp\/v2\/types\/page"}],"author":[{"embeddable":true,"href":"https:\/\/amplitudmodulada.com.ar\/index.php\/wp-json\/wp\/v2\/users\/1"}],"replies":[{"embeddable":true,"href":"https:\/\/amplitudmodulada.com.ar\/index.php\/wp-json\/wp\/v2\/comments?post=3580"}],"version-history":[{"count":3,"href":"https:\/\/amplitudmodulada.com.ar\/index.php\/wp-json\/wp\/v2\/pages\/3580\/revisions"}],"predecessor-version":[{"id":3585,"href":"https:\/\/amplitudmodulada.com.ar\/index.php\/wp-json\/wp\/v2\/pages\/3580\/revisions\/3585"}],"wp:attachment":[{"href":"https:\/\/amplitudmodulada.com.ar\/index.php\/wp-json\/wp\/v2\/media?parent=3580"}],"curies":[{"name":"wp","href":"https:\/\/api.w.org\/{rel}","templated":true}]}}