{"id":3669,"date":"2024-09-07T12:44:08","date_gmt":"2024-09-07T15:44:08","guid":{"rendered":"https:\/\/amplitudmodulada.com.ar\/?page_id=3669"},"modified":"2024-09-07T12:52:04","modified_gmt":"2024-09-07T15:52:04","slug":"noticia13181","status":"publish","type":"page","link":"https:\/\/amplitudmodulada.com.ar\/index.php\/noticia13181\/","title":{"rendered":"Distinguen a Radio Splendid durante la entrega de los Premios Mart\u00edn Fierro"},"content":{"rendered":"\n<figure class=\"wp-block-image size-full\"><img loading=\"lazy\" decoding=\"async\" width=\"160\" height=\"60\" src=\"http:\/\/amplitudmodulada.com.ar\/wp-content\/uploads\/2024\/02\/990-e1707842384243.png\" alt=\"\" class=\"wp-image-803\"\/><\/figure>\n\n\n\n<p>LR4 Radio Splendid recibi\u00f3 un reconocimiento especial a la trayectoria durante la entrega de los Premios Mart\u00edn Fierro de Radio que se realiz\u00f3 este fin de semana.<\/p>\n\n\n\n<p>La distinci\u00f3n fue otorgada a Radio Splendid por cumplir el a\u00f1o pasado un siglo en el aire.<\/p>\n\n\n\n<p>El reconocimiento fue entregado por Silvio Sold\u00e1n y recibido por el director de la emisora, Jonatan Andreani.<\/p>\n\n\n\n<p>Radio Splendid tuvo su primera emisi\u00f3n el 23 de mayo de 1923 desde un estudio ubicado en los altos del Cine Teatro Gran Splendid.<\/p>\n\n\n\n<p>Fuente: <a href=\"http:\/\/www.splendidam990.com\" data-type=\"link\" data-id=\"www.splendidam990.com\" target=\"_blank\" rel=\"noreferrer noopener\">www.splendidam990.com<\/a> | Ciudad Aut\u00f3noma de Buenos Aires | 17.06.24<\/p>\n","protected":false},"excerpt":{"rendered":"<p>LR4 Radio Splendid recibi\u00f3 un reconocimiento especial a la trayectoria durante la entrega de los Premios Mart\u00edn Fierro de Radio que se realiz\u00f3 este fin de semana. La distinci\u00f3n fue otorgada a Radio Splendid por cumplir el a\u00f1o pasado un siglo en el aire. El reconocimiento fue entregado por Silvio Sold\u00e1n y recibido por el &hellip; <a href=\"https:\/\/amplitudmodulada.com.ar\/index.php\/noticia13181\/\" class=\"more-link\">Continu\u00e1 leyendo <span class=\"screen-reader-text\">Distinguen a Radio Splendid durante la entrega de los Premios Mart\u00edn Fierro<\/span><\/a><\/p>\n","protected":false},"author":1,"featured_media":0,"parent":0,"menu_order":0,"comment_status":"closed","ping_status":"closed","template":"","meta":{"footnotes":""},"class_list":["post-3669","page","type-page","status-publish","hentry"],"_links":{"self":[{"href":"https:\/\/amplitudmodulada.com.ar\/index.php\/wp-json\/wp\/v2\/pages\/3669","targetHints":{"allow":["GET"]}}],"collection":[{"href":"https:\/\/amplitudmodulada.com.ar\/index.php\/wp-json\/wp\/v2\/pages"}],"about":[{"href":"https:\/\/amplitudmodulada.com.ar\/index.php\/wp-json\/wp\/v2\/types\/page"}],"author":[{"embeddable":true,"href":"https:\/\/amplitudmodulada.com.ar\/index.php\/wp-json\/wp\/v2\/users\/1"}],"replies":[{"embeddable":true,"href":"https:\/\/amplitudmodulada.com.ar\/index.php\/wp-json\/wp\/v2\/comments?post=3669"}],"version-history":[{"count":2,"href":"https:\/\/amplitudmodulada.com.ar\/index.php\/wp-json\/wp\/v2\/pages\/3669\/revisions"}],"predecessor-version":[{"id":3672,"href":"https:\/\/amplitudmodulada.com.ar\/index.php\/wp-json\/wp\/v2\/pages\/3669\/revisions\/3672"}],"wp:attachment":[{"href":"https:\/\/amplitudmodulada.com.ar\/index.php\/wp-json\/wp\/v2\/media?parent=3669"}],"curies":[{"name":"wp","href":"https:\/\/api.w.org\/{rel}","templated":true}]}}