{"id":3703,"date":"2024-09-07T19:51:04","date_gmt":"2024-09-07T22:51:04","guid":{"rendered":"https:\/\/amplitudmodulada.com.ar\/?page_id=3703"},"modified":"2024-09-07T19:57:47","modified_gmt":"2024-09-07T22:57:47","slug":"noticia13186","status":"publish","type":"page","link":"https:\/\/amplitudmodulada.com.ar\/index.php\/noticia13186\/","title":{"rendered":"El periodista Walter Safarian fue herido en un intento de robo"},"content":{"rendered":"\n<figure class=\"wp-block-image size-full is-resized\"><img loading=\"lazy\" decoding=\"async\" width=\"174\" height=\"70\" src=\"http:\/\/amplitudmodulada.com.ar\/wp-content\/uploads\/2024\/07\/910-e1721926290452.png\" alt=\"\" class=\"wp-image-2752\" style=\"width:179px;height:auto\"\/><\/figure>\n\n\n\n<p>El periodista Walter Safarian recibi\u00f3 una herida superficial durante un intento de robo perpetrado este mi\u00e9rcoles en las puertas de la sede de LR5 Radio La Red, ubicada en el barrio de Palermo.<\/p>\n\n\n\n<p>El incidente ocurri\u00f3 sobre la calle Gorriti, cuando el periodista deportivo se dispon\u00eda a ingresar a la emisora y un individuo intent\u00f3 robarle el auto.<\/p>\n\n\n\n<p>En el intento de asalto, Walter Safarian recibi\u00f3 una herida superficial en el brazo, producto del uso de un cuchillo por parte del delincuente, quien fue detenido por la Polic\u00eda de la Ciudad.<\/p>\n\n\n\n<p>Fuente: <a href=\"http:\/\/www.minutouno.com\" data-type=\"link\" data-id=\"www.minutouno.com\" target=\"_blank\" rel=\"noreferrer noopener\">www.minutouno.com<\/a> | Ciudad Aut\u00f3noma de Buenos Aires | 19.06.24<\/p>\n","protected":false},"excerpt":{"rendered":"<p>El periodista Walter Safarian recibi\u00f3 una herida superficial durante un intento de robo perpetrado este mi\u00e9rcoles en las puertas de la sede de LR5 Radio La Red, ubicada en el barrio de Palermo. El incidente ocurri\u00f3 sobre la calle Gorriti, cuando el periodista deportivo se dispon\u00eda a ingresar a la emisora y un individuo intent\u00f3 &hellip; <a href=\"https:\/\/amplitudmodulada.com.ar\/index.php\/noticia13186\/\" class=\"more-link\">Continu\u00e1 leyendo <span class=\"screen-reader-text\">El periodista Walter Safarian fue herido en un intento de robo<\/span><\/a><\/p>\n","protected":false},"author":1,"featured_media":0,"parent":0,"menu_order":0,"comment_status":"closed","ping_status":"closed","template":"","meta":{"footnotes":""},"class_list":["post-3703","page","type-page","status-publish","hentry"],"_links":{"self":[{"href":"https:\/\/amplitudmodulada.com.ar\/index.php\/wp-json\/wp\/v2\/pages\/3703","targetHints":{"allow":["GET"]}}],"collection":[{"href":"https:\/\/amplitudmodulada.com.ar\/index.php\/wp-json\/wp\/v2\/pages"}],"about":[{"href":"https:\/\/amplitudmodulada.com.ar\/index.php\/wp-json\/wp\/v2\/types\/page"}],"author":[{"embeddable":true,"href":"https:\/\/amplitudmodulada.com.ar\/index.php\/wp-json\/wp\/v2\/users\/1"}],"replies":[{"embeddable":true,"href":"https:\/\/amplitudmodulada.com.ar\/index.php\/wp-json\/wp\/v2\/comments?post=3703"}],"version-history":[{"count":2,"href":"https:\/\/amplitudmodulada.com.ar\/index.php\/wp-json\/wp\/v2\/pages\/3703\/revisions"}],"predecessor-version":[{"id":3706,"href":"https:\/\/amplitudmodulada.com.ar\/index.php\/wp-json\/wp\/v2\/pages\/3703\/revisions\/3706"}],"wp:attachment":[{"href":"https:\/\/amplitudmodulada.com.ar\/index.php\/wp-json\/wp\/v2\/media?parent=3703"}],"curies":[{"name":"wp","href":"https:\/\/api.w.org\/{rel}","templated":true}]}}