{"id":3735,"date":"2024-09-08T17:19:41","date_gmt":"2024-09-08T20:19:41","guid":{"rendered":"https:\/\/amplitudmodulada.com.ar\/?page_id=3735"},"modified":"2024-09-08T17:27:05","modified_gmt":"2024-09-08T20:27:05","slug":"noticia13187","status":"publish","type":"page","link":"https:\/\/amplitudmodulada.com.ar\/index.php\/noticia13187\/","title":{"rendered":"Denuncian a CNN Radio por transmitir ilegalmente el partido de la Selecci\u00f3n Argentina"},"content":{"rendered":"\n<figure class=\"wp-block-image size-full\"><img loading=\"lazy\" decoding=\"async\" width=\"147\" height=\"60\" src=\"http:\/\/amplitudmodulada.com.ar\/wp-content\/uploads\/2024\/01\/950-e1705935273676.png\" alt=\"\" class=\"wp-image-532\"\/><\/figure>\n\n\n\n<p>La Confederaci\u00f3n Sudamericana de F\u00fatbol denunci\u00f3 en la noche de este jueves a las se\u00f1ales TNT Sports y LR3 CNN Radio por transmitir ilegalmente el partido que Argentina le gan\u00f3 2 a 0 a Canad\u00e1 en la apertura de la Copa Am\u00e9rica.<\/p>\n\n\n\n<p>El organismo denunci\u00f3 por el mismo motivo a AM 650 Radio Belgrano y a LS10 Radio Del Plata.<\/p>\n\n\n\n<p>La 48\u00ba edici\u00f3n de la Copa Am\u00e9rica es un evento global televisado gracias a acuerdos con cuarenta y tres medios de comunicaci\u00f3n de distintos pa\u00edses.<\/p>\n\n\n\n<p>Fuente: <a href=\"http:\/\/www.c5n.com\" data-type=\"link\" data-id=\"www.c5n.com\" target=\"_blank\" rel=\"noreferrer noopener\">www.c5n.com<\/a> | Ciudad Aut\u00f3noma de Buenos Aires | 20.06.24<\/p>\n","protected":false},"excerpt":{"rendered":"<p>La Confederaci\u00f3n Sudamericana de F\u00fatbol denunci\u00f3 en la noche de este jueves a las se\u00f1ales TNT Sports y LR3 CNN Radio por transmitir ilegalmente el partido que Argentina le gan\u00f3 2 a 0 a Canad\u00e1 en la apertura de la Copa Am\u00e9rica. El organismo denunci\u00f3 por el mismo motivo a AM 650 Radio Belgrano y &hellip; <a href=\"https:\/\/amplitudmodulada.com.ar\/index.php\/noticia13187\/\" class=\"more-link\">Continu\u00e1 leyendo <span class=\"screen-reader-text\">Denuncian a CNN Radio por transmitir ilegalmente el partido de la Selecci\u00f3n Argentina<\/span><\/a><\/p>\n","protected":false},"author":1,"featured_media":0,"parent":0,"menu_order":0,"comment_status":"closed","ping_status":"closed","template":"","meta":{"footnotes":""},"class_list":["post-3735","page","type-page","status-publish","hentry"],"_links":{"self":[{"href":"https:\/\/amplitudmodulada.com.ar\/index.php\/wp-json\/wp\/v2\/pages\/3735","targetHints":{"allow":["GET"]}}],"collection":[{"href":"https:\/\/amplitudmodulada.com.ar\/index.php\/wp-json\/wp\/v2\/pages"}],"about":[{"href":"https:\/\/amplitudmodulada.com.ar\/index.php\/wp-json\/wp\/v2\/types\/page"}],"author":[{"embeddable":true,"href":"https:\/\/amplitudmodulada.com.ar\/index.php\/wp-json\/wp\/v2\/users\/1"}],"replies":[{"embeddable":true,"href":"https:\/\/amplitudmodulada.com.ar\/index.php\/wp-json\/wp\/v2\/comments?post=3735"}],"version-history":[{"count":2,"href":"https:\/\/amplitudmodulada.com.ar\/index.php\/wp-json\/wp\/v2\/pages\/3735\/revisions"}],"predecessor-version":[{"id":3738,"href":"https:\/\/amplitudmodulada.com.ar\/index.php\/wp-json\/wp\/v2\/pages\/3735\/revisions\/3738"}],"wp:attachment":[{"href":"https:\/\/amplitudmodulada.com.ar\/index.php\/wp-json\/wp\/v2\/media?parent=3735"}],"curies":[{"name":"wp","href":"https:\/\/api.w.org\/{rel}","templated":true}]}}