{"id":3768,"date":"2024-09-09T20:40:29","date_gmt":"2024-09-09T23:40:29","guid":{"rendered":"https:\/\/amplitudmodulada.com.ar\/?page_id=3768"},"modified":"2024-09-09T20:50:53","modified_gmt":"2024-09-09T23:50:53","slug":"noticia13189","status":"publish","type":"page","link":"https:\/\/amplitudmodulada.com.ar\/index.php\/noticia13189\/","title":{"rendered":"LRA9 Radio Nacional Esquel recuper\u00f3 su espacio con una transmisi\u00f3n de emergencia"},"content":{"rendered":"\n<figure class=\"wp-block-image size-full\"><img loading=\"lazy\" decoding=\"async\" width=\"112\" height=\"100\" src=\"http:\/\/amplitudmodulada.com.ar\/wp-content\/uploads\/2024\/04\/LRA9-e1714250246440.png\" alt=\"\" class=\"wp-image-1814\"\/><\/figure>\n\n\n\n<p>En medio del temporal que azota a la Patagonia, finalmente, LRA9 Radio Nacional Esquel pudo recuperar este viernes su espacio con una transmisi\u00f3n de emergencia.<\/p>\n\n\n\n<p>En una transmisi\u00f3n que dur\u00f3 tres horas, la emisora p\u00fablica de Esquel inform\u00f3 acerca de los estados de las rutas y servicios y mensajes a los pobladores rurales.<\/p>\n\n\n\n<p>La emisora se encontraba repitiendo durante todo el fin de semana largo la programaci\u00f3n de Buenos Aires por \u00f2rdenes de las autoridades nacionales.<\/p>\n\n\n\n<p>Con el comienzo del temporal, a trav\u00e9s de las redes sociales, comunicadores, periodistas, trabajadores de diferentes medios y habitantes de zonas rurales reclamaron la vuelta de la programaci\u00f3n local, que constituye una fuente fundamental y \u00fanica informaci\u00f3n para las zonas que no tienen se\u00f1al de Internet.<\/p>\n\n\n\n<p>Fuente: <a href=\"http:\/\/www.adnsur.com.ar\" data-type=\"link\" data-id=\"www.adnsur.com.ar\" target=\"_blank\" rel=\"noreferrer noopener\">www.adnsur.com.ar<\/a> | Comodoro Rivadavia &#8211; Chubut | 24.06.24 <\/p>\n","protected":false},"excerpt":{"rendered":"<p>En medio del temporal que azota a la Patagonia, finalmente, LRA9 Radio Nacional Esquel pudo recuperar este viernes su espacio con una transmisi\u00f3n de emergencia. En una transmisi\u00f3n que dur\u00f3 tres horas, la emisora p\u00fablica de Esquel inform\u00f3 acerca de los estados de las rutas y servicios y mensajes a los pobladores rurales. La emisora &hellip; <a href=\"https:\/\/amplitudmodulada.com.ar\/index.php\/noticia13189\/\" class=\"more-link\">Continu\u00e1 leyendo <span class=\"screen-reader-text\">LRA9 Radio Nacional Esquel recuper\u00f3 su espacio con una transmisi\u00f3n de emergencia<\/span><\/a><\/p>\n","protected":false},"author":1,"featured_media":0,"parent":0,"menu_order":0,"comment_status":"closed","ping_status":"closed","template":"","meta":{"footnotes":""},"class_list":["post-3768","page","type-page","status-publish","hentry"],"_links":{"self":[{"href":"https:\/\/amplitudmodulada.com.ar\/index.php\/wp-json\/wp\/v2\/pages\/3768","targetHints":{"allow":["GET"]}}],"collection":[{"href":"https:\/\/amplitudmodulada.com.ar\/index.php\/wp-json\/wp\/v2\/pages"}],"about":[{"href":"https:\/\/amplitudmodulada.com.ar\/index.php\/wp-json\/wp\/v2\/types\/page"}],"author":[{"embeddable":true,"href":"https:\/\/amplitudmodulada.com.ar\/index.php\/wp-json\/wp\/v2\/users\/1"}],"replies":[{"embeddable":true,"href":"https:\/\/amplitudmodulada.com.ar\/index.php\/wp-json\/wp\/v2\/comments?post=3768"}],"version-history":[{"count":2,"href":"https:\/\/amplitudmodulada.com.ar\/index.php\/wp-json\/wp\/v2\/pages\/3768\/revisions"}],"predecessor-version":[{"id":3771,"href":"https:\/\/amplitudmodulada.com.ar\/index.php\/wp-json\/wp\/v2\/pages\/3768\/revisions\/3771"}],"wp:attachment":[{"href":"https:\/\/amplitudmodulada.com.ar\/index.php\/wp-json\/wp\/v2\/media?parent=3768"}],"curies":[{"name":"wp","href":"https:\/\/api.w.org\/{rel}","templated":true}]}}