{"id":3861,"date":"2024-09-22T14:06:52","date_gmt":"2024-09-22T17:06:52","guid":{"rendered":"https:\/\/amplitudmodulada.com.ar\/?page_id=3861"},"modified":"2024-09-22T14:07:30","modified_gmt":"2024-09-22T17:07:30","slug":"noticia13201","status":"publish","type":"page","link":"https:\/\/amplitudmodulada.com.ar\/index.php\/noticia13201\/","title":{"rendered":"Apartan al periodista Pedro Brieger del programa &#8220;Marca de Radio&#8221;"},"content":{"rendered":"\n<figure class=\"wp-block-image size-full\"><img loading=\"lazy\" decoding=\"async\" width=\"174\" height=\"70\" src=\"http:\/\/amplitudmodulada.com.ar\/wp-content\/uploads\/2024\/07\/910-e1721926290452.png\" alt=\"\" class=\"wp-image-2752\"\/><\/figure>\n\n\n\n<p>A ra\u00edz de las acusaciones de acoso sexual en su contra, el periodista Pedro Brieger ya no formar\u00e1 parte de &#8220;Marca de Radio&#8221;, el programa que conduce Eduardo Aliverti los s\u00e1bados de 10.00 a 13.00 horas en LR5 Radio La Red.<\/p>\n\n\n\n<p>&#8220;Yo tom\u00e9 la decisi\u00f3n&#8221;, confirm\u00f3 Eduardo Aliverti al diario La Naci\u00f3n, en referencia al apartamiento de Pedro Brieger del programa, que integra desde hace quince a\u00f1os.<\/p>\n\n\n\n<p>El pasado 23 de junio el periodista Alejandro Alfie comparti\u00f3 en sus redes sociales el testimonio de cinco mujeres que se\u00f1alaron que Pedro Brieger, especialista en temas internacionales, las habr\u00eda acosado sexualmente de distintas maneras.<\/p>\n\n\n\n<p>El periodista se desempe\u00f1a tambi\u00e9n en LRL202 Radio 10 y en la se\u00f1al de noticias C5N.<\/p>\n\n\n\n<p>Ambos medios, operados por el Grupo Indalo, decidieron poner en suspenso su participaci\u00f3n a ra\u00edz de las citadas acusaciones.<\/p>\n\n\n\n<p>Fuente: <a href=\"http:\/\/www.lanacion.com.ar\" data-type=\"link\" data-id=\"www.lanacion.com.ar\" target=\"_blank\" rel=\"noreferrer noopener\">www.lanacion.com.ar<\/a> | Ciudad Aut\u00f3noma de Buenos Aires | 27.06.24<\/p>\n\n\n\n<p><\/p>\n","protected":false},"excerpt":{"rendered":"<p>A ra\u00edz de las acusaciones de acoso sexual en su contra, el periodista Pedro Brieger ya no formar\u00e1 parte de &#8220;Marca de Radio&#8221;, el programa que conduce Eduardo Aliverti los s\u00e1bados de 10.00 a 13.00 horas en LR5 Radio La Red. &#8220;Yo tom\u00e9 la decisi\u00f3n&#8221;, confirm\u00f3 Eduardo Aliverti al diario La Naci\u00f3n, en referencia al &hellip; <a href=\"https:\/\/amplitudmodulada.com.ar\/index.php\/noticia13201\/\" class=\"more-link\">Continu\u00e1 leyendo <span class=\"screen-reader-text\">Apartan al periodista Pedro Brieger del programa &#8220;Marca de Radio&#8221;<\/span><\/a><\/p>\n","protected":false},"author":1,"featured_media":0,"parent":0,"menu_order":0,"comment_status":"closed","ping_status":"closed","template":"","meta":{"footnotes":""},"class_list":["post-3861","page","type-page","status-publish","hentry"],"_links":{"self":[{"href":"https:\/\/amplitudmodulada.com.ar\/index.php\/wp-json\/wp\/v2\/pages\/3861","targetHints":{"allow":["GET"]}}],"collection":[{"href":"https:\/\/amplitudmodulada.com.ar\/index.php\/wp-json\/wp\/v2\/pages"}],"about":[{"href":"https:\/\/amplitudmodulada.com.ar\/index.php\/wp-json\/wp\/v2\/types\/page"}],"author":[{"embeddable":true,"href":"https:\/\/amplitudmodulada.com.ar\/index.php\/wp-json\/wp\/v2\/users\/1"}],"replies":[{"embeddable":true,"href":"https:\/\/amplitudmodulada.com.ar\/index.php\/wp-json\/wp\/v2\/comments?post=3861"}],"version-history":[{"count":2,"href":"https:\/\/amplitudmodulada.com.ar\/index.php\/wp-json\/wp\/v2\/pages\/3861\/revisions"}],"predecessor-version":[{"id":3863,"href":"https:\/\/amplitudmodulada.com.ar\/index.php\/wp-json\/wp\/v2\/pages\/3861\/revisions\/3863"}],"wp:attachment":[{"href":"https:\/\/amplitudmodulada.com.ar\/index.php\/wp-json\/wp\/v2\/media?parent=3861"}],"curies":[{"name":"wp","href":"https:\/\/api.w.org\/{rel}","templated":true}]}}