{"id":3898,"date":"2024-09-23T11:22:41","date_gmt":"2024-09-23T14:22:41","guid":{"rendered":"https:\/\/amplitudmodulada.com.ar\/?page_id=3898"},"modified":"2024-09-23T11:31:34","modified_gmt":"2024-09-23T14:31:34","slug":"noticia13206","status":"publish","type":"page","link":"https:\/\/amplitudmodulada.com.ar\/index.php\/noticia13206\/","title":{"rendered":"Fallece Milton Rodr\u00edguez, productor y operador de LT35 Radio Mon"},"content":{"rendered":"\n<figure class=\"wp-block-image size-full\"><img loading=\"lazy\" decoding=\"async\" width=\"119\" height=\"100\" src=\"http:\/\/amplitudmodulada.com.ar\/wp-content\/uploads\/2024\/09\/LT35-e1727101502388.png\" alt=\"\" class=\"wp-image-3901\"\/><\/figure>\n\n\n\n<p>En la madrugada de este lunes y tras una descompensaci\u00f3n de origen coronario, falleci\u00f3 a los 60 a\u00f1os de edad Milton Rodr\u00edguez, productor y operador de LT35 Radio Mon de Pergamino.<\/p>\n\n\n\n<p>Milton Rodr\u00edguez se desempe\u00f1\u00f3 en Radio Mon durante m\u00e1s de veinte a\u00f1os, cumpliendo diferentes funciones, especialmente como operador t\u00e9cnico para la puesta al aire de los programas de la emisora.<\/p>\n\n\n\n<p>Tambi\u00e9n trabaj\u00f3 como productor de programas, puntualmente aquellos relacionados al \u00e1mbito agropecuario.<\/p>\n\n\n\n<p>Fuente: <a href=\"http:\/\/www.laopinionpergamino.com.ar\" data-type=\"link\" data-id=\"www.laopinionpergamino.com.ar\" target=\"_blank\" rel=\"noreferrer noopener\">www.laopinionpergamino.com.ar<\/a> | Pergamino &#8211; Buenos Aires | 01.07.24<\/p>\n","protected":false},"excerpt":{"rendered":"<p>En la madrugada de este lunes y tras una descompensaci\u00f3n de origen coronario, falleci\u00f3 a los 60 a\u00f1os de edad Milton Rodr\u00edguez, productor y operador de LT35 Radio Mon de Pergamino. Milton Rodr\u00edguez se desempe\u00f1\u00f3 en Radio Mon durante m\u00e1s de veinte a\u00f1os, cumpliendo diferentes funciones, especialmente como operador t\u00e9cnico para la puesta al aire &hellip; <a href=\"https:\/\/amplitudmodulada.com.ar\/index.php\/noticia13206\/\" class=\"more-link\">Continu\u00e1 leyendo <span class=\"screen-reader-text\">Fallece Milton Rodr\u00edguez, productor y operador de LT35 Radio Mon<\/span><\/a><\/p>\n","protected":false},"author":1,"featured_media":0,"parent":0,"menu_order":0,"comment_status":"closed","ping_status":"closed","template":"","meta":{"footnotes":""},"class_list":["post-3898","page","type-page","status-publish","hentry"],"_links":{"self":[{"href":"https:\/\/amplitudmodulada.com.ar\/index.php\/wp-json\/wp\/v2\/pages\/3898","targetHints":{"allow":["GET"]}}],"collection":[{"href":"https:\/\/amplitudmodulada.com.ar\/index.php\/wp-json\/wp\/v2\/pages"}],"about":[{"href":"https:\/\/amplitudmodulada.com.ar\/index.php\/wp-json\/wp\/v2\/types\/page"}],"author":[{"embeddable":true,"href":"https:\/\/amplitudmodulada.com.ar\/index.php\/wp-json\/wp\/v2\/users\/1"}],"replies":[{"embeddable":true,"href":"https:\/\/amplitudmodulada.com.ar\/index.php\/wp-json\/wp\/v2\/comments?post=3898"}],"version-history":[{"count":2,"href":"https:\/\/amplitudmodulada.com.ar\/index.php\/wp-json\/wp\/v2\/pages\/3898\/revisions"}],"predecessor-version":[{"id":3902,"href":"https:\/\/amplitudmodulada.com.ar\/index.php\/wp-json\/wp\/v2\/pages\/3898\/revisions\/3902"}],"wp:attachment":[{"href":"https:\/\/amplitudmodulada.com.ar\/index.php\/wp-json\/wp\/v2\/media?parent=3898"}],"curies":[{"name":"wp","href":"https:\/\/api.w.org\/{rel}","templated":true}]}}