{"id":3940,"date":"2024-09-23T14:10:28","date_gmt":"2024-09-23T17:10:28","guid":{"rendered":"https:\/\/amplitudmodulada.com.ar\/?page_id=3940"},"modified":"2024-09-23T14:19:13","modified_gmt":"2024-09-23T17:19:13","slug":"noticia13211","status":"publish","type":"page","link":"https:\/\/amplitudmodulada.com.ar\/index.php\/noticia13211\/","title":{"rendered":"Radios comunitarias y cooperativas de Entre R\u00edos se re\u00fanen en Gualeguaych\u00fa"},"content":{"rendered":"\n<figure class=\"wp-block-image size-full\"><img loading=\"lazy\" decoding=\"async\" width=\"182\" height=\"50\" src=\"http:\/\/amplitudmodulada.com.ar\/wp-content\/uploads\/2024\/09\/inclusion-e1727111454670.jpg\" alt=\"\" class=\"wp-image-3942\"\/><\/figure>\n\n\n\n<p>El pr\u00f3ximo viernes 5 de julio se llevar\u00e1 a cabo en Gualeguaych\u00fa el sexto encuentro de Radios Comunitarias, Cooperativas y Colectivas de Entre R\u00edos.<\/p>\n\n\n\n<p>En esta oportunidad, habr\u00e1 instancias de formaci\u00f3n e intercambio de ideas, an\u00e1lisis y metodolog\u00eda de trabajo entre quienes conforman medios de comunicaci\u00f3n comunitarios de Entre R\u00edos.<\/p>\n\n\n\n<p>El encuentro es organizado por la Cooperativa de Trabajo, Cultura y Comunicaci\u00f3n Inclusi\u00f3n Limitada y el \u00c1rea de Comunicaci\u00f3n Comunitaria de la Facultad de Ciencias de la Educaci\u00f3n de la Universidad Nacional de Entre R\u00edos.<\/p>\n\n\n\n<p>De las jornadas participar\u00e1n las emisoras de Frecuencia Modulada Radio Sapukay de Col\u00f3n, La Redota de Villaguay, El Faro de Concordia, Barriletes de Paran\u00e1, Abriendo Puertas de Rosario del Tala y Radio Cooperativa Inclusi\u00f3n de Gualeguaych\u00fa.<\/p>\n\n\n\n<p>Fuente: <a href=\"http:\/\/www.cuestionetrerriana.com.ar\" data-type=\"link\" data-id=\"www.cuestionetrerriana.com.ar\" target=\"_blank\" rel=\"noreferrer noopener\">www.cuestionentrerriana.com.ar<\/a> | Paran\u00e1 &#8211; Entre R\u00edos | 02.07.24<\/p>\n","protected":false},"excerpt":{"rendered":"<p>El pr\u00f3ximo viernes 5 de julio se llevar\u00e1 a cabo en Gualeguaych\u00fa el sexto encuentro de Radios Comunitarias, Cooperativas y Colectivas de Entre R\u00edos. En esta oportunidad, habr\u00e1 instancias de formaci\u00f3n e intercambio de ideas, an\u00e1lisis y metodolog\u00eda de trabajo entre quienes conforman medios de comunicaci\u00f3n comunitarios de Entre R\u00edos. El encuentro es organizado por &hellip; <a href=\"https:\/\/amplitudmodulada.com.ar\/index.php\/noticia13211\/\" class=\"more-link\">Continu\u00e1 leyendo <span class=\"screen-reader-text\">Radios comunitarias y cooperativas de Entre R\u00edos se re\u00fanen en Gualeguaych\u00fa<\/span><\/a><\/p>\n","protected":false},"author":1,"featured_media":0,"parent":0,"menu_order":0,"comment_status":"closed","ping_status":"closed","template":"","meta":{"footnotes":""},"class_list":["post-3940","page","type-page","status-publish","hentry"],"_links":{"self":[{"href":"https:\/\/amplitudmodulada.com.ar\/index.php\/wp-json\/wp\/v2\/pages\/3940","targetHints":{"allow":["GET"]}}],"collection":[{"href":"https:\/\/amplitudmodulada.com.ar\/index.php\/wp-json\/wp\/v2\/pages"}],"about":[{"href":"https:\/\/amplitudmodulada.com.ar\/index.php\/wp-json\/wp\/v2\/types\/page"}],"author":[{"embeddable":true,"href":"https:\/\/amplitudmodulada.com.ar\/index.php\/wp-json\/wp\/v2\/users\/1"}],"replies":[{"embeddable":true,"href":"https:\/\/amplitudmodulada.com.ar\/index.php\/wp-json\/wp\/v2\/comments?post=3940"}],"version-history":[{"count":3,"href":"https:\/\/amplitudmodulada.com.ar\/index.php\/wp-json\/wp\/v2\/pages\/3940\/revisions"}],"predecessor-version":[{"id":3946,"href":"https:\/\/amplitudmodulada.com.ar\/index.php\/wp-json\/wp\/v2\/pages\/3940\/revisions\/3946"}],"wp:attachment":[{"href":"https:\/\/amplitudmodulada.com.ar\/index.php\/wp-json\/wp\/v2\/media?parent=3940"}],"curies":[{"name":"wp","href":"https:\/\/api.w.org\/{rel}","templated":true}]}}