{"id":3949,"date":"2024-09-23T17:56:17","date_gmt":"2024-09-23T20:56:17","guid":{"rendered":"https:\/\/amplitudmodulada.com.ar\/?page_id=3949"},"modified":"2024-09-23T18:09:29","modified_gmt":"2024-09-23T21:09:29","slug":"noticia13212","status":"publish","type":"page","link":"https:\/\/amplitudmodulada.com.ar\/index.php\/noticia13212\/","title":{"rendered":"Radio Con Vos celebra el crecimiento de su audiencia"},"content":{"rendered":"\n<figure class=\"wp-block-image size-full\"><img loading=\"lazy\" decoding=\"async\" width=\"162\" height=\"80\" src=\"http:\/\/amplitudmodulada.com.ar\/wp-content\/uploads\/2024\/04\/convos-e1714156853845.png\" alt=\"\" class=\"wp-image-1792\"\/><\/figure>\n\n\n\n<p>La emisora de Frecuencia Modulada Radio Con Vos celebr\u00f3 el crecimiento de su audiencia que, en el \u00faltimo semestre, duplic\u00f3 sus oyentes y se transform\u00f3 en la emisora de FM period\u00edstica m\u00e1s escuchada.<\/p>\n\n\n\n<p>Entre los ciclos de mayor crecimiento se encuentra &#8220;Huevos Revueltos&#8221;, que conduce el periodista Juan Dillon los s\u00e1bados de 8.00 a 10.00 horas.<\/p>\n\n\n\n<p>Desde hace seis a\u00f1os, Juan Dillon conduce &#8220;Huevos Revueltos&#8221; desde el exterior, lo que le permite aportar una mirada complementaria a la realidad.<\/p>\n\n\n\n<p>Adem\u00e1s, Juan Dillon forma parte del equipo del programa &#8220;Alguien Tiene que Decirlo&#8221;, que conduce Eduardo Feinmann en LR6 Radio Mitre.<\/p>\n\n\n\n<p>Radio Con Vos sale al aire desde la Ciudad de Buenos Aires en 89.9 Mhz.<\/p>\n\n\n\n<p>Fuente: <a href=\"http:\/\/www.lanacion.com.ar\" data-type=\"link\" data-id=\"www.lanacion.com.ar\" target=\"_blank\" rel=\"noreferrer noopener\">www.lanacion.com.ar<\/a> | Ciudad Aut\u00f3noma de Buenos Aires | 02.07.24<\/p>\n","protected":false},"excerpt":{"rendered":"<p>La emisora de Frecuencia Modulada Radio Con Vos celebr\u00f3 el crecimiento de su audiencia que, en el \u00faltimo semestre, duplic\u00f3 sus oyentes y se transform\u00f3 en la emisora de FM period\u00edstica m\u00e1s escuchada. Entre los ciclos de mayor crecimiento se encuentra &#8220;Huevos Revueltos&#8221;, que conduce el periodista Juan Dillon los s\u00e1bados de 8.00 a 10.00 &hellip; <a href=\"https:\/\/amplitudmodulada.com.ar\/index.php\/noticia13212\/\" class=\"more-link\">Continu\u00e1 leyendo <span class=\"screen-reader-text\">Radio Con Vos celebra el crecimiento de su audiencia<\/span><\/a><\/p>\n","protected":false},"author":1,"featured_media":0,"parent":0,"menu_order":0,"comment_status":"closed","ping_status":"closed","template":"","meta":{"footnotes":""},"class_list":["post-3949","page","type-page","status-publish","hentry"],"_links":{"self":[{"href":"https:\/\/amplitudmodulada.com.ar\/index.php\/wp-json\/wp\/v2\/pages\/3949","targetHints":{"allow":["GET"]}}],"collection":[{"href":"https:\/\/amplitudmodulada.com.ar\/index.php\/wp-json\/wp\/v2\/pages"}],"about":[{"href":"https:\/\/amplitudmodulada.com.ar\/index.php\/wp-json\/wp\/v2\/types\/page"}],"author":[{"embeddable":true,"href":"https:\/\/amplitudmodulada.com.ar\/index.php\/wp-json\/wp\/v2\/users\/1"}],"replies":[{"embeddable":true,"href":"https:\/\/amplitudmodulada.com.ar\/index.php\/wp-json\/wp\/v2\/comments?post=3949"}],"version-history":[{"count":4,"href":"https:\/\/amplitudmodulada.com.ar\/index.php\/wp-json\/wp\/v2\/pages\/3949\/revisions"}],"predecessor-version":[{"id":3955,"href":"https:\/\/amplitudmodulada.com.ar\/index.php\/wp-json\/wp\/v2\/pages\/3949\/revisions\/3955"}],"wp:attachment":[{"href":"https:\/\/amplitudmodulada.com.ar\/index.php\/wp-json\/wp\/v2\/media?parent=3949"}],"curies":[{"name":"wp","href":"https:\/\/api.w.org\/{rel}","templated":true}]}}