{"id":4003,"date":"2024-09-25T13:00:24","date_gmt":"2024-09-25T16:00:24","guid":{"rendered":"https:\/\/amplitudmodulada.com.ar\/?page_id=4003"},"modified":"2024-09-25T18:45:01","modified_gmt":"2024-09-25T21:45:01","slug":"noticia13216","status":"publish","type":"page","link":"https:\/\/amplitudmodulada.com.ar\/index.php\/noticia13216\/","title":{"rendered":"Se celebra este mi\u00e9rcoles el D\u00eda del Locutor"},"content":{"rendered":"\n<figure class=\"wp-block-image size-full\"><img loading=\"lazy\" decoding=\"async\" width=\"52\" height=\"110\" src=\"http:\/\/amplitudmodulada.com.ar\/wp-content\/uploads\/2024\/09\/microfono-e1727280141915.png\" alt=\"\" class=\"wp-image-4006\"\/><\/figure>\n\n\n\n<p>En recuerdo a la fundaci\u00f3n de la Sociedad Argentina de Locutores, un organismo clave para quienes forman parte de esta profesi\u00f3n, se celebra este mi\u00e9rcoles 3 de julio el D\u00eda del Locutor.<\/p>\n\n\n\n<p>Los or\u00edgenes de ese d\u00eda se remontan al a\u00f1o 1943, cuando Jorge Homar del R\u00edo, un piloto argentino que hab\u00eda asistido a programas en Radio El Mundo, propuso crear un organismo que agrupara a los locutores del pa\u00eds.<\/p>\n\n\n\n<p>La iniciativa lleg\u00f3 a varios referentes de la radio de la \u00e9poca y el editor Julio Korn prest\u00f3 su editorial ubicada en avenida Corrientes 830, para que puedan reunirse.<\/p>\n\n\n\n<p>Muchas figuras de la radio se dieron presentes el 3 de julio de 1943 y fueron el mismo Jorge Homar del R\u00edo, Roberto Gal\u00e1n, Pedro del Olmo y Pedro Valdez, los que lideraron la jornada que dio el nacimiento de la Sociedad Argentina de Locutores.<\/p>\n\n\n\n<p>En 1950, el Congreso Nacional de Locutores decidi\u00f3 establecer esta fecha como el D\u00eda del Locutor en Argentina para recordar esta importante jornada que ayud\u00f3 al crecimiento de esta profesi\u00f3n.<\/p>\n\n\n\n<p>Fuente: <a href=\"http:\/\/www.lanacion.com.ar\" data-type=\"link\" data-id=\"www.lanacion.com.ar\" target=\"_blank\" rel=\"noreferrer noopener\">www.lanacion.com.ar<\/a> | Ciudad Aut\u00f3noma de Buenos Aires | 03.07.24 <\/p>\n","protected":false},"excerpt":{"rendered":"<p>En recuerdo a la fundaci\u00f3n de la Sociedad Argentina de Locutores, un organismo clave para quienes forman parte de esta profesi\u00f3n, se celebra este mi\u00e9rcoles 3 de julio el D\u00eda del Locutor. Los or\u00edgenes de ese d\u00eda se remontan al a\u00f1o 1943, cuando Jorge Homar del R\u00edo, un piloto argentino que hab\u00eda asistido a programas &hellip; <a href=\"https:\/\/amplitudmodulada.com.ar\/index.php\/noticia13216\/\" class=\"more-link\">Continu\u00e1 leyendo <span class=\"screen-reader-text\">Se celebra este mi\u00e9rcoles el D\u00eda del Locutor<\/span><\/a><\/p>\n","protected":false},"author":1,"featured_media":0,"parent":0,"menu_order":0,"comment_status":"closed","ping_status":"closed","template":"","meta":{"footnotes":""},"class_list":["post-4003","page","type-page","status-publish","hentry"],"_links":{"self":[{"href":"https:\/\/amplitudmodulada.com.ar\/index.php\/wp-json\/wp\/v2\/pages\/4003","targetHints":{"allow":["GET"]}}],"collection":[{"href":"https:\/\/amplitudmodulada.com.ar\/index.php\/wp-json\/wp\/v2\/pages"}],"about":[{"href":"https:\/\/amplitudmodulada.com.ar\/index.php\/wp-json\/wp\/v2\/types\/page"}],"author":[{"embeddable":true,"href":"https:\/\/amplitudmodulada.com.ar\/index.php\/wp-json\/wp\/v2\/users\/1"}],"replies":[{"embeddable":true,"href":"https:\/\/amplitudmodulada.com.ar\/index.php\/wp-json\/wp\/v2\/comments?post=4003"}],"version-history":[{"count":2,"href":"https:\/\/amplitudmodulada.com.ar\/index.php\/wp-json\/wp\/v2\/pages\/4003\/revisions"}],"predecessor-version":[{"id":4007,"href":"https:\/\/amplitudmodulada.com.ar\/index.php\/wp-json\/wp\/v2\/pages\/4003\/revisions\/4007"}],"wp:attachment":[{"href":"https:\/\/amplitudmodulada.com.ar\/index.php\/wp-json\/wp\/v2\/media?parent=4003"}],"curies":[{"name":"wp","href":"https:\/\/api.w.org\/{rel}","templated":true}]}}