{"id":4010,"date":"2024-09-25T18:57:02","date_gmt":"2024-09-25T21:57:02","guid":{"rendered":"https:\/\/amplitudmodulada.com.ar\/?page_id=4010"},"modified":"2024-09-25T19:07:03","modified_gmt":"2024-09-25T22:07:03","slug":"noticia13217","status":"publish","type":"page","link":"https:\/\/amplitudmodulada.com.ar\/index.php\/noticia13217\/","title":{"rendered":"Roban cables en la planta transmisora de LT29 Radio Venado Tuerto"},"content":{"rendered":"\n<figure class=\"wp-block-image size-full\"><img loading=\"lazy\" decoding=\"async\" width=\"180\" height=\"56\" src=\"http:\/\/amplitudmodulada.com.ar\/wp-content\/uploads\/2024\/09\/LT29-e1727301502905.jpg\" alt=\"\" class=\"wp-image-4012\"\/><\/figure>\n\n\n\n<p>Desconocidos sustrajeron este mi\u00e9rcoles por la tarde cien metros de cables de la planta transmisora de LT29 Radio Venado Tuerto, ubicada en el Barrio Juan XXIII.<\/p>\n\n\n\n<p>El incidente provoc\u00f3 el corte de la transmisi\u00f3n de Radio Venado Tuerto en Amplitud Modulada y su programaci\u00f3n solo est\u00e1 disponible desde entonces a trav\u00e9s de la Frecuencia Modulada y por Internet.<\/p>\n\n\n\n<p>Las autoridades de la emisora presentaron la denuncia correspondiente ante la polic\u00eda y emitieron un comunicado en las redes sociales en el que detallan los perjuicios sufridos.<\/p>\n\n\n\n<p>Seg\u00fan el comunicado, los delincuentes ingresaron a la planta, da\u00f1ando la t\u00e9cnica y llev\u00e1ndose el cable coaxil de cien metros de longitud y dos cent\u00edmetros de espesor, que conecta la planta con la antena.<\/p>\n\n\n\n<p>T\u00e9cnicos de Radio Venado Tuerto se encuentran trabajando arduamente para restablecer el servicio.<\/p>\n\n\n\n<p>Fuente: <a href=\"http:\/\/www.novedadesdelsur.com.ar\" data-type=\"link\" data-id=\"www.novedadesdelsur.com.ar\" target=\"_blank\" rel=\"noreferrer noopener\">www.novedadesdelsur.com.ar<\/a> | Villa Ca\u00f1as &#8211; Santa Fe | 04.07.24 <\/p>\n","protected":false},"excerpt":{"rendered":"<p>Desconocidos sustrajeron este mi\u00e9rcoles por la tarde cien metros de cables de la planta transmisora de LT29 Radio Venado Tuerto, ubicada en el Barrio Juan XXIII. El incidente provoc\u00f3 el corte de la transmisi\u00f3n de Radio Venado Tuerto en Amplitud Modulada y su programaci\u00f3n solo est\u00e1 disponible desde entonces a trav\u00e9s de la Frecuencia Modulada &hellip; <a href=\"https:\/\/amplitudmodulada.com.ar\/index.php\/noticia13217\/\" class=\"more-link\">Continu\u00e1 leyendo <span class=\"screen-reader-text\">Roban cables en la planta transmisora de LT29 Radio Venado Tuerto<\/span><\/a><\/p>\n","protected":false},"author":1,"featured_media":0,"parent":0,"menu_order":0,"comment_status":"closed","ping_status":"closed","template":"","meta":{"footnotes":""},"class_list":["post-4010","page","type-page","status-publish","hentry"],"_links":{"self":[{"href":"https:\/\/amplitudmodulada.com.ar\/index.php\/wp-json\/wp\/v2\/pages\/4010","targetHints":{"allow":["GET"]}}],"collection":[{"href":"https:\/\/amplitudmodulada.com.ar\/index.php\/wp-json\/wp\/v2\/pages"}],"about":[{"href":"https:\/\/amplitudmodulada.com.ar\/index.php\/wp-json\/wp\/v2\/types\/page"}],"author":[{"embeddable":true,"href":"https:\/\/amplitudmodulada.com.ar\/index.php\/wp-json\/wp\/v2\/users\/1"}],"replies":[{"embeddable":true,"href":"https:\/\/amplitudmodulada.com.ar\/index.php\/wp-json\/wp\/v2\/comments?post=4010"}],"version-history":[{"count":3,"href":"https:\/\/amplitudmodulada.com.ar\/index.php\/wp-json\/wp\/v2\/pages\/4010\/revisions"}],"predecessor-version":[{"id":4015,"href":"https:\/\/amplitudmodulada.com.ar\/index.php\/wp-json\/wp\/v2\/pages\/4010\/revisions\/4015"}],"wp:attachment":[{"href":"https:\/\/amplitudmodulada.com.ar\/index.php\/wp-json\/wp\/v2\/media?parent=4010"}],"curies":[{"name":"wp","href":"https:\/\/api.w.org\/{rel}","templated":true}]}}