{"id":4116,"date":"2024-10-01T14:13:05","date_gmt":"2024-10-01T17:13:05","guid":{"rendered":"https:\/\/amplitudmodulada.com.ar\/?page_id=4116"},"modified":"2024-10-01T14:36:50","modified_gmt":"2024-10-01T17:36:50","slug":"noticia13232","status":"publish","type":"page","link":"https:\/\/amplitudmodulada.com.ar\/index.php\/noticia13232\/","title":{"rendered":"Advierten que redujeron las horas de programaci\u00f3n local en LT11"},"content":{"rendered":"\n<figure class=\"wp-block-image size-full\"><img loading=\"lazy\" decoding=\"async\" width=\"153\" height=\"100\" src=\"http:\/\/amplitudmodulada.com.ar\/wp-content\/uploads\/2024\/03\/LT11-e1711215099430.png\" alt=\"\" class=\"wp-image-1380\"\/><\/figure>\n\n\n\n<p>Delegados de la Seccional Concepci\u00f3n del Uruguay del Sindicato Argentino de Locutores y Comunicadores emitieron un comunicado para advertir que el gobierno nacional redujo a la mitad las horas de programaci\u00f3n local de LT11 Radio Nacional General Francisco Ram\u00edrez y en todas las radios nacionales del pa\u00eds.<\/p>\n\n\n\n<p>&#8220;En un nuevo avance del gobierno nacional contra los medios p\u00fablicos y sus trabajadores, desde este lunes 8 de julio de 2024 han definido reducir las horas de transmisi\u00f3n local y regional en las m\u00e1s de cuarenta emisoras de todo el pa\u00eds para emitir propaganda oficialista desde Buenos Aires&#8221;, se\u00f1alaron.<\/p>\n\n\n\n<p>En ese sentido, precisaron que &#8220;el intento de ocultamiento del acontecer local y regional abarca a la mitad de las horas de transmisi\u00f3n de las radios nacionales del interior haciendo hincapi\u00e9, principalmente, en el segmento matutino&#8221;.<\/p>\n\n\n\n<p>&#8220;En principio es un claro acto de censura contra la multiplicidad de voces, la cultura regional, el servicio p\u00fablico y la cobertura de acontecimientos que cotidianamente debe garantizar Radio Nacional&#8221;, a\u00f1adieron.<\/p>\n\n\n\n<p>Asimismo, los delegados sindicales aseguraron que &#8220;esta censura, justamente, se ejecuta en el contexto de un ajuste brutal por parte del gobierno contra la poblaci\u00f3n con el consecuente crecimiento de conflictos sociales a lo largo y ancho del pa\u00eds&#8221;.<\/p>\n\n\n\n<p>Fuente: <a href=\"http:\/\/www.lapiramide.net\" data-type=\"link\" data-id=\"www.lapiramide.net\" target=\"_blank\" rel=\"noreferrer noopener\">www.lapiramide.net<\/a> | Concepci\u00f3n del Uruguay &#8211; Entre R\u00edos | 09.07.24<\/p>\n","protected":false},"excerpt":{"rendered":"<p>Delegados de la Seccional Concepci\u00f3n del Uruguay del Sindicato Argentino de Locutores y Comunicadores emitieron un comunicado para advertir que el gobierno nacional redujo a la mitad las horas de programaci\u00f3n local de LT11 Radio Nacional General Francisco Ram\u00edrez y en todas las radios nacionales del pa\u00eds. &#8220;En un nuevo avance del gobierno nacional contra &hellip; <a href=\"https:\/\/amplitudmodulada.com.ar\/index.php\/noticia13232\/\" class=\"more-link\">Continu\u00e1 leyendo <span class=\"screen-reader-text\">Advierten que redujeron las horas de programaci\u00f3n local en LT11<\/span><\/a><\/p>\n","protected":false},"author":1,"featured_media":0,"parent":0,"menu_order":0,"comment_status":"closed","ping_status":"closed","template":"","meta":{"footnotes":""},"class_list":["post-4116","page","type-page","status-publish","hentry"],"_links":{"self":[{"href":"https:\/\/amplitudmodulada.com.ar\/index.php\/wp-json\/wp\/v2\/pages\/4116","targetHints":{"allow":["GET"]}}],"collection":[{"href":"https:\/\/amplitudmodulada.com.ar\/index.php\/wp-json\/wp\/v2\/pages"}],"about":[{"href":"https:\/\/amplitudmodulada.com.ar\/index.php\/wp-json\/wp\/v2\/types\/page"}],"author":[{"embeddable":true,"href":"https:\/\/amplitudmodulada.com.ar\/index.php\/wp-json\/wp\/v2\/users\/1"}],"replies":[{"embeddable":true,"href":"https:\/\/amplitudmodulada.com.ar\/index.php\/wp-json\/wp\/v2\/comments?post=4116"}],"version-history":[{"count":3,"href":"https:\/\/amplitudmodulada.com.ar\/index.php\/wp-json\/wp\/v2\/pages\/4116\/revisions"}],"predecessor-version":[{"id":4121,"href":"https:\/\/amplitudmodulada.com.ar\/index.php\/wp-json\/wp\/v2\/pages\/4116\/revisions\/4121"}],"wp:attachment":[{"href":"https:\/\/amplitudmodulada.com.ar\/index.php\/wp-json\/wp\/v2\/media?parent=4116"}],"curies":[{"name":"wp","href":"https:\/\/api.w.org\/{rel}","templated":true}]}}