{"id":4142,"date":"2024-10-01T20:06:04","date_gmt":"2024-10-01T23:06:04","guid":{"rendered":"https:\/\/amplitudmodulada.com.ar\/?page_id=4142"},"modified":"2024-10-01T20:14:17","modified_gmt":"2024-10-01T23:14:17","slug":"noticia13235","status":"publish","type":"page","link":"https:\/\/amplitudmodulada.com.ar\/index.php\/noticia13235\/","title":{"rendered":"Condenan a uno de los  autores del robo en la planta transmisora de Radio Amanecer"},"content":{"rendered":"\n<figure class=\"wp-block-image size-full\"><img loading=\"lazy\" decoding=\"async\" width=\"180\" height=\"70\" src=\"http:\/\/amplitudmodulada.com.ar\/wp-content\/uploads\/2024\/03\/LRI371-e1711055484543.png\" alt=\"\" class=\"wp-image-1356\"\/><\/figure>\n\n\n\n<p>En la ma\u00f1ana de este jueves, fue condenado a tres a\u00f1os de prisi\u00f3n de ejecuci\u00f3n condicional Mariano Luis Lugo, uno de los autores del robo a la planta transmisora de Radio Amanecer de Reconquista perpetrado en el mes de febrero pasado.<\/p>\n\n\n\n<p>Mariano Luis Lugo acept\u00f3 voluntariamente la responsabilidad del delito y aport\u00f3 informaci\u00f3n \u00fatil para la continuaci\u00f3n de la causa, que sigue con otros dos imputados.<\/p>\n\n\n\n<p>El robo ocurri\u00f3 en febrero de 2024, cuando personal de Radio Amanecer descubri\u00f3 un boquete en la pared de su planta transmisora y el faltante de equipamiento.<\/p>\n\n\n\n<p>Radio Amanecer sale al aire en 1290 Khz. y 92.7 Mhz.<\/p>\n\n\n\n<p>Fuente: <a href=\"http:\/\/www.radioamanecer.com.ar\" data-type=\"link\" data-id=\"www.radioamanecer.com.ar\" target=\"_blank\" rel=\"noreferrer noopener\">www.radioamanecer.com.ar<\/a> | Reconquista &#8211; Santa Fe | 11.07.24 <\/p>\n","protected":false},"excerpt":{"rendered":"<p>En la ma\u00f1ana de este jueves, fue condenado a tres a\u00f1os de prisi\u00f3n de ejecuci\u00f3n condicional Mariano Luis Lugo, uno de los autores del robo a la planta transmisora de Radio Amanecer de Reconquista perpetrado en el mes de febrero pasado. Mariano Luis Lugo acept\u00f3 voluntariamente la responsabilidad del delito y aport\u00f3 informaci\u00f3n \u00fatil para &hellip; <a href=\"https:\/\/amplitudmodulada.com.ar\/index.php\/noticia13235\/\" class=\"more-link\">Continu\u00e1 leyendo <span class=\"screen-reader-text\">Condenan a uno de los  autores del robo en la planta transmisora de Radio Amanecer<\/span><\/a><\/p>\n","protected":false},"author":1,"featured_media":0,"parent":0,"menu_order":0,"comment_status":"closed","ping_status":"closed","template":"","meta":{"footnotes":""},"class_list":["post-4142","page","type-page","status-publish","hentry"],"_links":{"self":[{"href":"https:\/\/amplitudmodulada.com.ar\/index.php\/wp-json\/wp\/v2\/pages\/4142","targetHints":{"allow":["GET"]}}],"collection":[{"href":"https:\/\/amplitudmodulada.com.ar\/index.php\/wp-json\/wp\/v2\/pages"}],"about":[{"href":"https:\/\/amplitudmodulada.com.ar\/index.php\/wp-json\/wp\/v2\/types\/page"}],"author":[{"embeddable":true,"href":"https:\/\/amplitudmodulada.com.ar\/index.php\/wp-json\/wp\/v2\/users\/1"}],"replies":[{"embeddable":true,"href":"https:\/\/amplitudmodulada.com.ar\/index.php\/wp-json\/wp\/v2\/comments?post=4142"}],"version-history":[{"count":3,"href":"https:\/\/amplitudmodulada.com.ar\/index.php\/wp-json\/wp\/v2\/pages\/4142\/revisions"}],"predecessor-version":[{"id":4146,"href":"https:\/\/amplitudmodulada.com.ar\/index.php\/wp-json\/wp\/v2\/pages\/4142\/revisions\/4146"}],"wp:attachment":[{"href":"https:\/\/amplitudmodulada.com.ar\/index.php\/wp-json\/wp\/v2\/media?parent=4142"}],"curies":[{"name":"wp","href":"https:\/\/api.w.org\/{rel}","templated":true}]}}