{"id":4210,"date":"2024-10-05T18:03:39","date_gmt":"2024-10-05T21:03:39","guid":{"rendered":"https:\/\/amplitudmodulada.com.ar\/?page_id=4210"},"modified":"2024-10-05T18:08:52","modified_gmt":"2024-10-05T21:08:52","slug":"noticia13244","status":"publish","type":"page","link":"https:\/\/amplitudmodulada.com.ar\/index.php\/noticia13244\/","title":{"rendered":"Dante Gebel se suma a la grilla de programaci\u00f3n de Radio 10"},"content":{"rendered":"\n<figure class=\"wp-block-image size-full\"><img loading=\"lazy\" decoding=\"async\" width=\"126\" height=\"80\" src=\"http:\/\/amplitudmodulada.com.ar\/wp-content\/uploads\/2024\/01\/710-e1704587121920.png\" alt=\"\" class=\"wp-image-122\"\/><\/figure>\n\n\n\n<p>El conductor y conferencista Dante Gebel se suma a la grilla de programaci\u00f3n de LRL202 Radio 10. Conducir\u00e1 a partir del 4 de agosto &#8220;Dante de 10&#8221; todos los domingos  a las 22.00 horas.<\/p>\n\n\n\n<p>M\u00fasica, invitados y reflexiones para cerrar el fin de semana formar\u00e1n parte del men\u00fa del nuevo ciclo de Radio 10.<\/p>\n\n\n\n<p>&#8220;Dante de 10&#8221; se transmitir\u00e1 desde los estudios de Radio 10 en Los \u00c1ngeles, Estados Unidos.<\/p>\n\n\n\n<p>El programa se seguir tambi\u00e9n por streaming en <a href=\"http:\/\/www.radio10.com.ar\" data-type=\"link\" data-id=\"www.radio10.com.ar\" target=\"_blank\" rel=\"noreferrer noopener\">www.radio10.com.ar<\/a> y a trav\u00e9s del canal de YouTube de la emisora.<\/p>\n\n\n\n<p>Fuente: <a href=\"http:\/\/www.radio10.com.ar\" data-type=\"link\" data-id=\"www.radio10.com.ar\" target=\"_blank\" rel=\"noreferrer noopener\">www.radio10.com.ar<\/a> | Ciudad Aut\u00f3noma de Buenos Aires | 12.07.24<\/p>\n","protected":false},"excerpt":{"rendered":"<p>El conductor y conferencista Dante Gebel se suma a la grilla de programaci\u00f3n de LRL202 Radio 10. Conducir\u00e1 a partir del 4 de agosto &#8220;Dante de 10&#8221; todos los domingos a las 22.00 horas. M\u00fasica, invitados y reflexiones para cerrar el fin de semana formar\u00e1n parte del men\u00fa del nuevo ciclo de Radio 10. &#8220;Dante &hellip; <a href=\"https:\/\/amplitudmodulada.com.ar\/index.php\/noticia13244\/\" class=\"more-link\">Continu\u00e1 leyendo <span class=\"screen-reader-text\">Dante Gebel se suma a la grilla de programaci\u00f3n de Radio 10<\/span><\/a><\/p>\n","protected":false},"author":1,"featured_media":0,"parent":0,"menu_order":0,"comment_status":"closed","ping_status":"closed","template":"","meta":{"footnotes":""},"class_list":["post-4210","page","type-page","status-publish","hentry"],"_links":{"self":[{"href":"https:\/\/amplitudmodulada.com.ar\/index.php\/wp-json\/wp\/v2\/pages\/4210","targetHints":{"allow":["GET"]}}],"collection":[{"href":"https:\/\/amplitudmodulada.com.ar\/index.php\/wp-json\/wp\/v2\/pages"}],"about":[{"href":"https:\/\/amplitudmodulada.com.ar\/index.php\/wp-json\/wp\/v2\/types\/page"}],"author":[{"embeddable":true,"href":"https:\/\/amplitudmodulada.com.ar\/index.php\/wp-json\/wp\/v2\/users\/1"}],"replies":[{"embeddable":true,"href":"https:\/\/amplitudmodulada.com.ar\/index.php\/wp-json\/wp\/v2\/comments?post=4210"}],"version-history":[{"count":2,"href":"https:\/\/amplitudmodulada.com.ar\/index.php\/wp-json\/wp\/v2\/pages\/4210\/revisions"}],"predecessor-version":[{"id":4213,"href":"https:\/\/amplitudmodulada.com.ar\/index.php\/wp-json\/wp\/v2\/pages\/4210\/revisions\/4213"}],"wp:attachment":[{"href":"https:\/\/amplitudmodulada.com.ar\/index.php\/wp-json\/wp\/v2\/media?parent=4210"}],"curies":[{"name":"wp","href":"https:\/\/api.w.org\/{rel}","templated":true}]}}