{"id":4237,"date":"2024-10-06T19:38:24","date_gmt":"2024-10-06T22:38:24","guid":{"rendered":"https:\/\/amplitudmodulada.com.ar\/?page_id=4237"},"modified":"2024-10-06T19:48:03","modified_gmt":"2024-10-06T22:48:03","slug":"noticia13248","status":"publish","type":"page","link":"https:\/\/amplitudmodulada.com.ar\/index.php\/noticia13248\/","title":{"rendered":"Radio 10 despide a la locutora Ana Maccaroni"},"content":{"rendered":"\n<figure class=\"wp-block-image size-full\"><img loading=\"lazy\" decoding=\"async\" width=\"126\" height=\"80\" src=\"http:\/\/amplitudmodulada.com.ar\/wp-content\/uploads\/2024\/01\/710-e1704587121920.png\" alt=\"\" class=\"wp-image-122\"\/><\/figure>\n\n\n\n<p>LRL202 Radio 10 despidi\u00f3 a la locutora Ana Maccaroni luego de que denunciara por maltrato laboral al periodista de esa emisora Pablo Duggan.<\/p>\n\n\n\n<p>La noticia fue confirmada por el programa televisivo &#8220;LAM&#8221;, que se emite por Am\u00e9rica TV.<\/p>\n\n\n\n<p>En ese programa se inform\u00f3 que la locutora fue desvinculada por no borrar los mensajes que hab\u00eda escrito en las redes sociales contra Pablo Duggan, al que denunci\u00f3 por maltrato laboral.<\/p>\n\n\n\n<p>La propia Ana Maccaroni lo confirm\u00f3 poco despu\u00e9s en el programa &#8220;LAM&#8221;.<\/p>\n\n\n\n<p>&#8220;El coordinador la radio me llam\u00f3 para decirme que no me presente hoy porque la empresa determin\u00f3 hacerme a un lado. Yo pregunt\u00e9 cu\u00e1l era el motivo y me dijeron que no sab\u00edan, pero que no me presente porque me iba a encontrar en la puerta con un comunicado para que no pudiese entrar. Pero mis abogados me dijeron que me presente igual&#8221;, relat\u00f3 la locutora.<\/p>\n\n\n\n<p>Fuente: <a href=\"http:\/\/www.a24.c\" data-type=\"link\" data-id=\"www.a24.c\" target=\"_blank\" rel=\"noreferrer noopener\">www.a24.com<\/a> | Ciudad Aut\u00f3noma de Buenos Aires | 16.07.24<\/p>\n","protected":false},"excerpt":{"rendered":"<p>LRL202 Radio 10 despidi\u00f3 a la locutora Ana Maccaroni luego de que denunciara por maltrato laboral al periodista de esa emisora Pablo Duggan. La noticia fue confirmada por el programa televisivo &#8220;LAM&#8221;, que se emite por Am\u00e9rica TV. En ese programa se inform\u00f3 que la locutora fue desvinculada por no borrar los mensajes que hab\u00eda &hellip; <a href=\"https:\/\/amplitudmodulada.com.ar\/index.php\/noticia13248\/\" class=\"more-link\">Continu\u00e1 leyendo <span class=\"screen-reader-text\">Radio 10 despide a la locutora Ana Maccaroni<\/span><\/a><\/p>\n","protected":false},"author":1,"featured_media":0,"parent":0,"menu_order":0,"comment_status":"closed","ping_status":"closed","template":"","meta":{"footnotes":""},"class_list":["post-4237","page","type-page","status-publish","hentry"],"_links":{"self":[{"href":"https:\/\/amplitudmodulada.com.ar\/index.php\/wp-json\/wp\/v2\/pages\/4237","targetHints":{"allow":["GET"]}}],"collection":[{"href":"https:\/\/amplitudmodulada.com.ar\/index.php\/wp-json\/wp\/v2\/pages"}],"about":[{"href":"https:\/\/amplitudmodulada.com.ar\/index.php\/wp-json\/wp\/v2\/types\/page"}],"author":[{"embeddable":true,"href":"https:\/\/amplitudmodulada.com.ar\/index.php\/wp-json\/wp\/v2\/users\/1"}],"replies":[{"embeddable":true,"href":"https:\/\/amplitudmodulada.com.ar\/index.php\/wp-json\/wp\/v2\/comments?post=4237"}],"version-history":[{"count":2,"href":"https:\/\/amplitudmodulada.com.ar\/index.php\/wp-json\/wp\/v2\/pages\/4237\/revisions"}],"predecessor-version":[{"id":4240,"href":"https:\/\/amplitudmodulada.com.ar\/index.php\/wp-json\/wp\/v2\/pages\/4237\/revisions\/4240"}],"wp:attachment":[{"href":"https:\/\/amplitudmodulada.com.ar\/index.php\/wp-json\/wp\/v2\/media?parent=4237"}],"curies":[{"name":"wp","href":"https:\/\/api.w.org\/{rel}","templated":true}]}}