{"id":4285,"date":"2024-10-11T13:23:29","date_gmt":"2024-10-11T16:23:29","guid":{"rendered":"https:\/\/amplitudmodulada.com.ar\/?page_id=4285"},"modified":"2024-10-11T13:24:12","modified_gmt":"2024-10-11T16:24:12","slug":"noticia13255","status":"publish","type":"page","link":"https:\/\/amplitudmodulada.com.ar\/index.php\/noticia13255\/","title":{"rendered":"Preocupa a trabajadores de LU4 Radio Nacional Patagonia la oferta de retiros voluntarios"},"content":{"rendered":"\n<figure class=\"wp-block-image size-full\"><img loading=\"lazy\" decoding=\"async\" width=\"117\" height=\"100\" src=\"http:\/\/amplitudmodulada.com.ar\/wp-content\/uploads\/2024\/06\/LU4-e1717265918236.png\" alt=\"\" class=\"wp-image-2130\"\/><\/figure>\n\n\n\n<p>Trabajadores de LU4 Radio Nacional Patagonia de Comodoro Rivadavia manifestaron su preocupaci\u00f3n por la oferta de retiros voluntarios y jubilaciones anticipadas en la emisora.<\/p>\n\n\n\n<p>Asimismo, denunciaron la reducci\u00f3n de la programaci\u00f3n local en la grilla de la emisora p\u00fablica y que programas emblem\u00e1ticos como &#8220;El Mensajero Rural&#8221; y &#8220;La Bolsa de Trabajo&#8221; han reducido su emisi\u00f3n.<\/p>\n\n\n\n<p>En tanto, los s\u00e1bados y domingos la programaci\u00f3n local ha quedado reducida a solo tres horas diarias.<\/p>\n\n\n\n<p>En Radio Nacional Patagonia Argentina se desempe\u00f1an actualmente diecinueve trabajadores.<\/p>\n\n\n\n<p>Fuente: <a href=\"http:\/\/www.abcdiario.com.ar\" data-type=\"link\" data-id=\"www.abcdiario.com.ar\" target=\"_blank\" rel=\"noreferrer noopener\">www.abcdiario.com.ar<\/a> | Comodoro Rivadavia &#8211; Chubut | 18.07.24<\/p>\n","protected":false},"excerpt":{"rendered":"<p>Trabajadores de LU4 Radio Nacional Patagonia de Comodoro Rivadavia manifestaron su preocupaci\u00f3n por la oferta de retiros voluntarios y jubilaciones anticipadas en la emisora. Asimismo, denunciaron la reducci\u00f3n de la programaci\u00f3n local en la grilla de la emisora p\u00fablica y que programas emblem\u00e1ticos como &#8220;El Mensajero Rural&#8221; y &#8220;La Bolsa de Trabajo&#8221; han reducido su &hellip; <a href=\"https:\/\/amplitudmodulada.com.ar\/index.php\/noticia13255\/\" class=\"more-link\">Continu\u00e1 leyendo <span class=\"screen-reader-text\">Preocupa a trabajadores de LU4 Radio Nacional Patagonia la oferta de retiros voluntarios<\/span><\/a><\/p>\n","protected":false},"author":1,"featured_media":0,"parent":0,"menu_order":0,"comment_status":"closed","ping_status":"closed","template":"","meta":{"footnotes":""},"class_list":["post-4285","page","type-page","status-publish","hentry"],"_links":{"self":[{"href":"https:\/\/amplitudmodulada.com.ar\/index.php\/wp-json\/wp\/v2\/pages\/4285","targetHints":{"allow":["GET"]}}],"collection":[{"href":"https:\/\/amplitudmodulada.com.ar\/index.php\/wp-json\/wp\/v2\/pages"}],"about":[{"href":"https:\/\/amplitudmodulada.com.ar\/index.php\/wp-json\/wp\/v2\/types\/page"}],"author":[{"embeddable":true,"href":"https:\/\/amplitudmodulada.com.ar\/index.php\/wp-json\/wp\/v2\/users\/1"}],"replies":[{"embeddable":true,"href":"https:\/\/amplitudmodulada.com.ar\/index.php\/wp-json\/wp\/v2\/comments?post=4285"}],"version-history":[{"count":1,"href":"https:\/\/amplitudmodulada.com.ar\/index.php\/wp-json\/wp\/v2\/pages\/4285\/revisions"}],"predecessor-version":[{"id":4286,"href":"https:\/\/amplitudmodulada.com.ar\/index.php\/wp-json\/wp\/v2\/pages\/4285\/revisions\/4286"}],"wp:attachment":[{"href":"https:\/\/amplitudmodulada.com.ar\/index.php\/wp-json\/wp\/v2\/media?parent=4285"}],"curies":[{"name":"wp","href":"https:\/\/api.w.org\/{rel}","templated":true}]}}