{"id":4443,"date":"2024-10-25T20:51:37","date_gmt":"2024-10-25T23:51:37","guid":{"rendered":"https:\/\/amplitudmodulada.com.ar\/?page_id=4443"},"modified":"2024-10-25T21:08:44","modified_gmt":"2024-10-26T00:08:44","slug":"noticia13277","status":"publish","type":"page","link":"https:\/\/amplitudmodulada.com.ar\/index.php\/noticia13277\/","title":{"rendered":"Un periodista de Radio Rivadavia denunci\u00f3 que no lo dejaron ingresar a Venezuela"},"content":{"rendered":"\n<figure class=\"wp-block-image size-full\"><img loading=\"lazy\" decoding=\"async\" width=\"174\" height=\"60\" src=\"http:\/\/amplitudmodulada.com.ar\/wp-content\/uploads\/2024\/01\/630-e1704586384620.png\" alt=\"\" class=\"wp-image-115\"\/><\/figure>\n\n\n\n<p>El periodista Jorge Pizarro, que se desempe\u00f1a en LS5 Radio Rivadavia, denunci\u00f3 que no lo dejaron ingresar a Venezuela, adonde viaj\u00f3 para cubrir las elecciones presidenciales que se celebrar\u00e1n este domingo.<\/p>\n\n\n\n<p>En di\u00e1logo con Marcelo Longobardi, Jorge Pizarro relat\u00f3 que esta madrugada arrib\u00f3 a Caracas y fue apartado de la fila que hac\u00eda en Migraciones en el aeropuerto.<\/p>\n\n\n\n<p>Tras ello, le hicieron un interrogatorio de ocho preguntas, que repitieron diez personas distintas, luego de lo cual le informaron que lo iban a deportar.<\/p>\n\n\n\n<p>De acuerdo a lo que cont\u00f3, vol\u00f3 a Venezuela con la aerol\u00ednea Copa, que primero hizo escala en Panam\u00e1 y aterriz\u00f3 en Caracas a las 2.30 horas.<\/p>\n\n\n\n<p>Seg\u00fan afirm\u00f3 el periodista en el aeropuerto lo interrogaron diez veces con ocho preguntas que se repet\u00edan cada vez, le sacaron catorce fotos en &#8220;escenarios distintos&#8221;, le retuvieron el pasaporte, lo llevaron a una oficina de aislamiento y lo filmaron en un video donde debi\u00f3 detallar qui\u00e9n era y a qu\u00e9 fue a Venezuela.<\/p>\n\n\n\n<p>Jorge Pizarro conduce en Radio Rivadavia los ciclos &#8220;Un D\u00eda de Estos&#8221; y &#8220;Mejor Ahora&#8221;.<\/p>\n\n\n\n<p>Fuente: <a href=\"http:\/\/www.lanacion.com.ar\" data-type=\"link\" data-id=\"www.lanacion.com.ar\" target=\"_blank\" rel=\"noreferrer noopener\">www.lanacion.com.ar<\/a> | Ciudad Aut\u00f3noma de Buenos Aires | 25.07.24<\/p>\n","protected":false},"excerpt":{"rendered":"<p>El periodista Jorge Pizarro, que se desempe\u00f1a en LS5 Radio Rivadavia, denunci\u00f3 que no lo dejaron ingresar a Venezuela, adonde viaj\u00f3 para cubrir las elecciones presidenciales que se celebrar\u00e1n este domingo. En di\u00e1logo con Marcelo Longobardi, Jorge Pizarro relat\u00f3 que esta madrugada arrib\u00f3 a Caracas y fue apartado de la fila que hac\u00eda en Migraciones &hellip; <a href=\"https:\/\/amplitudmodulada.com.ar\/index.php\/noticia13277\/\" class=\"more-link\">Continu\u00e1 leyendo <span class=\"screen-reader-text\">Un periodista de Radio Rivadavia denunci\u00f3 que no lo dejaron ingresar a Venezuela<\/span><\/a><\/p>\n","protected":false},"author":1,"featured_media":0,"parent":0,"menu_order":0,"comment_status":"closed","ping_status":"closed","template":"","meta":{"footnotes":""},"class_list":["post-4443","page","type-page","status-publish","hentry"],"_links":{"self":[{"href":"https:\/\/amplitudmodulada.com.ar\/index.php\/wp-json\/wp\/v2\/pages\/4443","targetHints":{"allow":["GET"]}}],"collection":[{"href":"https:\/\/amplitudmodulada.com.ar\/index.php\/wp-json\/wp\/v2\/pages"}],"about":[{"href":"https:\/\/amplitudmodulada.com.ar\/index.php\/wp-json\/wp\/v2\/types\/page"}],"author":[{"embeddable":true,"href":"https:\/\/amplitudmodulada.com.ar\/index.php\/wp-json\/wp\/v2\/users\/1"}],"replies":[{"embeddable":true,"href":"https:\/\/amplitudmodulada.com.ar\/index.php\/wp-json\/wp\/v2\/comments?post=4443"}],"version-history":[{"count":2,"href":"https:\/\/amplitudmodulada.com.ar\/index.php\/wp-json\/wp\/v2\/pages\/4443\/revisions"}],"predecessor-version":[{"id":4446,"href":"https:\/\/amplitudmodulada.com.ar\/index.php\/wp-json\/wp\/v2\/pages\/4443\/revisions\/4446"}],"wp:attachment":[{"href":"https:\/\/amplitudmodulada.com.ar\/index.php\/wp-json\/wp\/v2\/media?parent=4443"}],"curies":[{"name":"wp","href":"https:\/\/api.w.org\/{rel}","templated":true}]}}