{"id":4547,"date":"2024-11-02T20:00:01","date_gmt":"2024-11-02T23:00:01","guid":{"rendered":"https:\/\/amplitudmodulada.com.ar\/?page_id=4547"},"modified":"2024-11-02T20:07:32","modified_gmt":"2024-11-02T23:07:32","slug":"noticia13292","status":"publish","type":"page","link":"https:\/\/amplitudmodulada.com.ar\/index.php\/noticia13292\/","title":{"rendered":"Muere Edmundo Pedro Scattini, fundador de LT15 Radio del Litoral"},"content":{"rendered":"\n<figure class=\"wp-block-image size-full\"><img loading=\"lazy\" decoding=\"async\" width=\"154\" height=\"60\" src=\"http:\/\/amplitudmodulada.com.ar\/wp-content\/uploads\/2024\/03\/LT15-e1709488416642.png\" alt=\"\" class=\"wp-image-1124\"\/><\/figure>\n\n\n\n<p>A los 92 a\u00f1os, falleci\u00f3 este mi\u00e9rcoles por la noche el ingeniero Edmundo Pedro Scattini, fundador de LT15 Radio del Litoral de Concordia.<\/p>\n\n\n\n<p>Edmundo Pedro Scattini conform\u00f3 la primera sociedad an\u00f3nima que tom\u00f3 la radio como emisora privada en 1969.<\/p>\n\n\n\n<p>El ingeniero fallecido ayer fue director de la emisora de Amplitud Modulada de Concordia entre 1983 y 1997, cuando se vendi\u00f3 la radio.<\/p>\n\n\n\n<p>En su larga trayectoria en Radio del Litoral, tambi\u00e9n tuvo su espacio como conductor del programa &#8220;Periodistas de Turno&#8221;, que se emit\u00eda de lunes a viernes al mediod\u00eda.<\/p>\n\n\n\n<p>Fuente: <a href=\"http:\/\/www.lt15concordia.com.ar\" data-type=\"link\" data-id=\"www.lt15concordia.com.ar\" target=\"_blank\" rel=\"noreferrer noopener\">www.lt15concordia.com.ar<\/a> | Concordia &#8211; Entre R\u00edos | 01.08.24<\/p>\n","protected":false},"excerpt":{"rendered":"<p>A los 92 a\u00f1os, falleci\u00f3 este mi\u00e9rcoles por la noche el ingeniero Edmundo Pedro Scattini, fundador de LT15 Radio del Litoral de Concordia. Edmundo Pedro Scattini conform\u00f3 la primera sociedad an\u00f3nima que tom\u00f3 la radio como emisora privada en 1969. El ingeniero fallecido ayer fue director de la emisora de Amplitud Modulada de Concordia entre &hellip; <a href=\"https:\/\/amplitudmodulada.com.ar\/index.php\/noticia13292\/\" class=\"more-link\">Continu\u00e1 leyendo <span class=\"screen-reader-text\">Muere Edmundo Pedro Scattini, fundador de LT15 Radio del Litoral<\/span><\/a><\/p>\n","protected":false},"author":1,"featured_media":0,"parent":0,"menu_order":0,"comment_status":"closed","ping_status":"closed","template":"","meta":{"footnotes":""},"class_list":["post-4547","page","type-page","status-publish","hentry"],"_links":{"self":[{"href":"https:\/\/amplitudmodulada.com.ar\/index.php\/wp-json\/wp\/v2\/pages\/4547","targetHints":{"allow":["GET"]}}],"collection":[{"href":"https:\/\/amplitudmodulada.com.ar\/index.php\/wp-json\/wp\/v2\/pages"}],"about":[{"href":"https:\/\/amplitudmodulada.com.ar\/index.php\/wp-json\/wp\/v2\/types\/page"}],"author":[{"embeddable":true,"href":"https:\/\/amplitudmodulada.com.ar\/index.php\/wp-json\/wp\/v2\/users\/1"}],"replies":[{"embeddable":true,"href":"https:\/\/amplitudmodulada.com.ar\/index.php\/wp-json\/wp\/v2\/comments?post=4547"}],"version-history":[{"count":2,"href":"https:\/\/amplitudmodulada.com.ar\/index.php\/wp-json\/wp\/v2\/pages\/4547\/revisions"}],"predecessor-version":[{"id":4550,"href":"https:\/\/amplitudmodulada.com.ar\/index.php\/wp-json\/wp\/v2\/pages\/4547\/revisions\/4550"}],"wp:attachment":[{"href":"https:\/\/amplitudmodulada.com.ar\/index.php\/wp-json\/wp\/v2\/media?parent=4547"}],"curies":[{"name":"wp","href":"https:\/\/api.w.org\/{rel}","templated":true}]}}