{"id":4581,"date":"2024-11-09T18:52:57","date_gmt":"2024-11-09T21:52:57","guid":{"rendered":"https:\/\/amplitudmodulada.com.ar\/?page_id=4581"},"modified":"2024-11-09T19:00:47","modified_gmt":"2024-11-09T22:00:47","slug":"noticia13297","status":"publish","type":"page","link":"https:\/\/amplitudmodulada.com.ar\/index.php\/noticia13297\/","title":{"rendered":"Difunden un nuevo parte m\u00e9dico sobre el estado de Jorge Lanata"},"content":{"rendered":"\n<figure class=\"wp-block-image size-large is-resized\"><img loading=\"lazy\" decoding=\"async\" width=\"1024\" height=\"532\" src=\"http:\/\/amplitudmodulada.com.ar\/wp-content\/uploads\/2024\/01\/790-1024x532.png\" alt=\"\" class=\"wp-image-268\" style=\"width:147px;height:auto\"\/><\/figure>\n\n\n\n<p>El Hospital Italiano brind\u00f3 este viernes un nuevo parte m\u00e9dico con detalles del estado de salud del periodista Jorge Lanata, internado en ese centro de salud desde el mes de junio.<\/p>\n\n\n\n<p>&#8220;El paciente Jorge Ernesto Lanata contin\u00faa su internaci\u00f3n en la Unidad de Terapia Intensiva del Hospital Italiano de Buenos Aires. Se observa una mejor\u00eda en su cuadro cl\u00ednico general&#8221;, indica el parte m\u00e9dico.<\/p>\n\n\n\n<p>En el documento se informa, adem\u00e1s, que &#8220;el paciente mantiene la traqueotom\u00eda y ha demostrado una buena tolerancia al retiro del soporte ventilatorio intermitente&#8221;.<\/p>\n\n\n\n<p>Adem\u00e1s de aclarar que la funci\u00f3n renal del periodista se encuentra estable, a\u00f1adieron que est\u00e1 hemodin\u00e1micamente compensado y que no requiere el suministro de drogas vasoactivas.<\/p>\n\n\n\n<p>&#8220;Se ha iniciado un programa que abarca aspectos respiratorios, motrices y neurol\u00f3gicos, con respuestas adecuadas observadas&#8221;, agrega el parte m\u00e9dico.<\/p>\n\n\n\n<p>Fuente: <a href=\"http:\/\/www.clarin.com\" data-type=\"link\" data-id=\"www.clarin.com\" target=\"_blank\" rel=\"noreferrer noopener\">www.clarin.com.ar<\/a> | Ciudad Aut\u00f3noma de Buenos Aires | 02.08.24<\/p>\n","protected":false},"excerpt":{"rendered":"<p>El Hospital Italiano brind\u00f3 este viernes un nuevo parte m\u00e9dico con detalles del estado de salud del periodista Jorge Lanata, internado en ese centro de salud desde el mes de junio. &#8220;El paciente Jorge Ernesto Lanata contin\u00faa su internaci\u00f3n en la Unidad de Terapia Intensiva del Hospital Italiano de Buenos Aires. Se observa una mejor\u00eda &hellip; <a href=\"https:\/\/amplitudmodulada.com.ar\/index.php\/noticia13297\/\" class=\"more-link\">Continu\u00e1 leyendo <span class=\"screen-reader-text\">Difunden un nuevo parte m\u00e9dico sobre el estado de Jorge Lanata<\/span><\/a><\/p>\n","protected":false},"author":1,"featured_media":0,"parent":0,"menu_order":0,"comment_status":"closed","ping_status":"closed","template":"","meta":{"footnotes":""},"class_list":["post-4581","page","type-page","status-publish","hentry"],"_links":{"self":[{"href":"https:\/\/amplitudmodulada.com.ar\/index.php\/wp-json\/wp\/v2\/pages\/4581","targetHints":{"allow":["GET"]}}],"collection":[{"href":"https:\/\/amplitudmodulada.com.ar\/index.php\/wp-json\/wp\/v2\/pages"}],"about":[{"href":"https:\/\/amplitudmodulada.com.ar\/index.php\/wp-json\/wp\/v2\/types\/page"}],"author":[{"embeddable":true,"href":"https:\/\/amplitudmodulada.com.ar\/index.php\/wp-json\/wp\/v2\/users\/1"}],"replies":[{"embeddable":true,"href":"https:\/\/amplitudmodulada.com.ar\/index.php\/wp-json\/wp\/v2\/comments?post=4581"}],"version-history":[{"count":3,"href":"https:\/\/amplitudmodulada.com.ar\/index.php\/wp-json\/wp\/v2\/pages\/4581\/revisions"}],"predecessor-version":[{"id":4585,"href":"https:\/\/amplitudmodulada.com.ar\/index.php\/wp-json\/wp\/v2\/pages\/4581\/revisions\/4585"}],"wp:attachment":[{"href":"https:\/\/amplitudmodulada.com.ar\/index.php\/wp-json\/wp\/v2\/media?parent=4581"}],"curies":[{"name":"wp","href":"https:\/\/api.w.org\/{rel}","templated":true}]}}