{"id":4614,"date":"2024-11-11T19:48:20","date_gmt":"2024-11-11T22:48:20","guid":{"rendered":"https:\/\/amplitudmodulada.com.ar\/?page_id=4614"},"modified":"2024-11-11T19:56:51","modified_gmt":"2024-11-11T22:56:51","slug":"noticia13301","status":"publish","type":"page","link":"https:\/\/amplitudmodulada.com.ar\/index.php\/noticia13301\/","title":{"rendered":"Radio Rivadavia cambia su grilla de programaci\u00f3n de los domingos"},"content":{"rendered":"\n<figure class=\"wp-block-image size-full\"><img loading=\"lazy\" decoding=\"async\" width=\"174\" height=\"60\" src=\"http:\/\/amplitudmodulada.com.ar\/wp-content\/uploads\/2024\/01\/630-e1704586384620.png\" alt=\"\" class=\"wp-image-115\"\/><\/figure>\n\n\n\n<p>LS5 Radio Rivadavia introdujo cambios en la grilla de programaci\u00f3n que pondr\u00e1 al aire a partir del mes de agosto. La novedad m\u00e1s importante es la vuelta del ciclo de salud &#8220;Salud 630&#8221;, con Claudio Zin.<\/p>\n\n\n\n<p>La grilla de programaci\u00f3n de los domingos de Radio Rivadavia ser\u00e1 la siguiente:<\/p>\n\n\n\n<p>\u00b7 De 6.00 A 9.00 horas: &#8220;Un D\u00eda de Estos&#8221;, con Jorge Pizarro.<\/p>\n\n\n\n<p>\u00b7 De 9.00 a 12.00 horas: &#8220;Si Pasa, Pasa&#8221;, con Ignacio Ortelli.<\/p>\n\n\n\n<p>\u00b7 De 12.00 a 14.00 horas: &#8220;Salud 630&#8221;, con Claudio Zin.<\/p>\n\n\n\n<p>\u00b7 De 14.00 a 16.00 horas: &#8220;Podcasts Rivadavia&#8221;.<\/p>\n\n\n\n<p>\u00b7 De 16.00 a 17.00 horas: &#8220;Nueva Normalidad&#8221;, con Lucas Morando.<\/p>\n\n\n\n<p>\u00b7 De 17.00 a 20.00 horas: &#8220;Somos Nosotros&#8221;, con Guillermo Willy Kohan.<\/p>\n\n\n\n<p>\u00b7 De 20.00 a 22.00 horas: &#8220;Contacto Digital&#8221;, con Alejandro Alfie.<\/p>\n\n\n\n<p>\u00b7 De 22.00 a 23.00 horas: &#8220;\u00cdntimamente&#8221;, con Alejandra Rubio.<\/p>\n\n\n\n<p>Fuente: <a href=\"http:\/\/www.lanacion.com.ar\" data-type=\"link\" data-id=\"www.lanacion.com.ar\" target=\"_blank\" rel=\"noreferrer noopener\">www.lanacion.com.ar<\/a> | Ciudad Aut\u00f3noma de Buenos Aires | 06.08.24<\/p>\n","protected":false},"excerpt":{"rendered":"<p>LS5 Radio Rivadavia introdujo cambios en la grilla de programaci\u00f3n que pondr\u00e1 al aire a partir del mes de agosto. La novedad m\u00e1s importante es la vuelta del ciclo de salud &#8220;Salud 630&#8221;, con Claudio Zin. La grilla de programaci\u00f3n de los domingos de Radio Rivadavia ser\u00e1 la siguiente: \u00b7 De 6.00 A 9.00 horas: &hellip; <a href=\"https:\/\/amplitudmodulada.com.ar\/index.php\/noticia13301\/\" class=\"more-link\">Continu\u00e1 leyendo <span class=\"screen-reader-text\">Radio Rivadavia cambia su grilla de programaci\u00f3n de los domingos<\/span><\/a><\/p>\n","protected":false},"author":1,"featured_media":0,"parent":0,"menu_order":0,"comment_status":"closed","ping_status":"closed","template":"","meta":{"footnotes":""},"class_list":["post-4614","page","type-page","status-publish","hentry"],"_links":{"self":[{"href":"https:\/\/amplitudmodulada.com.ar\/index.php\/wp-json\/wp\/v2\/pages\/4614","targetHints":{"allow":["GET"]}}],"collection":[{"href":"https:\/\/amplitudmodulada.com.ar\/index.php\/wp-json\/wp\/v2\/pages"}],"about":[{"href":"https:\/\/amplitudmodulada.com.ar\/index.php\/wp-json\/wp\/v2\/types\/page"}],"author":[{"embeddable":true,"href":"https:\/\/amplitudmodulada.com.ar\/index.php\/wp-json\/wp\/v2\/users\/1"}],"replies":[{"embeddable":true,"href":"https:\/\/amplitudmodulada.com.ar\/index.php\/wp-json\/wp\/v2\/comments?post=4614"}],"version-history":[{"count":2,"href":"https:\/\/amplitudmodulada.com.ar\/index.php\/wp-json\/wp\/v2\/pages\/4614\/revisions"}],"predecessor-version":[{"id":4617,"href":"https:\/\/amplitudmodulada.com.ar\/index.php\/wp-json\/wp\/v2\/pages\/4614\/revisions\/4617"}],"wp:attachment":[{"href":"https:\/\/amplitudmodulada.com.ar\/index.php\/wp-json\/wp\/v2\/media?parent=4614"}],"curies":[{"name":"wp","href":"https:\/\/api.w.org\/{rel}","templated":true}]}}